{"id":1056,"date":"2019-08-17T09:26:56","date_gmt":"2019-08-17T09:26:56","guid":{"rendered":"http:\/\/historisches-kirchhellen.de\/?page_id=1056"},"modified":"2021-06-14T21:40:40","modified_gmt":"2021-06-14T19:40:40","slug":"adressbuch-1914-overhagen","status":"publish","type":"page","link":"https:\/\/historisches-kirchhellen.de\/?page_id=1056","title":{"rendered":"Adressbuch 1914 &#8211; Overhagen"},"content":{"rendered":"\n<figure class=\"wp-block-table aligncenter is-style-stripes\"><table><tbody><tr><td>1<\/td><td>Kuhlmann, Theodor<\/td><td>Kuhlmann, Theodor, Landwirt <br>Kuhlmann, Bernhard, Landwirt  <br>Hemmer, Joseph, Knecht  <br>Gahlen, Theodor, Knecht <\/td><td>Lippweg 22<\/td><\/tr><tr><td>1\/2<\/td><td>Ellinghorst, Johann<\/td><td>Ellinghorst, Johann, K\u00f6tter <br>Ellinghorst, Heinrich, Schneidergehilfe <\/td><td>Lippweg 58<\/td><\/tr><tr><td>2<\/td><td>Rommeswinkel, Ww. Johann<\/td><td>Rommeswinkel, Ww. Johann <br>Rommeswinkel, Theodor, Schneider  <br>Rommeswinkel, Johann <br>Soppe, Johann, Bahnarbeiter <\/td><td>Lippweg 20<\/td><\/tr><tr><td>3<\/td><td>Klapheck, Franz<\/td><td>Klapheck, Franz, Landwirt <br>Lanfermann, Katharina, Magd <\/td><td>Lippweg 10<\/td><\/tr><tr><td>5<\/td><td>Riesener, Heinrich<\/td><td>Riesener, Heinrich, K\u00f6tter <br>Riesener, Wilhelm, Maurer  <br>Riesener, Theodor, Arbeiter <\/td><td>Pelsstra\u00dfe 20<\/td><\/tr><tr><td>6<\/td><td>Dahlmann, Theodor<\/td><td>Dahlmann, Theodor, Landwirt <br>Grewer, Johann, Knecht <\/td><td>Am Dahlberg 6<\/td><\/tr><tr><td>7<\/td><td>Passier, Bernhard<\/td><td>Passier, Bernhard, Bergmann <br>Passier, Johann, Knecht  <br>Passier, Theodor, Ackergehilfe <\/td><td>Am Dahlberg 7<\/td><\/tr><tr><td>8<\/td><td>Ketteler, Anton<\/td><td>Ketteler, Anton, Ackerer<br>Igelb\u00fcscher, Maria, Magd <\/td><td>Am Dahlberg 8<\/td><\/tr><tr><td>9<\/td><td>Witthoff, Anton<\/td><td>Witthoff, Anton, Landwirt <br>H\u00fclsken, Ww. Joseph&nbsp;  <br>Feldermann, Johann, Knecht  <br>Gesenhaus, Christine, Magd <\/td><td>Auf der H\u00f6he 9<\/td><\/tr><tr><td>10<\/td><td>Umberg, Johann<\/td><td>Umberg, Johann, Landwirt <br>Umberg, Johann, Landwirtschaftsgehilfe  <br>Umberg, Theodor, Studiosus  <br>Meiering, Wilhelmine, Magd  <br>Brocks, Bernhard, Knecht <\/td><td>Overhagener Feld 10<\/td><\/tr><tr><td>11<\/td><td>Hagemann, Joseph<\/td><td>Hagemann, Joseph, Landwirt <br>Strangemann, Gertrud, Magd <\/td><td>Overhagener Feld 11<\/td><\/tr><tr><td>12<\/td><td>Mues, Wilhelm<\/td><td>Mues, Wilhelm, Holzschuhmacher <br>Dehling, Alois, Bahnarbeiter <\/td><td>M\u00fchlenpatt 12<\/td><\/tr><tr><td>13<\/td><td>Enbergs, Johann<\/td><td>Poertgen, Heinrich, Landwirt <br>Vaut, Heinrich, Verwalter <\/td><td>M\u00fchlenpatt 13<\/td><\/tr><tr><td>14<\/td><td>Rechmann, Heinrich<\/td><td>Rechmann, Heinrich, Landwirt<br>Rechmann, Heinrich Theodor, Landwirtschaftsgehilfe <br>Rechmann, Theodor, Ackergehilfe<\/td><td>Adelsbredde 14<\/td><\/tr><tr><td>16<\/td><td>Baukholt, Johann<\/td><td>Baukholt, Johann, Landwirt<br>Baukholt, Theodor, Ackerer  <br>Baukholt, Johann, Ackerer  <br>Berger, Anna, Haush\u00e4lterin <\/td><td>Dorstener Stra\u00dfe 16<\/td><\/tr><tr><td>17<\/td><td>Bu\u00dfmann, Johann<\/td><td>Bu\u00dfmann, Johann, Landwirt <br>Bu\u00dfmann, Johann, Ackerer  <br>Bu\u00dfmann, Joseph, Ackerer <\/td><td>Dorstener Stra\u00dfe 17<\/td><\/tr><tr><td>18<\/td><td>Rommeswinkel, Theodor<\/td><td>Rommeswinkel, Theodor,   Tagel\u00f6hner <br>Rommeswinkel, Johann Theodor, Bergmann  <br>Rommeswinkel, Johann, Holzschuhmacher <\/td><td>Feldhausener Stra\u00dfe 119<\/td><\/tr><tr><td>19<\/td><td>Tiemann, Heinrich<\/td><td>Tiemann, Heinrich, Bergmann <br>Tiemann, Theodor, Bergmann <\/td><td>Feldhausener Stra\u00dfe 120<\/td><\/tr><tr><td>19\/1<\/td><td>Rexforth, Wilhelm<\/td><td>Rexforth, Wilhelm, Bergmann <br>Schumacher gnt. Prinz, Anton, Bergmann <\/td><td>Lippweg 103<\/td><\/tr><tr><td>20<\/td><td>Kleine-Allekotte, Theodor<\/td><td>Kibben, Ww. Heinrich, P\u00e4chterin <br>Kleine-Allekotte, Theodor,   Landwirt <\/td><td>Lippweg 121<\/td><\/tr><tr><td>20\/1<\/td><td>Bone, Alois<\/td><td>Bone, Alois, Bergmann <br>Bone, Wilhelm, Bahnarbeiter  <br>Bone, Alois, Bergmann <\/td><td>Am Hagelkreuz 30<\/td><\/tr><tr><td>20\/2<\/td><td>Sch\u00e4per, Heinrich<\/td><td>Sch\u00e4per, Heinrich, Bergmann<\/td><td>Auf dem Schimmel 20\/2<\/td><\/tr><tr><td>20\/3<\/td><td>Tiemann, Johann<\/td><td>Tiemann, Johann, Bergmann<br>Heisterkamp, Joseph, Bergmann <\/td><td>Am Hagelkreuz 24<\/td><\/tr><tr><td>22<\/td><td>Graf Wolff-Metternich&nbsp;<\/td><td>Reinersmann, Heinrich, F\u00f6rster<\/td><td>Dorstener Stra\u00dfe 22<\/td><\/tr><tr><td>23<\/td><td>Graf Wolff-Metternich<\/td><td>Kozaczyk, Johann, Bergmann<\/td><td>Hackfurthstra\u00dfe 203<\/td><\/tr><tr><td>24<\/td><td>Graf Wolff-Metternich<\/td><td>Beisenbusch, Johann, Ackerer  <br>Beisenbusch, Johann, Ackergehilfe  <br>Beisenbusch, Heinrich, Ackergehilfe <\/td><td>Hackfurthstra\u00dfe 205<\/td><\/tr><tr><td>25<\/td><td>Rockholt, Theodor<\/td><td>Heuger, Heinrich, Ackerer<\/td><td>Waldstra\u00dfe 25<\/td><\/tr><tr><td>25\/1<\/td><td>Hasebrink, Wilhelm<\/td><td>Hasebrink, Wilhelm, Schreiner <br>Menting, Johannes, Knecht  <br>Wenzel, Wilhelm, Hauer  <br>Fierle, Andreas, Maurer <\/td><td>Am Hagelkreuz 9<\/td><\/tr><tr><td>25\/2<\/td><td>Braukmann, Johann<\/td><td>N\u00fcchter, Joseph, Invalide<\/td><td>Am Hagelkreuz 11<\/td><\/tr><tr><td>26<\/td><td>Sch\u00e4per, Theodor<\/td><td>Sch\u00e4per, Theodor, Maurer<\/td><td>Am Hagelkreuz 12<\/td><\/tr><tr><td>26\/1<\/td><td>Dieckmann, Bernhard<\/td><td>Dieckmann, Bernhard, Bergmann <br>Bennemann, Heinrich, Bergmann <\/td><td>H\u00f6henweg 1<\/td><\/tr><tr><td>26\/2<\/td><td>Wei\u00df, Heinrich<\/td><td>Hollender, Klemens, Holzarbeiter<\/td><td>Am Hagelkreuz 26<\/td><\/tr><tr><td>27<\/td><td>Appelhoff, Wilhelm<\/td><td>Appelhoff, Wilhelm, Zechenschmied  <br>Witulski, Johann, Hauer  <br>Hinsken, Heinrich, Bergmann <\/td><td>Tappenhof 87<\/td><\/tr><tr><td>28<\/td><td>Friedhoff, Bernhard<\/td><td>Friedhoff, Bernhard, Bergmann <br>Beukmann, Heinrich, Bergmann <\/td><td>Brabecker Feld 28<\/td><\/tr><tr><td>28\/0<\/td><td>L\u00f6ns, Theodor<\/td><td>L\u00f6ns, Theodor, Bergmann<\/td><td>Brabecker Feld 31<\/td><\/tr><tr><td>29<\/td><td>Graf Wolff-Metternich<\/td><td>Steinmann, Johann, Gutsp\u00e4chter <br>Heilkenbrinker, Bernhard, Knecht  <br>Pl\u00e4ster, Gertrud, Magd <\/td><td>Brabecker Feld 27<\/td><\/tr><tr><td>30<\/td><td>M\u00f6hlen, Johann<\/td><td>M\u00f6hlen, Johann, Landwirt<\/td><td>Rentforter Stra\u00dfe 94<\/td><\/tr><tr><td>30\/1<\/td><td>Fockenberg, Bernhard<\/td><td>Fockenberg, Bernhard, Bergmann<\/td><td>Brabecker Weg 68<\/td><\/tr><tr><td>31<\/td><td>Riesener, Bernhard<\/td><td>Riesener, Bernhard, Restaur.<br>Riesener, Theodor, Amtsbauf\u00fchrer  <br>Riesener, Wilhelm, Techniker <\/td><td>Kirchhellener Stra\u00dfe 335 (Gladbeck)<\/td><\/tr><tr><td>31\/1<\/td><td>Wiethege, Franz<\/td><td>Wiethege, Franz, Bergmann <br><\/td><td>Brabecker Weg 36<\/td><\/tr><tr><td>33\/1<\/td><td>Blotenkamp, Ww. Johann<\/td><td>Blotenkamp, Ww. Johann<br>Blotenkamp, Theodor, Bergmann  <br>Blotenkamp, Johann, Bergmann  <\/td><td>Schnepfenweg 10 <\/td><\/tr><tr><td>33\/2<\/td><td>Fahnenbruck, Joseph<\/td><td>Fahnenbruck, Joseph, K\u00f6tter<br>Kellermann, Johann, Bergmann <\/td><td>Hoheheideweg 112<\/td><\/tr><tr><td>33\/3<\/td><td>Rusiak, Peter<\/td><td>Rusiak, Peter, Bergmann<\/td><td>Hoheheideweg 127<\/td><\/tr><tr><td>34<\/td><td>B\u00fcsken, Hermann<\/td><td>B\u00fcsken, Hermann, Bergmann<br>B\u00fcsken, Heinrich, Bauunternehmer  <br>B\u00fcsken, Hermann, Bergmann<br>Gallina, Joseph, Bergmann <\/td><td>Burenbrock 34<\/td><\/tr><tr><td>35<\/td><td>Eulering, Wilhelm<\/td><td>Eulering, Wilhelm, K\u00f6tter und Wirt <br>Rosing, Alois, K\u00fcster und Organist <\/td><td>Bottroper Stra\u00dfe 157<\/td><\/tr><tr><td>35\/1<\/td><td>Wei\u00df, Bernhard<\/td><td>Wei\u00df, Bernhard, Holzarbeiter<br>Wei\u00df, Theodor, Holzarbeiter  <br>Wei\u00df, Bernhard, Maurer  <br>Keizers, Johann, Bergmann <\/td><td>T\u00f6fflinger Stra\u00dfe 35\/1<\/td><\/tr><tr><td>35\/2<\/td><td>Fahnenbruck, Heinrich<\/td><td>Fahnenbruck, Heinrich, Bahnw\u00e4rter <br>Fahnenbruck, Johann Peter, Ackergehilfe <\/td><td>T\u00f6fflinger Stra\u00dfe 35\/2<\/td><\/tr><tr><td>36<\/td><td>Keizers, Johann<\/td><td>Keizers, Johann, Bergmann <br>Keizers, Johann, Bergmann  <br>Keizers, Heinrich, Handlanger <\/td><td>Bottroper Stra\u00dfe 145<\/td><\/tr><tr><td>36\/0<\/td><td>Fockenberg, Johann<\/td><td>Fockenberg, Johann, Maurer <br>Fockenberg, Bernhard, Maurer  <br>Fockenberg, Joseph, Maurer <\/td><td>Bottroper Stra\u00dfe 143<\/td><\/tr><tr><td>36\/1<\/td><td>Jandewerth, Theodor<\/td><td>Jandewerth, Theodor,\n  Zechenschmied<\/td><td>Bottroper Stra\u00dfe 125<\/td><\/tr><tr><td>36\/2<\/td><td>Liesenklas, Heinrich<\/td><td>Liesenklas, Heinrich, Holzh\u00e4ndler <br>Liesenklas, Heinrich, Holzh\u00e4ndler <\/td><td>Bottroper Stra\u00dfe 141<\/td><\/tr><tr><td>37<\/td><td>Thyssen &amp; Co.&nbsp;<\/td><td>Dierichs, Peter, K\u00f6tter<\/td><td>Hoheheideweg 37<\/td><\/tr><tr><td>38<\/td><td>Thyssen &amp; Co.<\/td><td>Br\u00fcning, Anton, P\u00e4chter <br>Wieschus, Franz, K\u00f6tter <\/td><td>Rentforter Stra\u00dfe 78<\/td><\/tr><tr><td>39<\/td><td>Fockenberg, Johann<\/td><td>Fockenberg, Johann, K\u00f6tter<\/td><td>Rentforter Stra\u00dfe 76<\/td><\/tr><tr><td>40<\/td><td>Allk\u00e4mper, Johann<\/td><td>Allk\u00e4mper, Johann, Maurer <br>Schlagkamp, Theodor, Wagenmontierer <\/td><td>Rentforter Stra\u00dfe 73<\/td><\/tr><tr><td>40\/1<\/td><td>Stratmann, Heinrich<\/td><td>Stratmann, Heinrich, Bergmann<\/td><td>Schlagkamp 40\/1<\/td><\/tr><tr><td>41<\/td><td>Janknecht, Bernhard<\/td><td>Janknecht, Bernhard,   Bahnarbeiter <br>Janknecht, Heinrich<\/td><td>Schlagkamp 41<\/td><\/tr><tr><td>41\/1<\/td><td>Gertz, Johann<\/td><td>Gertz, Johann, Bergmann <br>Fiele, Peter, Schmied  <br>Jansen, Johann, Bergmann <\/td><td>Rentforter Stra\u00dfe 59<\/td><\/tr><tr><td>42<\/td><td>Vo\u00dfbeck, Heinrich<\/td><td>Vo\u00dfbeck, Heinrich, Bergmann<\/td><td>Tappenhof 16<\/td><\/tr><tr><td>42\/1<\/td><td>Eikenkamp, Johann<\/td><td>Eikenkamp, Johann, Holzschuhmacher <br>Eikenkamp, Heinrich, Holzschuhmacher <\/td><td>Theo-Kleppe-Weg 9<\/td><\/tr><tr><td>42\/2<\/td><td>Langweg, Bernhard<\/td><td>H\u00f6vel, Hermann, Bergmann <br>Schl\u00f6\u00dfer, Everhard, Bergmann<br>Niesing, Heinrich, Knecht  <\/td><td>Tappenhof 41<\/td><\/tr><tr><td>43<\/td><td>Diercks, Peter<\/td><td>Wittholt, Johann, Bergmann <br>M\u00f6llers, Bernhard, Telegr.-Arbeiter <\/td><td>Im Breil, Ecke Tappenhof<\/td><\/tr><tr><td>44<\/td><td>Rickert, Theodor<\/td><td>R\u00fcdel, Johann, Bergmann<\/td><td>Im Breil 44<\/td><\/tr><tr><td>44\/1<\/td><td>Vo\u00dfbeck, Wilhelm<\/td><td>Vo\u00dfbeck, Wilhelm, Maurer <br>Vo\u00dfbeck, Johann, Maurer  <br>Br\u00fcner, Wilhelm, Anstreicher <\/td><td>Im Breil 42<\/td><\/tr><tr><td>45<\/td><td>Pl\u00e4ster, Johann<\/td><td>Pl\u00e4ster, Johann, Maurer<\/td><td>Tappenhof 36<\/td><\/tr><tr><td>46<\/td><td>Schumacher, Heinrich<\/td><td>Schumacher, Heinrich, Landwirt<\/td><td>Im Breil 46<\/td><\/tr><tr><td>47<\/td><td>Friedhoff, Wilhelm<\/td><td>Friedhoff, Wilhelm, Ackerer<\/td><td>Tappenhof 75<\/td><\/tr><tr><td>48<\/td><td>Eggendorf, Johann<\/td><td>Eggendorf, Johann, Landwirt <br>B\u00f6ckmann, Johann, Knecht <\/td><td>In den H\u00f6fen 48<\/td><\/tr><tr><td>49<\/td><td>Appelhoff, Ww. Heinrich<\/td><td>Appelhoff, Ww. Heinrich&nbsp; <br>Appelhoff, Theodor, K\u00f6tter <\/td><td><a href=\"http:\/\/historisches-kirchhellen.de\/?page_id=1581\">In den H\u00f6fen 49<\/a><\/td><\/tr><tr><td>50<\/td><td>Bornemann, Johann<\/td><td>Bornemann, Johann, Landwirt<br>Bornemann, Theodor, Landwirt <\/td><td><a href=\"http:\/\/historisches-kirchhellen.de\/?page_id=1586\">Hackfurthstra\u00dfe 130<\/a><\/td><\/tr><tr><td>51<\/td><td>Sch\u00e4per, Johann<\/td><td>Sch\u00e4per, Johann, Landwirt<\/td><td><a href=\"http:\/\/historisches-kirchhellen.de\/?page_id=1589\">In den H\u00f6fen<\/a><\/td><\/tr><tr><td>52<\/td><td>Niewerth, Theodor<\/td><td>Niewerth, Theodor, Bahnarbeiter<\/td><td>Tappenhof 60<\/td><\/tr><tr><td>53<\/td><td>Brinkert, Johann<\/td><td>Brinkert, Johann, Bergmann<\/td><td>Bohnekamp 53<\/td><\/tr><tr><td>54<\/td><td>Fallb\u00f6hmer, Bernhard<\/td><td>Fallb\u00f6hmer, Bernhard, Tagel\u00f6hner<\/td><td>Im Breil 54<\/td><\/tr><tr><td>55<\/td><td>Ovelg\u00fcnne, Johann<\/td><td>Ovelg\u00fcnne, Johann, Ackerer  <br>Ovelg\u00fcnne, Heinrich, Gehilfe  <br>Ovelg\u00fcnne, Theodor, Gehilfe <\/td><td><a href=\"http:\/\/historisches-kirchhellen.de\/?page_id=1596\">Hackfurthstra\u00dfe 98<\/a><\/td><\/tr><tr><td>56<\/td><td>M\u00f6ller, Heinrich<\/td><td>M\u00f6ller, Heinrich, K\u00f6tter<\/td><td><a href=\"http:\/\/historisches-kirchhellen.de\/?page_id=1601\">Dorfheide 83<\/a><\/td><\/tr><tr><td>57<\/td><td>Luerweg, Theodor<\/td><td>Luerweg, Theodor,\n  Holzschuhmacher<\/td><td>Bereich Finkenweg<\/td><\/tr><tr><td>58<\/td><td>Hackfurth, Johann<\/td><td>Hackfurth, Johann, Landwirt <br>Hackfurth, Theodor, Ackerer  <br>Gertz, Franziska, Magd  <br>Kleine-Stegemann, Maria, Magd <\/td><td>Hackfurthstra\u00dfe 115<\/td><\/tr><tr><td>60<\/td><td> Luerweg, Franz<\/td><td>Gries, Ww. Georg&nbsp;<br>Gries, Alois, Rangierer <\/td><td>Hackfurthstra\u00dfe 81<\/td><\/tr><tr><td>60\/0<\/td><td>Hippers, Heinrich<\/td><td>Hippers, Heinrich, Schreiner<\/td><td>Dorfheide 92<\/td><\/tr><tr><td>60\/1<\/td><td>Pr\u00e4hler, Valentin<\/td><td>Pr\u00e4hler, Valentin, Weichensteller <br>Bieroth, Christian, Handlanger <\/td><td>Hackfurthstra\u00dfe 78<\/td><\/tr><tr><td>61<\/td><td>K\u00f6rner, Paul<\/td><td>G\u00fcdding, Johann, Fuhrmann<\/td><td>Horsthofstra\u00dfe 51<\/td><\/tr><tr><td>61\/0<\/td><td>K\u00f6rner, Ww. Joseph<\/td><td>K\u00f6rner, Ww. Joseph&nbsp; <br>K\u00f6rner, Ludwig, Kaufmann <\/td><td>Horsthofstra\u00dfe 21<\/td><\/tr><tr><td>61\/1<\/td><td>K\u00f6rtling, Heinrich<\/td><td>K\u00f6rtling, Heinrich, Bahnsteigschaffner <br>Hagedorn, Heinrich, Bergmann <\/td><td>Horsthofstra\u00dfe 48<\/td><\/tr><tr><td>62<\/td><td>Eikenkamp, Johann<\/td><td>Eikenkamp, Johann,   Holzschuhmacher  <br>Eikenkamp, Theodor, Bahnarbeiter <\/td><td>Horsthofstra\u00dfe 27<\/td><\/tr><tr><td>63<\/td><td>Preuthen, Gustav <\/td><td>Preuthen, Gustav, Eisenbahngehilfe  <br>B\u00f6ddeker, Ferdinand, Weichensteller  <\/td><td>Horsthofstra\u00dfe 50 <\/td><\/tr><\/tbody><\/table><\/figure>\n","protected":false},"excerpt":{"rendered":"<p>1 Kuhlmann, Theodor Kuhlmann, Theodor, Landwirt Kuhlmann, Bernhard, Landwirt Hemmer, Joseph, Knecht Gahlen, Theodor, Knecht Lippweg 22 1\/2 Ellinghorst, Johann Ellinghorst, Johann, K\u00f6tter Ellinghorst, Heinrich, &hellip; <\/p>\n","protected":false},"author":1,"featured_media":0,"parent":1044,"menu_order":5,"comment_status":"closed","ping_status":"closed","template":"","meta":{"_acf_changed":false,"footnotes":""},"class_list":["post-1056","page","type-page","status-publish","hentry"],"acf":[],"jetpack_sharing_enabled":true,"_links":{"self":[{"href":"https:\/\/historisches-kirchhellen.de\/index.php?rest_route=\/wp\/v2\/pages\/1056","targetHints":{"allow":["GET"]}}],"collection":[{"href":"https:\/\/historisches-kirchhellen.de\/index.php?rest_route=\/wp\/v2\/pages"}],"about":[{"href":"https:\/\/historisches-kirchhellen.de\/index.php?rest_route=\/wp\/v2\/types\/page"}],"author":[{"embeddable":true,"href":"https:\/\/historisches-kirchhellen.de\/index.php?rest_route=\/wp\/v2\/users\/1"}],"replies":[{"embeddable":true,"href":"https:\/\/historisches-kirchhellen.de\/index.php?rest_route=%2Fwp%2Fv2%2Fcomments&post=1056"}],"version-history":[{"count":0,"href":"https:\/\/historisches-kirchhellen.de\/index.php?rest_route=\/wp\/v2\/pages\/1056\/revisions"}],"up":[{"embeddable":true,"href":"https:\/\/historisches-kirchhellen.de\/index.php?rest_route=\/wp\/v2\/pages\/1044"}],"wp:attachment":[{"href":"https:\/\/historisches-kirchhellen.de\/index.php?rest_route=%2Fwp%2Fv2%2Fmedia&parent=1056"}],"curies":[{"name":"wp","href":"https:\/\/api.w.org\/{rel}","templated":true}]}}