{"id":1172,"date":"2019-09-01T12:59:26","date_gmt":"2019-09-01T12:59:26","guid":{"rendered":"http:\/\/historisches-kirchhellen.de\/?page_id=1172"},"modified":"2019-09-01T12:59:27","modified_gmt":"2019-09-01T12:59:27","slug":"kreuzigungsgruppe-am-hof-hoffterheide","status":"publish","type":"page","link":"https:\/\/historisches-kirchhellen.de\/?page_id=1172","title":{"rendered":"Kreuzigungsgruppe am Hof Hoffterheide"},"content":{"rendered":"\n<p>Am Zufahrtsweg von der M\u00fcnsterstra\u00dfe zum Hof Hoffterheide &#8211; Bellendorf &#8211; steht unweit des fr\u00fcheren adeligen Gutes s\u00fcdlich des Weges diese Kreuzigungsgruppe, von B\u00e4umen umstanden. Das Kreuz steht auf heutigem Dorstener Gebiet.<\/p>\n\n\n\n<p>Auf dem Sandsteinsockel befindet sich eine barocke Kartusche mit folgendem Gebet: <\/p>\n\n\n\n<p><em>O Herr Xie (= Christie) drc (= durch) die allerbittersten Schmertzen welche Du am Stamm des h. Creuzes gelitten hast in Sonderheit als Deine allerheiligste Seele von Deinem Gebenedeiten Leib ist abgeschieden erbarme Diech \u00fcber meine s\u00fcndige Seel wan sie von meinen Leib wird Apscheiden namen (= Abschied nehmen).<\/em><\/p>\n\n\n\n<p>Die Jahreszahl 1721 sagt etwas \u00fcber die Errichtung der Gruppe aus. Die Figuren von Maria und Johannes, je etwa 160 cm gro\u00df, haben eine stark bewegte Haltung, wie es bei Barockstatuen nicht anders sein kann. Heute wei\u00df niemand, was zur Errichtung der Gruppe gef\u00fchrt haben k\u00f6nnte. Die Fertigung dieser drei nicht kleinen Sandsteinfiguren auf dem m\u00e4chtigen Sockel war sicherlich eine kostspielige Angelegenheit, sodass sich die Frage erhebt, ob die Errichtung noch in die \u201eadelige\u201c Zeit des Gutes gefallen ist. Der Hof ist n\u00e4mlich, wie bereits erw\u00e4hnt, ein altes Adelsgut gewesen. Es geh\u00f6rte dem Geschlecht \u201evon der Heiden Rynsch\u201c. 1583 verkaufte Bernhard von der Heyden gen. Rynsch das Gut an die Eigent\u00fcmer des Hauses Dringenburg in Kirchhellen, die Eheleute Schall von Bell. Die sp\u00e4teren Eigent\u00fcmer, die Eheleute von Kouthen, &#8211; und damit wohl auch Eigent\u00fcmer des Rynschen Hofes &#8211; hatten ihn von 1704 bis 1736 im Besitz. 1721 entstand die Kreuzigungsgruppe. Somit k\u00f6nnten sie die Stifter der Gruppe gewesen sein. Die Zeitverh\u00e4ltnisse h\u00e4tten dies zulassen k\u00f6nnen, denn der Spanische Erbfolgekrieg, der unserer Heimat arge Drangsale gebracht hatte, lag bereits acht Jahre zur\u00fcck. 1972 wurde das Denkmal, dem Umwelteinfl\u00fcsse arg zugesetzt hatten, unter Aufsicht des Denkmalamtes gr\u00fcndlich restauriert. Das Denkmal wird in \u201eDie Kunstdenkm\u00e4ler des Landkreises Recklinghausen . . .\u201c vom Jahre 1929 in vier Zeilen erw\u00e4hnt und ist abgebildet. Das beweist seinen k\u00fcnstlerischen Rang.<\/p>\n\n\n\n<p><em>Textquelle: abge\u00e4ndert nach Schriftenreihe Nr. 19 des Vereins f\u00fcr Orts- und Heimatkunde Kirchhellen<\/em><\/p>\n","protected":false},"excerpt":{"rendered":"<p>Am Zufahrtsweg von der M\u00fcnsterstra\u00dfe zum Hof Hoffterheide &#8211; Bellendorf &#8211; steht unweit des fr\u00fcheren adeligen Gutes s\u00fcdlich des Weges diese Kreuzigungsgruppe, von B\u00e4umen umstanden. &hellip; <\/p>\n","protected":false},"author":1,"featured_media":0,"parent":118,"menu_order":7,"comment_status":"closed","ping_status":"closed","template":"","meta":{"_acf_changed":false,"footnotes":""},"class_list":["post-1172","page","type-page","status-publish","hentry"],"acf":[],"jetpack_sharing_enabled":true,"_links":{"self":[{"href":"https:\/\/historisches-kirchhellen.de\/index.php?rest_route=\/wp\/v2\/pages\/1172","targetHints":{"allow":["GET"]}}],"collection":[{"href":"https:\/\/historisches-kirchhellen.de\/index.php?rest_route=\/wp\/v2\/pages"}],"about":[{"href":"https:\/\/historisches-kirchhellen.de\/index.php?rest_route=\/wp\/v2\/types\/page"}],"author":[{"embeddable":true,"href":"https:\/\/historisches-kirchhellen.de\/index.php?rest_route=\/wp\/v2\/users\/1"}],"replies":[{"embeddable":true,"href":"https:\/\/historisches-kirchhellen.de\/index.php?rest_route=%2Fwp%2Fv2%2Fcomments&post=1172"}],"version-history":[{"count":0,"href":"https:\/\/historisches-kirchhellen.de\/index.php?rest_route=\/wp\/v2\/pages\/1172\/revisions"}],"up":[{"embeddable":true,"href":"https:\/\/historisches-kirchhellen.de\/index.php?rest_route=\/wp\/v2\/pages\/118"}],"wp:attachment":[{"href":"https:\/\/historisches-kirchhellen.de\/index.php?rest_route=%2Fwp%2Fv2%2Fmedia&parent=1172"}],"curies":[{"name":"wp","href":"https:\/\/api.w.org\/{rel}","templated":true}]}}