{"id":1174,"date":"2019-09-01T13:02:00","date_gmt":"2019-09-01T13:02:00","guid":{"rendered":"http:\/\/historisches-kirchhellen.de\/?page_id=1174"},"modified":"2019-09-01T13:02:00","modified_gmt":"2019-09-01T13:02:00","slug":"schulte-ekels-kapelle","status":"publish","type":"page","link":"https:\/\/historisches-kirchhellen.de\/?page_id=1174","title":{"rendered":"Schulte Ekels Kapelle"},"content":{"rendered":"\n<p>Unmittelbar an der M\u00fcnsterstra\u00dfe liegt auf ehemaligem Kirchhellener und heutigem Dorstener Gebiet der Hof Schulte Ekel (sp\u00e4ter Peveling), der bereits in \u00e4ltesten Urkunden erw\u00e4hnt wurde. Der Namensbestandteil Schulte weist auf die besondere Bedeutung des Hofbesitzers f\u00fcr den Ortsteil Ekel hin. Hier wohnte der Schulthei\u00df, der Vorsteher der Bauerschaft. Schulte Ekels Kapelle stand an der Ostseite der Stra\u00dfe am Nordende des Hausgartens und war von beachtlicher Gr\u00f6\u00dfe. Es handelte sich um einen viereckigen, verputzten Ziegelbau, der an den Ecken St\u00fctzpfeiler besa\u00df. Er hatte Stufengiebel und seitliche Spitzbogenfenster, diese bunt verglast. Das Satteldach war spitz, der Eingang zweit\u00fcrig. Das Innere zierte ein Holzaltar, der auf Ornamentfliesen stand. In der Nische des Altaraufsatzes befand sich eine farbige Gipsmadonna. Diese Kapelle ist 1907 errichtet worden. Sie ersetzte eine \u00e4ltere, bauf\u00e4llig gewordene, \u00fcber die weiter nichts bekannt ist. Als 1972 die B 223 erweitert und ausgebaut wurde, musste die Kapelle weichen. <\/p>\n\n\n\n<figure class=\"wp-block-image\"><img loading=\"lazy\" decoding=\"async\" width=\"683\" height=\"1024\" src=\"http:\/\/historisches-kirchhellen.de\/wp-content\/uploads\/2019\/09\/05731-683x1024.jpg\" alt=\"\" class=\"wp-image-1175\" srcset=\"https:\/\/historisches-kirchhellen.de\/wp-content\/uploads\/2019\/09\/05731-683x1024.jpg 683w, https:\/\/historisches-kirchhellen.de\/wp-content\/uploads\/2019\/09\/05731-200x300.jpg 200w, https:\/\/historisches-kirchhellen.de\/wp-content\/uploads\/2019\/09\/05731-768x1152.jpg 768w\" sizes=\"auto, (max-width: 683px) 100vw, 683px\" \/><\/figure>\n\n\n\n<p><em>Textquelle: abge\u00e4ndert nach Schriftenreihe Nr. 19 des Vereins f\u00fcr Orts- und Heimatkunde Kirchhellen<\/em><\/p>\n","protected":false},"excerpt":{"rendered":"<p>Unmittelbar an der M\u00fcnsterstra\u00dfe liegt auf ehemaligem Kirchhellener und heutigem Dorstener Gebiet der Hof Schulte Ekel (sp\u00e4ter Peveling), der bereits in \u00e4ltesten Urkunden erw\u00e4hnt wurde. &hellip; <\/p>\n","protected":false},"author":1,"featured_media":0,"parent":118,"menu_order":6,"comment_status":"closed","ping_status":"closed","template":"","meta":{"_acf_changed":false,"footnotes":""},"class_list":["post-1174","page","type-page","status-publish","hentry"],"acf":[],"jetpack_sharing_enabled":true,"_links":{"self":[{"href":"https:\/\/historisches-kirchhellen.de\/index.php?rest_route=\/wp\/v2\/pages\/1174","targetHints":{"allow":["GET"]}}],"collection":[{"href":"https:\/\/historisches-kirchhellen.de\/index.php?rest_route=\/wp\/v2\/pages"}],"about":[{"href":"https:\/\/historisches-kirchhellen.de\/index.php?rest_route=\/wp\/v2\/types\/page"}],"author":[{"embeddable":true,"href":"https:\/\/historisches-kirchhellen.de\/index.php?rest_route=\/wp\/v2\/users\/1"}],"replies":[{"embeddable":true,"href":"https:\/\/historisches-kirchhellen.de\/index.php?rest_route=%2Fwp%2Fv2%2Fcomments&post=1174"}],"version-history":[{"count":0,"href":"https:\/\/historisches-kirchhellen.de\/index.php?rest_route=\/wp\/v2\/pages\/1174\/revisions"}],"up":[{"embeddable":true,"href":"https:\/\/historisches-kirchhellen.de\/index.php?rest_route=\/wp\/v2\/pages\/118"}],"wp:attachment":[{"href":"https:\/\/historisches-kirchhellen.de\/index.php?rest_route=%2Fwp%2Fv2%2Fmedia&parent=1174"}],"curies":[{"name":"wp","href":"https:\/\/api.w.org\/{rel}","templated":true}]}}