{"id":118,"date":"2019-05-14T18:27:19","date_gmt":"2019-05-14T18:27:19","guid":{"rendered":"http:\/\/historisches-kirchhellen.de\/?page_id=118"},"modified":"2019-09-22T16:59:22","modified_gmt":"2019-09-22T16:59:22","slug":"wegekreuze","status":"publish","type":"page","link":"https:\/\/historisches-kirchhellen.de\/?page_id=118","title":{"rendered":"Kapellen, Denkm\u00e4ler und Wegekreuze"},"content":{"rendered":"\n<p>In ganz Kirchhellen gab es und gibt es immer noch zahlreiche Denkm\u00e4ler und Wegekreuze. Au\u00dferdem gab es insgesamt f\u00fcnf kleinere Kapellen, wovon noch zwei heute bestehen.<\/p>\n\n\n\n<p><strong>Dorfmitte<\/strong><\/p>\n\n\n\n<ul class=\"wp-block-list\"><li><a href=\"http:\/\/historisches-kirchhellen.de\/?page_id=1196\">Bennings Heiligenh\u00e4uschen, Schulstra\u00dfe<\/a><\/li><li><a href=\"http:\/\/historisches-kirchhellen.de\/?page_id=1199\">Kreuz An der Linde<\/a><\/li><li><a href=\"http:\/\/historisches-kirchhellen.de\/?page_id=1202\">Bleylevens Kreuz, Schulstra\u00dfe<\/a><\/li><li><a href=\"http:\/\/historisches-kirchhellen.de\/?page_id=1205\">Missionskreuz auf dem Kirchplatz<\/a><\/li><li><a href=\"http:\/\/historisches-kirchhellen.de\/?page_id=1208\">L\u00f6bberts Heiligenh\u00e4uschen, Hauptstra\u00dfe<\/a><\/li><li><a href=\"http:\/\/historisches-kirchhellen.de\/?page_id=1210\">Kreuz an der Burgstra\u00dfe<\/a><\/li><li>Brezelbruder und Brezelfamilie, Johann-Breuker-Platz<\/li><li>Ehrenmal, Alter Kirchplatz<\/li><li>Wegekreuz, Vogelsrauh<\/li><\/ul>\n\n\n\n<p><strong>Ekel<\/strong><\/p>\n\n\n\n<ul class=\"wp-block-list\"><li><a href=\"http:\/\/historisches-kirchhellen.de\/?page_id=1172\">Kreuzigungsgruppe am Hof Hoffterheide (heute Dorsten)<\/a><\/li><li><a href=\"http:\/\/historisches-kirchhellen.de\/?page_id=1174\">Schulte Ekels Kapelle (heute Dorsten)<\/a><\/li><li><a href=\"http:\/\/historisches-kirchhellen.de\/?page_id=1177\">Strangemanns Kapelle, M\u00fchlenpatt<\/a><\/li><\/ul>\n\n\n\n<p><strong>Feldhausen<\/strong><\/p>\n\n\n\n<ul class=\"wp-block-list\"><li><a href=\"http:\/\/historisches-kirchhellen.de\/?page_id=1223\">Kreuz Grasedieck, Schlo\u00dfgasse<\/a><\/li><li><a href=\"http:\/\/historisches-kirchhellen.de\/?page_id=1273\">Liborikapelle, Liboriweg<\/a><\/li><li><a href=\"http:\/\/historisches-kirchhellen.de\/?page_id=1225\">Sch\u00f6nstatt-Bildstock auf dem Kuhberg<\/a><\/li><li><a href=\"http:\/\/historisches-kirchhellen.de\/?page_id=1228\">Borgmanns Kreuz, Lohbraucksweg<\/a><\/li><li>Johannes-Nepomuk-Statue, Schlosspark<\/li><li>Glocke auf dem Kirchplatz Feldhausen<\/li><li>Ehrenmal, Kapellenstra\u00dfe<\/li><\/ul>\n\n\n\n<p><strong>Grafenwald<\/strong><\/p>\n\n\n\n<ul class=\"wp-block-list\"><li><a href=\"http:\/\/historisches-kirchhellen.de\/?page_id=1233\">Kreuz bei Lux, Bottroper Stra\u00dfe<\/a><\/li><li><a href=\"http:\/\/historisches-kirchhellen.de\/?page_id=1236\">Defften Kreuz, Sensenfeld<\/a><\/li><li><a href=\"http:\/\/historisches-kirchhellen.de\/?page_id=1239\">Holtforts Kreuz, Sch\u00e4ferweg<\/a><\/li><li><a href=\"http:\/\/historisches-kirchhellen.de\/?page_id=1242\">Rosings Kreuz, Schneiderstra\u00dfe<\/a><\/li><li><a href=\"http:\/\/historisches-kirchhellen.de\/?page_id=1244\">Kreuz am Kirchplatz<\/a><\/li><li><a href=\"http:\/\/historisches-kirchhellen.de\/?page_id=1247\">Sch\u00f6nstatt-Madonna am Kirchplatz<\/a><\/li><li><a href=\"http:\/\/historisches-kirchhellen.de\/?page_id=1249\">Franziskus-Statue am Kirchplatz<\/a><\/li><li><a href=\"http:\/\/historisches-kirchhellen.de\/?page_id=1255\">Brinkerts Kreuz, Alter Postweg<\/a><\/li><li><a href=\"http:\/\/historisches-kirchhellen.de\/?page_id=1258\">Kreuz am ehemaligen Gutshof Fernewald<\/a><\/li><li>Kreuz bei Knipping, Birkenweg<\/li><li>Kreuz bei Hasebrink, Christfurth<\/li><li>Kreuz an der Dro\u00dflingstra\u00dfe<\/li><li>Kreuz bei H\u00fclskemper, Hegestra\u00dfe<\/li><li>Glocke am Kirchplatz<\/li><li>Gefallenen-Ehrenmal an den Grundmauern der alten Kirche<\/li><\/ul>\n\n\n\n<p><strong>Hardinghausen<\/strong><\/p>\n\n\n\n<ul class=\"wp-block-list\"><li><a href=\"http:\/\/historisches-kirchhellen.de\/?page_id=1183\">Dringenburgs Kreuz, Kreuzkamp<\/a><\/li><li><a href=\"http:\/\/historisches-kirchhellen.de\/?page_id=1188\">Pieperhoffs Kreuz, Reckelsberg<\/a><\/li><li><a href=\"http:\/\/historisches-kirchhellen.de\/?page_id=1191\">Rottmanns Kreuz, Hofwiese<\/a><\/li><\/ul>\n\n\n\n<p><strong>Holthausen<\/strong><\/p>\n\n\n\n<ul class=\"wp-block-list\"><li><a href=\"http:\/\/historisches-kirchhellen.de\/?page_id=1218\">Kreuz an der Utschlagstra\u00dfe<\/a><\/li><li><a href=\"http:\/\/historisches-kirchhellen.de\/?page_id=1230\">Holthausener Kreuz, Scheideweg<\/a><\/li><li>Laarmanns Hofkreuz, Holthausener Stra\u00dfe<\/li><li>Wegekreuz an der Holthausener Stra\u00dfe<\/li><li>Hermann-L\u00f6ns-Denkmal am Heidhofsee<\/li><\/ul>\n\n\n\n<p><strong>Overhagen<\/strong><\/p>\n\n\n\n<ul class=\"wp-block-list\"><li><a href=\"http:\/\/historisches-kirchhellen.de\/?page_id=1213\">Luerwegs Kreuz, Hackfurthstra\u00dfe<\/a><\/li><li><a href=\"http:\/\/historisches-kirchhellen.de\/?page_id=1269\">Hofkreuz Bu\u00dfmann, Dorstener Stra\u00dfe<\/a><\/li><li><a href=\"http:\/\/historisches-kirchhellen.de\/?p=1263\">Allekotten Kreuz, Lippweg<\/a><\/li><li><a href=\"http:\/\/historisches-kirchhellen.de\/?page_id=1165\">Hagelkreuz, Am Hagelkreuz<\/a><\/li><li><a href=\"http:\/\/historisches-kirchhellen.de\/?page_id=1221\">Dahlmanns Kreuz, Lippweg<\/a><\/li><li>T\u00f6fflinger-Denkmal<\/li><\/ul>\n","protected":false},"excerpt":{"rendered":"<p>In ganz Kirchhellen gab es und gibt es immer noch zahlreiche Denkm\u00e4ler und Wegekreuze. Au\u00dferdem gab es insgesamt f\u00fcnf kleinere Kapellen, wovon noch zwei heute &hellip; <\/p>\n","protected":false},"author":1,"featured_media":0,"parent":1285,"menu_order":3,"comment_status":"closed","ping_status":"closed","template":"","meta":{"_acf_changed":false,"footnotes":""},"class_list":["post-118","page","type-page","status-publish","hentry"],"acf":[],"jetpack_sharing_enabled":true,"_links":{"self":[{"href":"https:\/\/historisches-kirchhellen.de\/index.php?rest_route=\/wp\/v2\/pages\/118","targetHints":{"allow":["GET"]}}],"collection":[{"href":"https:\/\/historisches-kirchhellen.de\/index.php?rest_route=\/wp\/v2\/pages"}],"about":[{"href":"https:\/\/historisches-kirchhellen.de\/index.php?rest_route=\/wp\/v2\/types\/page"}],"author":[{"embeddable":true,"href":"https:\/\/historisches-kirchhellen.de\/index.php?rest_route=\/wp\/v2\/users\/1"}],"replies":[{"embeddable":true,"href":"https:\/\/historisches-kirchhellen.de\/index.php?rest_route=%2Fwp%2Fv2%2Fcomments&post=118"}],"version-history":[{"count":0,"href":"https:\/\/historisches-kirchhellen.de\/index.php?rest_route=\/wp\/v2\/pages\/118\/revisions"}],"up":[{"embeddable":true,"href":"https:\/\/historisches-kirchhellen.de\/index.php?rest_route=\/wp\/v2\/pages\/1285"}],"wp:attachment":[{"href":"https:\/\/historisches-kirchhellen.de\/index.php?rest_route=%2Fwp%2Fv2%2Fmedia&parent=118"}],"curies":[{"name":"wp","href":"https:\/\/api.w.org\/{rel}","templated":true}]}}