{"id":1183,"date":"2019-09-01T13:13:52","date_gmt":"2019-09-01T13:13:52","guid":{"rendered":"http:\/\/historisches-kirchhellen.de\/?page_id=1183"},"modified":"2019-09-01T13:14:26","modified_gmt":"2019-09-01T13:14:26","slug":"dringenburgs-kreuz","status":"publish","type":"page","link":"https:\/\/historisches-kirchhellen.de\/?page_id=1183","title":{"rendered":"Dringenburgs Kreuz"},"content":{"rendered":"\n<p>In Reichweite der Dringenburg steht an der Ecke Kreuzkamp\/Schulstra\u00dfe Dringenburgs Kreuz. Es wird nach einem der bekanntesten Eigent\u00fcmer der Dringenburg, dem Bierbrauer Velten, auch Veltens Kreuz genannt. Un\u00fcbersehbar und eindrucksvoll steht es in der Feldflur. Der beachtliche Korpus wird durch ein Wetterdach mit R\u00fcckwand vor Witterungseinfl\u00fcssen gesch\u00fctzt. Die Kunstexperten schreiben ihm ein hohes Alter, 17. Jahrhundert, zu. 2015 wurde das Kreuz vom Schreiner Bernd Schl\u00fcter restauriert. <\/p>\n\n\n\n<figure class=\"wp-block-image\"><a href=\"http:\/\/historisches-kirchhellen.de\/wp-content\/uploads\/2019\/09\/00831-Velten.jpg\"><img loading=\"lazy\" decoding=\"async\" width=\"702\" height=\"1024\" src=\"http:\/\/historisches-kirchhellen.de\/wp-content\/uploads\/2019\/09\/00831-Velten-702x1024.jpg\" alt=\"\" class=\"wp-image-1184\" srcset=\"https:\/\/historisches-kirchhellen.de\/wp-content\/uploads\/2019\/09\/00831-Velten-702x1024.jpg 702w, https:\/\/historisches-kirchhellen.de\/wp-content\/uploads\/2019\/09\/00831-Velten-206x300.jpg 206w, https:\/\/historisches-kirchhellen.de\/wp-content\/uploads\/2019\/09\/00831-Velten-768x1121.jpg 768w, https:\/\/historisches-kirchhellen.de\/wp-content\/uploads\/2019\/09\/00831-Velten.jpg 1064w\" sizes=\"auto, (max-width: 702px) 100vw, 702px\" \/><\/a><\/figure>\n\n\n\n<p><em>Textquelle: abge\u00e4ndert nach Schriftenreihe Nr. 19 des Vereins f\u00fcr Orts- und Heimatkunde Kirchhellen<\/em><\/p>\n","protected":false},"excerpt":{"rendered":"<p>In Reichweite der Dringenburg steht an der Ecke Kreuzkamp\/Schulstra\u00dfe Dringenburgs Kreuz. Es wird nach einem der bekanntesten Eigent\u00fcmer der Dringenburg, dem Bierbrauer Velten, auch Veltens &hellip; <\/p>\n","protected":false},"author":1,"featured_media":0,"parent":118,"menu_order":2,"comment_status":"closed","ping_status":"closed","template":"","meta":{"_acf_changed":false,"footnotes":""},"class_list":["post-1183","page","type-page","status-publish","hentry"],"acf":[],"jetpack_sharing_enabled":true,"_links":{"self":[{"href":"https:\/\/historisches-kirchhellen.de\/index.php?rest_route=\/wp\/v2\/pages\/1183","targetHints":{"allow":["GET"]}}],"collection":[{"href":"https:\/\/historisches-kirchhellen.de\/index.php?rest_route=\/wp\/v2\/pages"}],"about":[{"href":"https:\/\/historisches-kirchhellen.de\/index.php?rest_route=\/wp\/v2\/types\/page"}],"author":[{"embeddable":true,"href":"https:\/\/historisches-kirchhellen.de\/index.php?rest_route=\/wp\/v2\/users\/1"}],"replies":[{"embeddable":true,"href":"https:\/\/historisches-kirchhellen.de\/index.php?rest_route=%2Fwp%2Fv2%2Fcomments&post=1183"}],"version-history":[{"count":0,"href":"https:\/\/historisches-kirchhellen.de\/index.php?rest_route=\/wp\/v2\/pages\/1183\/revisions"}],"up":[{"embeddable":true,"href":"https:\/\/historisches-kirchhellen.de\/index.php?rest_route=\/wp\/v2\/pages\/118"}],"wp:attachment":[{"href":"https:\/\/historisches-kirchhellen.de\/index.php?rest_route=%2Fwp%2Fv2%2Fmedia&parent=1183"}],"curies":[{"name":"wp","href":"https:\/\/api.w.org\/{rel}","templated":true}]}}