{"id":1188,"date":"2019-09-01T13:18:19","date_gmt":"2019-09-01T13:18:19","guid":{"rendered":"http:\/\/historisches-kirchhellen.de\/?page_id=1188"},"modified":"2019-09-01T13:18:20","modified_gmt":"2019-09-01T13:18:20","slug":"pieperhoffs-kreuz","status":"publish","type":"page","link":"https:\/\/historisches-kirchhellen.de\/?page_id=1188","title":{"rendered":"Pieperhoffs Kreuz"},"content":{"rendered":"\n<p>Der Hof Rottmann-Pieperhoff, etwas n\u00f6rdlich unterhalb des Reckelsberges gelegen, einer der ganz alten Kirchhellener H\u00f6fe, hat dem Kreuz seinen Namen gegeben. An dieser Stelle befand sich urspr\u00fcnglich eine Kapelle. Sie stand unmittelbar an der Gahlener Stra\u00dfe\/Ecke Reckelsberg. Um 1926 ist sie wahrscheinlich aus verkehrlichen Gr\u00fcnden, vielleicht auch im Zusammenhang mit der Verkoppelung, abgerissen worden. Ersatz war das daraufhin am Weg Reckelsberg errichtete Kreuz. Die Kapelle, eine sechseckige Baulichkeit, enthielt ein Bildnis der Schmerzhaften Mutter. Das Kreuz, einhundert Meter wegaufw\u00e4rts, ist in einer Waldnische auf einem m\u00e4chtigen gemauerten Sockel aufgerichtet. 2017 wurde das Umfeld des Wegekreuzes durch die Firma Bromkamp Garten aus Kirchhellen neu gestaltet.<\/p>\n\n\n\n<figure class=\"wp-block-image\"><a href=\"http:\/\/historisches-kirchhellen.de\/wp-content\/uploads\/2019\/09\/00835-Pieperhoff.jpg\"><img loading=\"lazy\" decoding=\"async\" width=\"691\" height=\"1024\" src=\"http:\/\/historisches-kirchhellen.de\/wp-content\/uploads\/2019\/09\/00835-Pieperhoff-691x1024.jpg\" alt=\"\" class=\"wp-image-1189\" srcset=\"https:\/\/historisches-kirchhellen.de\/wp-content\/uploads\/2019\/09\/00835-Pieperhoff-691x1024.jpg 691w, https:\/\/historisches-kirchhellen.de\/wp-content\/uploads\/2019\/09\/00835-Pieperhoff-202x300.jpg 202w, https:\/\/historisches-kirchhellen.de\/wp-content\/uploads\/2019\/09\/00835-Pieperhoff-768x1138.jpg 768w, https:\/\/historisches-kirchhellen.de\/wp-content\/uploads\/2019\/09\/00835-Pieperhoff.jpg 1066w\" sizes=\"auto, (max-width: 691px) 100vw, 691px\" \/><\/a><\/figure>\n\n\n\n<p><em>Textquelle: abge\u00e4ndert nach Schriftenreihe Nr. 19 des Vereins f\u00fcr Orts- und Heimatkunde Kirchhellen<\/em><\/p>\n","protected":false},"excerpt":{"rendered":"<p>Der Hof Rottmann-Pieperhoff, etwas n\u00f6rdlich unterhalb des Reckelsberges gelegen, einer der ganz alten Kirchhellener H\u00f6fe, hat dem Kreuz seinen Namen gegeben. An dieser Stelle befand &hellip; <\/p>\n","protected":false},"author":1,"featured_media":0,"parent":118,"menu_order":0,"comment_status":"closed","ping_status":"closed","template":"","meta":{"_acf_changed":false,"footnotes":""},"class_list":["post-1188","page","type-page","status-publish","hentry"],"acf":[],"jetpack_sharing_enabled":true,"_links":{"self":[{"href":"https:\/\/historisches-kirchhellen.de\/index.php?rest_route=\/wp\/v2\/pages\/1188","targetHints":{"allow":["GET"]}}],"collection":[{"href":"https:\/\/historisches-kirchhellen.de\/index.php?rest_route=\/wp\/v2\/pages"}],"about":[{"href":"https:\/\/historisches-kirchhellen.de\/index.php?rest_route=\/wp\/v2\/types\/page"}],"author":[{"embeddable":true,"href":"https:\/\/historisches-kirchhellen.de\/index.php?rest_route=\/wp\/v2\/users\/1"}],"replies":[{"embeddable":true,"href":"https:\/\/historisches-kirchhellen.de\/index.php?rest_route=%2Fwp%2Fv2%2Fcomments&post=1188"}],"version-history":[{"count":0,"href":"https:\/\/historisches-kirchhellen.de\/index.php?rest_route=\/wp\/v2\/pages\/1188\/revisions"}],"up":[{"embeddable":true,"href":"https:\/\/historisches-kirchhellen.de\/index.php?rest_route=\/wp\/v2\/pages\/118"}],"wp:attachment":[{"href":"https:\/\/historisches-kirchhellen.de\/index.php?rest_route=%2Fwp%2Fv2%2Fmedia&parent=1188"}],"curies":[{"name":"wp","href":"https:\/\/api.w.org\/{rel}","templated":true}]}}