{"id":1196,"date":"2019-09-01T16:27:39","date_gmt":"2019-09-01T16:27:39","guid":{"rendered":"http:\/\/historisches-kirchhellen.de\/?page_id=1196"},"modified":"2019-09-01T16:27:40","modified_gmt":"2019-09-01T16:27:40","slug":"bennings-heiligenhaeuschen","status":"publish","type":"page","link":"https:\/\/historisches-kirchhellen.de\/?page_id=1196","title":{"rendered":"Bennings Heiligenh\u00e4uschen"},"content":{"rendered":"\n<p>An der Schulstra\u00dfe, in unmittelbarer N\u00e4he von Bennings Windm\u00fchle, stand ein Nischen-Kapellchen, ein Bildstock. Es enthielt lediglich ein kleines Kruzifix, das ein fr\u00fcher dort vorhanden gewesenes Madonnenbild ersetzte. Eigent\u00fcmer war die Familie Benning. Durch die Verkoppelung wurde der Standort des Mals \u00f6ffentliche Verkehrsfl\u00e4che, Stra\u00dfe. Doch blieb es am alten Standort stehen, bis 1972 die Schulstra\u00dfe ausgebaut wurde und es weichen musste. Sein Alter war nicht festzustellen, ebenso wenig der Grund seiner Errichtung.<\/p>\n\n\n\n<figure class=\"wp-block-image\"><a href=\"http:\/\/historisches-kirchhellen.de\/wp-content\/uploads\/2019\/09\/06111.jpg\"><img loading=\"lazy\" decoding=\"async\" width=\"683\" height=\"1024\" src=\"http:\/\/historisches-kirchhellen.de\/wp-content\/uploads\/2019\/09\/06111-683x1024.jpg\" alt=\"\" class=\"wp-image-1197\" srcset=\"https:\/\/historisches-kirchhellen.de\/wp-content\/uploads\/2019\/09\/06111-683x1024.jpg 683w, https:\/\/historisches-kirchhellen.de\/wp-content\/uploads\/2019\/09\/06111-200x300.jpg 200w, https:\/\/historisches-kirchhellen.de\/wp-content\/uploads\/2019\/09\/06111-768x1152.jpg 768w\" sizes=\"auto, (max-width: 683px) 100vw, 683px\" \/><\/a><\/figure>\n\n\n\n<p><em>Textquelle: abge\u00e4ndert nach Schriftenreihe Nr. 19 des Vereins f\u00fcr Orts- und Heimatkunde Kirchhellen<\/em><\/p>\n","protected":false},"excerpt":{"rendered":"<p>An der Schulstra\u00dfe, in unmittelbarer N\u00e4he von Bennings Windm\u00fchle, stand ein Nischen-Kapellchen, ein Bildstock. Es enthielt lediglich ein kleines Kruzifix, das ein fr\u00fcher dort vorhanden &hellip; <\/p>\n","protected":false},"author":1,"featured_media":0,"parent":118,"menu_order":5,"comment_status":"closed","ping_status":"closed","template":"","meta":{"_acf_changed":false,"footnotes":""},"class_list":["post-1196","page","type-page","status-publish","hentry"],"acf":[],"jetpack_sharing_enabled":true,"_links":{"self":[{"href":"https:\/\/historisches-kirchhellen.de\/index.php?rest_route=\/wp\/v2\/pages\/1196","targetHints":{"allow":["GET"]}}],"collection":[{"href":"https:\/\/historisches-kirchhellen.de\/index.php?rest_route=\/wp\/v2\/pages"}],"about":[{"href":"https:\/\/historisches-kirchhellen.de\/index.php?rest_route=\/wp\/v2\/types\/page"}],"author":[{"embeddable":true,"href":"https:\/\/historisches-kirchhellen.de\/index.php?rest_route=\/wp\/v2\/users\/1"}],"replies":[{"embeddable":true,"href":"https:\/\/historisches-kirchhellen.de\/index.php?rest_route=%2Fwp%2Fv2%2Fcomments&post=1196"}],"version-history":[{"count":0,"href":"https:\/\/historisches-kirchhellen.de\/index.php?rest_route=\/wp\/v2\/pages\/1196\/revisions"}],"up":[{"embeddable":true,"href":"https:\/\/historisches-kirchhellen.de\/index.php?rest_route=\/wp\/v2\/pages\/118"}],"wp:attachment":[{"href":"https:\/\/historisches-kirchhellen.de\/index.php?rest_route=%2Fwp%2Fv2%2Fmedia&parent=1196"}],"curies":[{"name":"wp","href":"https:\/\/api.w.org\/{rel}","templated":true}]}}