{"id":1205,"date":"2019-09-01T16:36:31","date_gmt":"2019-09-01T16:36:31","guid":{"rendered":"http:\/\/historisches-kirchhellen.de\/?page_id=1205"},"modified":"2019-09-01T16:36:31","modified_gmt":"2019-09-01T16:36:31","slug":"das-missionskreuz-auf-dem-kirchplatz","status":"publish","type":"page","link":"https:\/\/historisches-kirchhellen.de\/?page_id=1205","title":{"rendered":"Das Missionskreuz auf dem Kirchplatz"},"content":{"rendered":"\n<p>Es ist ein alter katholischer Brauch, die Erinnerung an die sogenannten Missionen \u00fcber lange Zeit datumsm\u00e4\u00dfig festzuhalten. Das geschieht meist auf einfachen Holzkreuzen, die an oder in der Kirche ihren Platz haben. Die Jahreszahl jeder Mission ist dort vermerkt. Das alte Kirchhellener Missionskreuz befand sich an der S\u00fcdseite der alten Kirche. Nach Abbruch der alten Kirche fand das Missionskreuz an der neuen Kirche einen Platz. Wind und Wetter setzten ihm so sehr zu, dass es 1987 restauriert wurde und einen Platz in der Taufkapelle der Kirche erhielt. Der Restaurator sch\u00e4tzte das Alter auf etwa 150 Jahre. Die Angabe kann richtig sein, denn es gibt einen Bericht \u00fcber eine Mission, die in der Zeit vom 10. bis 19. Februar 1855 in St. Johannes abgehalten wurde.<\/p>\n\n\n\n<figure class=\"wp-block-image\"><a href=\"http:\/\/historisches-kirchhellen.de\/wp-content\/uploads\/2019\/09\/00775-Missionskreuz.jpg\"><img loading=\"lazy\" decoding=\"async\" width=\"655\" height=\"1024\" src=\"http:\/\/historisches-kirchhellen.de\/wp-content\/uploads\/2019\/09\/00775-Missionskreuz-655x1024.jpg\" alt=\"\" class=\"wp-image-1206\" srcset=\"https:\/\/historisches-kirchhellen.de\/wp-content\/uploads\/2019\/09\/00775-Missionskreuz-655x1024.jpg 655w, https:\/\/historisches-kirchhellen.de\/wp-content\/uploads\/2019\/09\/00775-Missionskreuz-192x300.jpg 192w, https:\/\/historisches-kirchhellen.de\/wp-content\/uploads\/2019\/09\/00775-Missionskreuz-768x1201.jpg 768w, https:\/\/historisches-kirchhellen.de\/wp-content\/uploads\/2019\/09\/00775-Missionskreuz.jpg 999w\" sizes=\"auto, (max-width: 655px) 100vw, 655px\" \/><\/a><\/figure>\n\n\n\n<p><em>Textquelle: abge\u00e4ndert nach Schriftenreihe Nr. 19 des Vereins f\u00fcr Orts- und Heimatkunde Kirchhellen<\/em><\/p>\n","protected":false},"excerpt":{"rendered":"<p>Es ist ein alter katholischer Brauch, die Erinnerung an die sogenannten Missionen \u00fcber lange Zeit datumsm\u00e4\u00dfig festzuhalten. Das geschieht meist auf einfachen Holzkreuzen, die an &hellip; <\/p>\n","protected":false},"author":1,"featured_media":0,"parent":118,"menu_order":9,"comment_status":"closed","ping_status":"closed","template":"","meta":{"_acf_changed":false,"footnotes":""},"class_list":["post-1205","page","type-page","status-publish","hentry"],"acf":[],"jetpack_sharing_enabled":true,"_links":{"self":[{"href":"https:\/\/historisches-kirchhellen.de\/index.php?rest_route=\/wp\/v2\/pages\/1205","targetHints":{"allow":["GET"]}}],"collection":[{"href":"https:\/\/historisches-kirchhellen.de\/index.php?rest_route=\/wp\/v2\/pages"}],"about":[{"href":"https:\/\/historisches-kirchhellen.de\/index.php?rest_route=\/wp\/v2\/types\/page"}],"author":[{"embeddable":true,"href":"https:\/\/historisches-kirchhellen.de\/index.php?rest_route=\/wp\/v2\/users\/1"}],"replies":[{"embeddable":true,"href":"https:\/\/historisches-kirchhellen.de\/index.php?rest_route=%2Fwp%2Fv2%2Fcomments&post=1205"}],"version-history":[{"count":0,"href":"https:\/\/historisches-kirchhellen.de\/index.php?rest_route=\/wp\/v2\/pages\/1205\/revisions"}],"up":[{"embeddable":true,"href":"https:\/\/historisches-kirchhellen.de\/index.php?rest_route=\/wp\/v2\/pages\/118"}],"wp:attachment":[{"href":"https:\/\/historisches-kirchhellen.de\/index.php?rest_route=%2Fwp%2Fv2%2Fmedia&parent=1205"}],"curies":[{"name":"wp","href":"https:\/\/api.w.org\/{rel}","templated":true}]}}