{"id":1210,"date":"2019-09-01T16:47:45","date_gmt":"2019-09-01T16:47:45","guid":{"rendered":"http:\/\/historisches-kirchhellen.de\/?page_id=1210"},"modified":"2019-09-01T16:47:46","modified_gmt":"2019-09-01T16:47:46","slug":"kreuz-an-der-burgstrasse","status":"publish","type":"page","link":"https:\/\/historisches-kirchhellen.de\/?page_id=1210","title":{"rendered":"Kreuz an der Burgstra\u00dfe"},"content":{"rendered":"\n<p>Im Dezember 1964 berichtete die Zeitung: \u201eEin Wegekreuz wird die Kath. Kirchengemeinde St. Johannes auf ihrem Grundst\u00fcck an der Ecke Kaplan-Xanten-Stra\u00dfe und Burgstra\u00dfe errichten.\u201c Am 16. Dezember 1964 schrieb sie: \u201eDas Wegekreuz an der Ecke Burgstra\u00dfe und Kaplan-Xanten-Stra\u00dfe ist gestern aufgestellt worden. Der Korpus hing 30 Jahre in der Kriegerged\u00e4chtniskapelle in der St.-Johannes-Pfarrkirche. Im n\u00e4chsten Fr\u00fchjahr soll die Umgebung des Kreuzes mit Dauergr\u00fcnpflanzen versehen werden. Es ist nicht beabsichtigt, hier in Zukunft eine Segensstation bei der gro\u00dfen Feldprozession einzurichten.\u201c Der wertvolle Korpus des Kreuzes, bereits durch Alter gekennzeichnet, litt durch Umweltsch\u00e4den. Er wurde 1986 abgenommen und durch einen dauerhaften Kunststoffkorpus ersetzt. Der alte Korpus wurde restauriert und hat nunmehr einen Platz im Turm der Kirche gefunden.<\/p>\n\n\n\n<figure class=\"wp-block-image\"><a href=\"http:\/\/historisches-kirchhellen.de\/wp-content\/uploads\/2019\/09\/00774.jpg\"><img loading=\"lazy\" decoding=\"async\" width=\"698\" height=\"1024\" src=\"http:\/\/historisches-kirchhellen.de\/wp-content\/uploads\/2019\/09\/00774-698x1024.jpg\" alt=\"\" class=\"wp-image-1211\" srcset=\"https:\/\/historisches-kirchhellen.de\/wp-content\/uploads\/2019\/09\/00774-698x1024.jpg 698w, https:\/\/historisches-kirchhellen.de\/wp-content\/uploads\/2019\/09\/00774-205x300.jpg 205w, https:\/\/historisches-kirchhellen.de\/wp-content\/uploads\/2019\/09\/00774-768x1126.jpg 768w, https:\/\/historisches-kirchhellen.de\/wp-content\/uploads\/2019\/09\/00774.jpg 1065w\" sizes=\"auto, (max-width: 698px) 100vw, 698px\" \/><\/a><\/figure>\n\n\n\n<p><em>Textquelle: abge\u00e4ndert nach Schriftenreihe Nr. 19 des Vereins f\u00fcr Orts- und Heimatkunde Kirchhellen<\/em><\/p>\n","protected":false},"excerpt":{"rendered":"<p>Im Dezember 1964 berichtete die Zeitung: \u201eEin Wegekreuz wird die Kath. Kirchengemeinde St. Johannes auf ihrem Grundst\u00fcck an der Ecke Kaplan-Xanten-Stra\u00dfe und Burgstra\u00dfe errichten.\u201c Am &hellip; <\/p>\n","protected":false},"author":1,"featured_media":0,"parent":118,"menu_order":10,"comment_status":"closed","ping_status":"closed","template":"","meta":{"_acf_changed":false,"footnotes":""},"class_list":["post-1210","page","type-page","status-publish","hentry"],"acf":[],"jetpack_sharing_enabled":true,"_links":{"self":[{"href":"https:\/\/historisches-kirchhellen.de\/index.php?rest_route=\/wp\/v2\/pages\/1210","targetHints":{"allow":["GET"]}}],"collection":[{"href":"https:\/\/historisches-kirchhellen.de\/index.php?rest_route=\/wp\/v2\/pages"}],"about":[{"href":"https:\/\/historisches-kirchhellen.de\/index.php?rest_route=\/wp\/v2\/types\/page"}],"author":[{"embeddable":true,"href":"https:\/\/historisches-kirchhellen.de\/index.php?rest_route=\/wp\/v2\/users\/1"}],"replies":[{"embeddable":true,"href":"https:\/\/historisches-kirchhellen.de\/index.php?rest_route=%2Fwp%2Fv2%2Fcomments&post=1210"}],"version-history":[{"count":0,"href":"https:\/\/historisches-kirchhellen.de\/index.php?rest_route=\/wp\/v2\/pages\/1210\/revisions"}],"up":[{"embeddable":true,"href":"https:\/\/historisches-kirchhellen.de\/index.php?rest_route=\/wp\/v2\/pages\/118"}],"wp:attachment":[{"href":"https:\/\/historisches-kirchhellen.de\/index.php?rest_route=%2Fwp%2Fv2%2Fmedia&parent=1210"}],"curies":[{"name":"wp","href":"https:\/\/api.w.org\/{rel}","templated":true}]}}