{"id":1213,"date":"2019-09-01T16:51:50","date_gmt":"2019-09-01T16:51:50","guid":{"rendered":"http:\/\/historisches-kirchhellen.de\/?page_id=1213"},"modified":"2019-09-01T16:51:51","modified_gmt":"2019-09-01T16:51:51","slug":"luerwegs-kreuz","status":"publish","type":"page","link":"https:\/\/historisches-kirchhellen.de\/?page_id=1213","title":{"rendered":"Luerwegs Kreuz"},"content":{"rendered":"\n<p>An der Hackfurthstra\u00dfe nahe der Kreuzung mit der Horsthofstra\u00dfe steht Luerwegs Kreuz. 1964 berichtete die Zeitung: \u201eSeit Gr\u00fcndonnerstag steht das rund 300j\u00e4hrige Wegekreuz wieder an der Hackfurthstra\u00dfe. Vor l\u00e4ngerer Zeit musste es der fortschreitenden Bebauung weichen. Jetzt sorgten die Nachbarn gemeinsam daf\u00fcr, dass das Kreuz, gr\u00fcndlich renoviert, in unmittelbarer N\u00e4he seines ehemaligen Standplatzes wieder aufgestellt wurde und brachten daf\u00fcr auch erhebliche finanzielle Opfer. \u201c<\/p>\n\n\n\n<ul class=\"wp-block-gallery columns-2 is-cropped wp-block-gallery-1 is-layout-flex wp-block-gallery-is-layout-flex\"><li class=\"blocks-gallery-item\"><figure><a href=\"http:\/\/historisches-kirchhellen.de\/wp-content\/uploads\/2019\/09\/00784-Kreuz-Luerweg-637x1024.jpg\"><img loading=\"lazy\" decoding=\"async\" width=\"637\" height=\"1024\" src=\"http:\/\/historisches-kirchhellen.de\/wp-content\/uploads\/2019\/09\/00784-Kreuz-Luerweg-637x1024.jpg\" alt=\"\" data-id=\"1214\" data-link=\"http:\/\/historisches-kirchhellen.de\/?attachment_id=1214#main\" class=\"wp-image-1214\" srcset=\"https:\/\/historisches-kirchhellen.de\/wp-content\/uploads\/2019\/09\/00784-Kreuz-Luerweg-637x1024.jpg 637w, https:\/\/historisches-kirchhellen.de\/wp-content\/uploads\/2019\/09\/00784-Kreuz-Luerweg-187x300.jpg 187w, https:\/\/historisches-kirchhellen.de\/wp-content\/uploads\/2019\/09\/00784-Kreuz-Luerweg-768x1234.jpg 768w, https:\/\/historisches-kirchhellen.de\/wp-content\/uploads\/2019\/09\/00784-Kreuz-Luerweg.jpg 920w\" sizes=\"auto, (max-width: 637px) 100vw, 637px\" \/><\/a><figcaption>Kreuz am neuen Standort<\/figcaption><\/figure><\/li><li class=\"blocks-gallery-item\"><figure><a href=\"http:\/\/historisches-kirchhellen.de\/wp-content\/uploads\/2019\/09\/06121-683x1024.jpg\"><img loading=\"lazy\" decoding=\"async\" width=\"683\" height=\"1024\" src=\"http:\/\/historisches-kirchhellen.de\/wp-content\/uploads\/2019\/09\/06121-683x1024.jpg\" alt=\"\" data-id=\"1215\" data-link=\"http:\/\/historisches-kirchhellen.de\/?attachment_id=1215#main\" class=\"wp-image-1215\" srcset=\"https:\/\/historisches-kirchhellen.de\/wp-content\/uploads\/2019\/09\/06121-683x1024.jpg 683w, https:\/\/historisches-kirchhellen.de\/wp-content\/uploads\/2019\/09\/06121-200x300.jpg 200w, https:\/\/historisches-kirchhellen.de\/wp-content\/uploads\/2019\/09\/06121-768x1152.jpg 768w\" sizes=\"auto, (max-width: 683px) 100vw, 683px\" \/><\/a><figcaption>Kreuz am alten Standort<\/figcaption><\/figure><\/li><\/ul>\n\n\n\n<p><em>Textquelle: abge\u00e4ndert nach Schriftenreihe Nr. 19 des Vereins f\u00fcr Orts- und Heimatkunde Kirchhellen<\/em><\/p>\n","protected":false},"excerpt":{"rendered":"<p>An der Hackfurthstra\u00dfe nahe der Kreuzung mit der Horsthofstra\u00dfe steht Luerwegs Kreuz. 1964 berichtete die Zeitung: \u201eSeit Gr\u00fcndonnerstag steht das rund 300j\u00e4hrige Wegekreuz wieder an &hellip; <\/p>\n","protected":false},"author":1,"featured_media":0,"parent":118,"menu_order":13,"comment_status":"closed","ping_status":"closed","template":"","meta":{"_acf_changed":false,"footnotes":""},"class_list":["post-1213","page","type-page","status-publish","hentry"],"acf":[],"jetpack_sharing_enabled":true,"_links":{"self":[{"href":"https:\/\/historisches-kirchhellen.de\/index.php?rest_route=\/wp\/v2\/pages\/1213","targetHints":{"allow":["GET"]}}],"collection":[{"href":"https:\/\/historisches-kirchhellen.de\/index.php?rest_route=\/wp\/v2\/pages"}],"about":[{"href":"https:\/\/historisches-kirchhellen.de\/index.php?rest_route=\/wp\/v2\/types\/page"}],"author":[{"embeddable":true,"href":"https:\/\/historisches-kirchhellen.de\/index.php?rest_route=\/wp\/v2\/users\/1"}],"replies":[{"embeddable":true,"href":"https:\/\/historisches-kirchhellen.de\/index.php?rest_route=%2Fwp%2Fv2%2Fcomments&post=1213"}],"version-history":[{"count":0,"href":"https:\/\/historisches-kirchhellen.de\/index.php?rest_route=\/wp\/v2\/pages\/1213\/revisions"}],"up":[{"embeddable":true,"href":"https:\/\/historisches-kirchhellen.de\/index.php?rest_route=\/wp\/v2\/pages\/118"}],"wp:attachment":[{"href":"https:\/\/historisches-kirchhellen.de\/index.php?rest_route=%2Fwp%2Fv2%2Fmedia&parent=1213"}],"curies":[{"name":"wp","href":"https:\/\/api.w.org\/{rel}","templated":true}]}}