{"id":1218,"date":"2019-09-01T16:53:40","date_gmt":"2019-09-01T16:53:40","guid":{"rendered":"http:\/\/historisches-kirchhellen.de\/?page_id=1218"},"modified":"2019-09-01T16:53:40","modified_gmt":"2019-09-01T16:53:40","slug":"wegekreuz-utschlagstrasse","status":"publish","type":"page","link":"https:\/\/historisches-kirchhellen.de\/?page_id=1218","title":{"rendered":"Wegekreuz Utschlagstra\u00dfe"},"content":{"rendered":"\n<p>Bis ca. 1975 etwa stand es am Hause Utschlagstra\u00dfe 15. Wegen der starken Witterungssch\u00e4den und der Gef\u00e4hrdung durch die umstehenden B\u00e4ume, die selbst entfernt werden mussten, hat man es abgebrochen. Das Holzkreuz mit dem etwa 80 Zentimeter gro\u00dfen Korpus stand auf einem steinernen Sockel. Wie bei so vielen Wegemalen ist sein Alter und der Grund seiner Errichtung nicht zu ermitteln. Aufgrund seiner Art k\u00f6nnte es der zweiten H\u00e4lfte des 19. Jahrhunderts angeh\u00f6ren, wenn es nicht einen \u00e4lteren Vorg\u00e4nger gehabt hat. Fr\u00fcher zog alle zwei Jahre die Fronleichnamsprozession am Kreuz vor\u00fcber. Aus diesem Anlass wurde das Kreuz besonders festlich geschm\u00fcckt.<\/p>\n\n\n\n<figure class=\"wp-block-image\"><a href=\"http:\/\/historisches-kirchhellen.de\/wp-content\/uploads\/2019\/09\/00776-Kreuz-Giesen.jpg\"><img loading=\"lazy\" decoding=\"async\" width=\"691\" height=\"1024\" src=\"http:\/\/historisches-kirchhellen.de\/wp-content\/uploads\/2019\/09\/00776-Kreuz-Giesen-691x1024.jpg\" alt=\"\" class=\"wp-image-1219\" srcset=\"https:\/\/historisches-kirchhellen.de\/wp-content\/uploads\/2019\/09\/00776-Kreuz-Giesen-691x1024.jpg 691w, https:\/\/historisches-kirchhellen.de\/wp-content\/uploads\/2019\/09\/00776-Kreuz-Giesen-203x300.jpg 203w, https:\/\/historisches-kirchhellen.de\/wp-content\/uploads\/2019\/09\/00776-Kreuz-Giesen-768x1137.jpg 768w, https:\/\/historisches-kirchhellen.de\/wp-content\/uploads\/2019\/09\/00776-Kreuz-Giesen.jpg 1058w\" sizes=\"auto, (max-width: 691px) 100vw, 691px\" \/><\/a><\/figure>\n\n\n\n<p><em>Textquelle: abge\u00e4ndert nach Schriftenreihe Nr. 19 des Vereins f\u00fcr Orts- und Heimatkunde Kirchhellen<\/em><\/p>\n","protected":false},"excerpt":{"rendered":"<p>Bis ca. 1975 etwa stand es am Hause Utschlagstra\u00dfe 15. Wegen der starken Witterungssch\u00e4den und der Gef\u00e4hrdung durch die umstehenden B\u00e4ume, die selbst entfernt werden &hellip; <\/p>\n","protected":false},"author":1,"featured_media":0,"parent":118,"menu_order":14,"comment_status":"closed","ping_status":"closed","template":"","meta":{"_acf_changed":false,"footnotes":""},"class_list":["post-1218","page","type-page","status-publish","hentry"],"acf":[],"jetpack_sharing_enabled":true,"_links":{"self":[{"href":"https:\/\/historisches-kirchhellen.de\/index.php?rest_route=\/wp\/v2\/pages\/1218","targetHints":{"allow":["GET"]}}],"collection":[{"href":"https:\/\/historisches-kirchhellen.de\/index.php?rest_route=\/wp\/v2\/pages"}],"about":[{"href":"https:\/\/historisches-kirchhellen.de\/index.php?rest_route=\/wp\/v2\/types\/page"}],"author":[{"embeddable":true,"href":"https:\/\/historisches-kirchhellen.de\/index.php?rest_route=\/wp\/v2\/users\/1"}],"replies":[{"embeddable":true,"href":"https:\/\/historisches-kirchhellen.de\/index.php?rest_route=%2Fwp%2Fv2%2Fcomments&post=1218"}],"version-history":[{"count":0,"href":"https:\/\/historisches-kirchhellen.de\/index.php?rest_route=\/wp\/v2\/pages\/1218\/revisions"}],"up":[{"embeddable":true,"href":"https:\/\/historisches-kirchhellen.de\/index.php?rest_route=\/wp\/v2\/pages\/118"}],"wp:attachment":[{"href":"https:\/\/historisches-kirchhellen.de\/index.php?rest_route=%2Fwp%2Fv2%2Fmedia&parent=1218"}],"curies":[{"name":"wp","href":"https:\/\/api.w.org\/{rel}","templated":true}]}}