{"id":1225,"date":"2019-09-01T16:57:13","date_gmt":"2019-09-01T16:57:13","guid":{"rendered":"http:\/\/historisches-kirchhellen.de\/?page_id=1225"},"modified":"2019-09-01T16:57:29","modified_gmt":"2019-09-01T16:57:29","slug":"schoenstatt-bildstock-auf-dem-kuhberg","status":"publish","type":"page","link":"https:\/\/historisches-kirchhellen.de\/?page_id=1225","title":{"rendered":"Sch\u00f6nstatt-Bildstock auf dem Kuhberg"},"content":{"rendered":"\n<p>In Sch\u00f6nstatt, einem Ort bei Vallendar, N\u00e4he Koblenz, entstand durch den Pallotinerpater Kentenich die Apostolische Bewegung im Geiste des Vincenz Pallotti: Verehrung Marias unter dem Titel \u201eDreimalwunderbare Mutter und K\u00f6nigin von Sch\u00f6nstatt\u201c. Diese Bewegung \u201eSch\u00f6nstatt\u201c fand in Feldhausen durch Pastor Albert Bettmer (von 1965 bis 1968 in Feldhausen) F\u00f6rderung und Zuspruch. Am 31. Mai 1967 stellte die Familie Franz Tiemann auf ihrer Grundst\u00fccksgrenze,  zum Weg Hemmers P\u00f6hlken hin, ein Bildst\u00f6ckchen mit einer Abbildung der Sch\u00f6nstattmadonna auf. Das urspr\u00fcngliche Bild, ein Druck, ist durch ein Metallrelief der Muttergottes in Gr\u00f6\u00dfe von 30 x 22 cm ersetzt worden. Im Jahre 1988 war diese St\u00e4tte auch Segensstation der Feldhausener Fronleichnamsprozession. <\/p>\n\n\n\n<div class=\"wp-block-image\"><figure class=\"aligncenter\"><a href=\"http:\/\/historisches-kirchhellen.de\/wp-content\/uploads\/2019\/08\/06202.jpg\"><img loading=\"lazy\" decoding=\"async\" width=\"200\" height=\"300\" src=\"http:\/\/historisches-kirchhellen.de\/wp-content\/uploads\/2019\/08\/06202-200x300.jpg\" alt=\"\" class=\"wp-image-1159\" srcset=\"https:\/\/historisches-kirchhellen.de\/wp-content\/uploads\/2019\/08\/06202-200x300.jpg 200w, https:\/\/historisches-kirchhellen.de\/wp-content\/uploads\/2019\/08\/06202-768x1152.jpg 768w, https:\/\/historisches-kirchhellen.de\/wp-content\/uploads\/2019\/08\/06202-683x1024.jpg 683w\" sizes=\"auto, (max-width: 200px) 100vw, 200px\" \/><\/a><\/figure><\/div>\n\n\n\n<p><em>Textquelle: abge\u00e4ndert nach Schriftenreihe Nr. 19 des Vereins f\u00fcr Orts- und Heimatkunde Kirchhellen<\/em><\/p>\n","protected":false},"excerpt":{"rendered":"<p>In Sch\u00f6nstatt, einem Ort bei Vallendar, N\u00e4he Koblenz, entstand durch den Pallotinerpater Kentenich die Apostolische Bewegung im Geiste des Vincenz Pallotti: Verehrung Marias unter dem &hellip; <\/p>\n","protected":false},"author":1,"featured_media":0,"parent":118,"menu_order":16,"comment_status":"closed","ping_status":"closed","template":"","meta":{"_acf_changed":false,"footnotes":""},"class_list":["post-1225","page","type-page","status-publish","hentry"],"acf":[],"jetpack_sharing_enabled":true,"_links":{"self":[{"href":"https:\/\/historisches-kirchhellen.de\/index.php?rest_route=\/wp\/v2\/pages\/1225","targetHints":{"allow":["GET"]}}],"collection":[{"href":"https:\/\/historisches-kirchhellen.de\/index.php?rest_route=\/wp\/v2\/pages"}],"about":[{"href":"https:\/\/historisches-kirchhellen.de\/index.php?rest_route=\/wp\/v2\/types\/page"}],"author":[{"embeddable":true,"href":"https:\/\/historisches-kirchhellen.de\/index.php?rest_route=\/wp\/v2\/users\/1"}],"replies":[{"embeddable":true,"href":"https:\/\/historisches-kirchhellen.de\/index.php?rest_route=%2Fwp%2Fv2%2Fcomments&post=1225"}],"version-history":[{"count":0,"href":"https:\/\/historisches-kirchhellen.de\/index.php?rest_route=\/wp\/v2\/pages\/1225\/revisions"}],"up":[{"embeddable":true,"href":"https:\/\/historisches-kirchhellen.de\/index.php?rest_route=\/wp\/v2\/pages\/118"}],"wp:attachment":[{"href":"https:\/\/historisches-kirchhellen.de\/index.php?rest_route=%2Fwp%2Fv2%2Fmedia&parent=1225"}],"curies":[{"name":"wp","href":"https:\/\/api.w.org\/{rel}","templated":true}]}}