{"id":1228,"date":"2019-09-01T16:58:49","date_gmt":"2019-09-01T16:58:49","guid":{"rendered":"http:\/\/historisches-kirchhellen.de\/?page_id=1228"},"modified":"2019-09-01T16:58:50","modified_gmt":"2019-09-01T16:58:50","slug":"borgmanns-kreuz","status":"publish","type":"page","link":"https:\/\/historisches-kirchhellen.de\/?page_id=1228","title":{"rendered":"Borgmanns Kreuz"},"content":{"rendered":"\n<p>Es steht in der Feldflur, fernab des Hofes Borgmann am Lohbraucksweg unter einer stattlichen Linde. Es wird gesagt, dass das Kreuz ein Gel\u00f6bniskreuz f\u00fcr m\u00e4nnlichen Nachwuchs gewesen sein soll. Sollte dies den Tatsachen entsprechen, so w\u00e4re das Kreuz \u00fcber 100 Jahre alt. Doch eine andere \u00dcberlieferung bringt das Kreuz mit dem benachbarten Kotten Gertz in Verbindung. Der Kotten Gertz lag zwischen den H\u00f6fen Borgmann (fr\u00fcher Terfeld) und Bussmann, Overhagen. Dieser Kotten wurde bereits um 1840 aufgegeben. Der letzte Besitzer wanderte nach Amerika aus, wie so viele aus den armen deutschen Staaten. Das Kreuz soll dem Kotten Gertz zugeh\u00f6rig gewesen und nach Fortgang der Familie Gertz nach Terfeld\/Borgmann gekommen sein. Dann muss man ihm ein Alter von \u00fcber 150 Jahren zusprechen. Der Korpus des Kreuzes hat wiederholt gewechselt infolge Verwitterung oder Zerst\u00f6rung. 1985 wurde ein Christuskorpus angebracht, der einige Jahre im Chor der neu errichteten Kirche seinen Platz hatte, bis er dem restaurierten \u00e4lteren Friedhofkreuz weichen musste. Gefertigt ist der Korpus von dem M\u00fclheimer K\u00fcnstler Rasche. Der K\u00fcnstler stellt Jesus dar, als wolle er sich vom Kreuz l\u00f6sen; eine Ahnung der Auferstehung trotz offensichtlicher Hoffnungslosigkeit. <\/p>\n\n\n\n<div class=\"wp-block-image\"><figure class=\"aligncenter\"><a href=\"http:\/\/historisches-kirchhellen.de\/wp-content\/uploads\/2019\/08\/00777-Kreuz-Borgmann.jpg\"><img loading=\"lazy\" decoding=\"async\" width=\"205\" height=\"300\" src=\"http:\/\/historisches-kirchhellen.de\/wp-content\/uploads\/2019\/08\/00777-Kreuz-Borgmann-205x300.jpg\" alt=\"\" class=\"wp-image-1160\" srcset=\"https:\/\/historisches-kirchhellen.de\/wp-content\/uploads\/2019\/08\/00777-Kreuz-Borgmann-205x300.jpg 205w, https:\/\/historisches-kirchhellen.de\/wp-content\/uploads\/2019\/08\/00777-Kreuz-Borgmann-768x1127.jpg 768w, https:\/\/historisches-kirchhellen.de\/wp-content\/uploads\/2019\/08\/00777-Kreuz-Borgmann-698x1024.jpg 698w, https:\/\/historisches-kirchhellen.de\/wp-content\/uploads\/2019\/08\/00777-Kreuz-Borgmann.jpg 1060w\" sizes=\"auto, (max-width: 205px) 100vw, 205px\" \/><\/a><\/figure><\/div>\n\n\n\n<p><em>Textquelle: abge\u00e4ndert nach Schriftenreihe Nr. 19 des Vereins f\u00fcr Orts- und Heimatkunde Kirchhellen<\/em><\/p>\n","protected":false},"excerpt":{"rendered":"<p>Es steht in der Feldflur, fernab des Hofes Borgmann am Lohbraucksweg unter einer stattlichen Linde. Es wird gesagt, dass das Kreuz ein Gel\u00f6bniskreuz f\u00fcr m\u00e4nnlichen &hellip; <\/p>\n","protected":false},"author":1,"featured_media":0,"parent":118,"menu_order":17,"comment_status":"closed","ping_status":"closed","template":"","meta":{"_acf_changed":false,"footnotes":""},"class_list":["post-1228","page","type-page","status-publish","hentry"],"acf":[],"jetpack_sharing_enabled":true,"_links":{"self":[{"href":"https:\/\/historisches-kirchhellen.de\/index.php?rest_route=\/wp\/v2\/pages\/1228","targetHints":{"allow":["GET"]}}],"collection":[{"href":"https:\/\/historisches-kirchhellen.de\/index.php?rest_route=\/wp\/v2\/pages"}],"about":[{"href":"https:\/\/historisches-kirchhellen.de\/index.php?rest_route=\/wp\/v2\/types\/page"}],"author":[{"embeddable":true,"href":"https:\/\/historisches-kirchhellen.de\/index.php?rest_route=\/wp\/v2\/users\/1"}],"replies":[{"embeddable":true,"href":"https:\/\/historisches-kirchhellen.de\/index.php?rest_route=%2Fwp%2Fv2%2Fcomments&post=1228"}],"version-history":[{"count":0,"href":"https:\/\/historisches-kirchhellen.de\/index.php?rest_route=\/wp\/v2\/pages\/1228\/revisions"}],"up":[{"embeddable":true,"href":"https:\/\/historisches-kirchhellen.de\/index.php?rest_route=\/wp\/v2\/pages\/118"}],"wp:attachment":[{"href":"https:\/\/historisches-kirchhellen.de\/index.php?rest_route=%2Fwp%2Fv2%2Fmedia&parent=1228"}],"curies":[{"name":"wp","href":"https:\/\/api.w.org\/{rel}","templated":true}]}}