{"id":1236,"date":"2019-09-01T17:14:39","date_gmt":"2019-09-01T17:14:39","guid":{"rendered":"http:\/\/historisches-kirchhellen.de\/?page_id=1236"},"modified":"2019-09-01T17:14:39","modified_gmt":"2019-09-01T17:14:39","slug":"defften-kreuz","status":"publish","type":"page","link":"https:\/\/historisches-kirchhellen.de\/?page_id=1236","title":{"rendered":"Defften Kreuz"},"content":{"rendered":"\n<p>Der Hof Deffte hat dem Kreuz seinen Namen gegeben. Es stand urspr\u00fcnglich am Alten Postweg bei Heimath. Um 1875 soll es seinen heutigen Platz an der Ecke Sensenfeld\/Am Schleitkamp erhalten haben. Man erz\u00e4hlt, dass bis zur Errichtung der Kirche in Grafenwald sich allabendlich die Gl\u00e4ubigen vor dem Bild des Gekreuzigten zum Gebet versammelt h\u00e4tten. 1937 wurde das Kreuz aufgearbeitet. Anlass hierzu war das Familienfest Deffte und Sensen. Das Datum des Familienfestes wurde am Kreuz vermerkt: 1. Juli 1958. Alle zwei Jahre war das Mal Segensstation bei der Fronleichnamsprozession. Das Kreuz ist wiederholt besch\u00e4digt worden. Am 13.7.1973 berichtete die Zeitung, dass der erst vor wenigen Jahren angebrachte handgeschnitzte Christus-Korpus zerst\u00f6rt worden sei. Das geschah auch in den Jahren 1985\/86. Daraufhin brachte man keinen Christus-.Korpus mehr an. Stattdessen wurden die beiden Balken mit einer Inschrift in Bleibuchstaben versehen. Sie lautet: CHRISTUS WEGWEISER ZUM FRIEDEN.<\/p>\n\n\n\n<div class=\"wp-block-image\"><figure class=\"aligncenter\"><a href=\"http:\/\/historisches-kirchhellen.de\/wp-content\/uploads\/2019\/09\/07106.jpg\"><img loading=\"lazy\" decoding=\"async\" width=\"200\" height=\"300\" src=\"http:\/\/historisches-kirchhellen.de\/wp-content\/uploads\/2019\/09\/07106-200x300.jpg\" alt=\"\" class=\"wp-image-1237\" srcset=\"https:\/\/historisches-kirchhellen.de\/wp-content\/uploads\/2019\/09\/07106-200x300.jpg 200w, https:\/\/historisches-kirchhellen.de\/wp-content\/uploads\/2019\/09\/07106-768x1150.jpg 768w, https:\/\/historisches-kirchhellen.de\/wp-content\/uploads\/2019\/09\/07106-684x1024.jpg 684w, https:\/\/historisches-kirchhellen.de\/wp-content\/uploads\/2019\/09\/07106.jpg 966w\" sizes=\"auto, (max-width: 200px) 100vw, 200px\" \/><\/a><\/figure><\/div>\n\n\n\n<p><em>Textquelle: abge\u00e4ndert nach Schriftenreihe Nr. 19 des Vereins f\u00fcr Orts- und Heimatkunde Kirchhellen<\/em><\/p>\n","protected":false},"excerpt":{"rendered":"<p>Der Hof Deffte hat dem Kreuz seinen Namen gegeben. Es stand urspr\u00fcnglich am Alten Postweg bei Heimath. Um 1875 soll es seinen heutigen Platz an &hellip; <\/p>\n","protected":false},"author":1,"featured_media":0,"parent":118,"menu_order":24,"comment_status":"closed","ping_status":"closed","template":"","meta":{"_acf_changed":false,"footnotes":""},"class_list":["post-1236","page","type-page","status-publish","hentry"],"acf":[],"jetpack_sharing_enabled":true,"_links":{"self":[{"href":"https:\/\/historisches-kirchhellen.de\/index.php?rest_route=\/wp\/v2\/pages\/1236","targetHints":{"allow":["GET"]}}],"collection":[{"href":"https:\/\/historisches-kirchhellen.de\/index.php?rest_route=\/wp\/v2\/pages"}],"about":[{"href":"https:\/\/historisches-kirchhellen.de\/index.php?rest_route=\/wp\/v2\/types\/page"}],"author":[{"embeddable":true,"href":"https:\/\/historisches-kirchhellen.de\/index.php?rest_route=\/wp\/v2\/users\/1"}],"replies":[{"embeddable":true,"href":"https:\/\/historisches-kirchhellen.de\/index.php?rest_route=%2Fwp%2Fv2%2Fcomments&post=1236"}],"version-history":[{"count":0,"href":"https:\/\/historisches-kirchhellen.de\/index.php?rest_route=\/wp\/v2\/pages\/1236\/revisions"}],"up":[{"embeddable":true,"href":"https:\/\/historisches-kirchhellen.de\/index.php?rest_route=\/wp\/v2\/pages\/118"}],"wp:attachment":[{"href":"https:\/\/historisches-kirchhellen.de\/index.php?rest_route=%2Fwp%2Fv2%2Fmedia&parent=1236"}],"curies":[{"name":"wp","href":"https:\/\/api.w.org\/{rel}","templated":true}]}}