{"id":1239,"date":"2019-09-01T17:17:07","date_gmt":"2019-09-01T17:17:07","guid":{"rendered":"http:\/\/historisches-kirchhellen.de\/?page_id=1239"},"modified":"2019-09-01T17:17:08","modified_gmt":"2019-09-01T17:17:08","slug":"holtforts-kreuz","status":"publish","type":"page","link":"https:\/\/historisches-kirchhellen.de\/?page_id=1239","title":{"rendered":"Holtforts Kreuz"},"content":{"rendered":"\n<p>Das alte Kreuz auf dem Kirchplatz in Grafenwald, noch 1976 restauriert, war bereits 1984 so verwittert, dass es kaum mehr zu retten war. Das silberne Priesterjubil\u00e4um vom Pastor und Dechanten F\u00f6geling im Jahre 1984 war ein willkommener Anlass, \u201eErsatz\u201c zu schaffen. Das alte Kreuz ohne Korpus war, da es sich noch in gutem Zustand befand, zum Wegwerfen zu schade. Es fand am Sch\u00e4ferweg, dem Zugang zum Hofe Holtfort, in dem dortigen kleinen W\u00e4ldchen einen neuen Platz und ist somit ein &#8211; wenn auch bescheidener &#8211; religi\u00f6ser Wegweiser.<\/p>\n\n\n\n<div class=\"wp-block-image\"><figure class=\"aligncenter\"><a href=\"http:\/\/historisches-kirchhellen.de\/wp-content\/uploads\/2019\/09\/00852-Gro\u00dfe-Holtforth.jpg\"><img loading=\"lazy\" decoding=\"async\" width=\"206\" height=\"300\" src=\"http:\/\/historisches-kirchhellen.de\/wp-content\/uploads\/2019\/09\/00852-Gro\u00dfe-Holtforth-206x300.jpg\" alt=\"\" class=\"wp-image-1240\" srcset=\"https:\/\/historisches-kirchhellen.de\/wp-content\/uploads\/2019\/09\/00852-Gro\u00dfe-Holtforth-206x300.jpg 206w, https:\/\/historisches-kirchhellen.de\/wp-content\/uploads\/2019\/09\/00852-Gro\u00dfe-Holtforth-768x1121.jpg 768w, https:\/\/historisches-kirchhellen.de\/wp-content\/uploads\/2019\/09\/00852-Gro\u00dfe-Holtforth-701x1024.jpg 701w, https:\/\/historisches-kirchhellen.de\/wp-content\/uploads\/2019\/09\/00852-Gro\u00dfe-Holtforth.jpg 1081w\" sizes=\"auto, (max-width: 206px) 100vw, 206px\" \/><\/a><\/figure><\/div>\n\n\n\n<p><em>Textquelle: abge\u00e4ndert nach Schriftenreihe Nr. 19 des Vereins f\u00fcr Orts- und Heimatkunde Kirchhellen<\/em><\/p>\n","protected":false},"excerpt":{"rendered":"<p>Das alte Kreuz auf dem Kirchplatz in Grafenwald, noch 1976 restauriert, war bereits 1984 so verwittert, dass es kaum mehr zu retten war. Das silberne &hellip; <\/p>\n","protected":false},"author":1,"featured_media":0,"parent":118,"menu_order":20,"comment_status":"closed","ping_status":"closed","template":"","meta":{"_acf_changed":false,"footnotes":""},"class_list":["post-1239","page","type-page","status-publish","hentry"],"acf":[],"jetpack_sharing_enabled":true,"_links":{"self":[{"href":"https:\/\/historisches-kirchhellen.de\/index.php?rest_route=\/wp\/v2\/pages\/1239","targetHints":{"allow":["GET"]}}],"collection":[{"href":"https:\/\/historisches-kirchhellen.de\/index.php?rest_route=\/wp\/v2\/pages"}],"about":[{"href":"https:\/\/historisches-kirchhellen.de\/index.php?rest_route=\/wp\/v2\/types\/page"}],"author":[{"embeddable":true,"href":"https:\/\/historisches-kirchhellen.de\/index.php?rest_route=\/wp\/v2\/users\/1"}],"replies":[{"embeddable":true,"href":"https:\/\/historisches-kirchhellen.de\/index.php?rest_route=%2Fwp%2Fv2%2Fcomments&post=1239"}],"version-history":[{"count":0,"href":"https:\/\/historisches-kirchhellen.de\/index.php?rest_route=\/wp\/v2\/pages\/1239\/revisions"}],"up":[{"embeddable":true,"href":"https:\/\/historisches-kirchhellen.de\/index.php?rest_route=\/wp\/v2\/pages\/118"}],"wp:attachment":[{"href":"https:\/\/historisches-kirchhellen.de\/index.php?rest_route=%2Fwp%2Fv2%2Fmedia&parent=1239"}],"curies":[{"name":"wp","href":"https:\/\/api.w.org\/{rel}","templated":true}]}}