{"id":1247,"date":"2019-09-01T17:24:22","date_gmt":"2019-09-01T17:24:22","guid":{"rendered":"http:\/\/historisches-kirchhellen.de\/?page_id=1247"},"modified":"2019-09-01T17:24:23","modified_gmt":"2019-09-01T17:24:23","slug":"schoenstatt-madonna-am-kirchplatz-grafenwald","status":"publish","type":"page","link":"https:\/\/historisches-kirchhellen.de\/?page_id=1247","title":{"rendered":"Sch\u00f6nstatt-Madonna am Kirchplatz Grafenwald"},"content":{"rendered":"\n<p>Am Rande des Kirchplatzes zum Prozessionsweg hin ist seit 1984 ein Bildst\u00f6ckchen in Holz mit der Wiedergabe der Sch\u00f6nstatt-Madonna aufgestellt. Das Bild aus Metall ist eine Stiftung und auch als Geschenk an den Pastor F\u00f6geling aus Anlass seines Silbernen Priester-Jubil\u00e4ums zu betrachten. Die Anregung hierzu kam, laut Zeitungsbericht, aus den Reihen der Firmlinge der Pfarrgemeinde Grafenwald.<\/p>\n\n\n\n<p><em>Textquelle: abge\u00e4ndert nach Schriftenreihe Nr. 19 des Vereins f\u00fcr Orts- und Heimatkunde Kirchhellen<\/em><\/p>\n","protected":false},"excerpt":{"rendered":"<p>Am Rande des Kirchplatzes zum Prozessionsweg hin ist seit 1984 ein Bildst\u00f6ckchen in Holz mit der Wiedergabe der Sch\u00f6nstatt-Madonna aufgestellt. Das Bild aus Metall ist &hellip; <\/p>\n","protected":false},"author":1,"featured_media":0,"parent":118,"menu_order":22,"comment_status":"closed","ping_status":"closed","template":"","meta":{"_acf_changed":false,"footnotes":""},"class_list":["post-1247","page","type-page","status-publish","hentry"],"acf":[],"jetpack_sharing_enabled":true,"_links":{"self":[{"href":"https:\/\/historisches-kirchhellen.de\/index.php?rest_route=\/wp\/v2\/pages\/1247","targetHints":{"allow":["GET"]}}],"collection":[{"href":"https:\/\/historisches-kirchhellen.de\/index.php?rest_route=\/wp\/v2\/pages"}],"about":[{"href":"https:\/\/historisches-kirchhellen.de\/index.php?rest_route=\/wp\/v2\/types\/page"}],"author":[{"embeddable":true,"href":"https:\/\/historisches-kirchhellen.de\/index.php?rest_route=\/wp\/v2\/users\/1"}],"replies":[{"embeddable":true,"href":"https:\/\/historisches-kirchhellen.de\/index.php?rest_route=%2Fwp%2Fv2%2Fcomments&post=1247"}],"version-history":[{"count":0,"href":"https:\/\/historisches-kirchhellen.de\/index.php?rest_route=\/wp\/v2\/pages\/1247\/revisions"}],"up":[{"embeddable":true,"href":"https:\/\/historisches-kirchhellen.de\/index.php?rest_route=\/wp\/v2\/pages\/118"}],"wp:attachment":[{"href":"https:\/\/historisches-kirchhellen.de\/index.php?rest_route=%2Fwp%2Fv2%2Fmedia&parent=1247"}],"curies":[{"name":"wp","href":"https:\/\/api.w.org\/{rel}","templated":true}]}}