{"id":1255,"date":"2019-09-01T17:36:50","date_gmt":"2019-09-01T17:36:50","guid":{"rendered":"http:\/\/historisches-kirchhellen.de\/?page_id=1255"},"modified":"2019-09-01T17:36:50","modified_gmt":"2019-09-01T17:36:50","slug":"brinkerts-kreuz","status":"publish","type":"page","link":"https:\/\/historisches-kirchhellen.de\/?page_id=1255","title":{"rendered":"Brinkerts Kreuz"},"content":{"rendered":"\n<p>An der Verbindungsstra\u00dfe von der Grafenm\u00fchle zum Alten Postweg nach Norden zu liegt das Haus Brinkert. Im Vorgarten steht ein gro\u00dfes Holzkreuz. Verantwortlich hierf\u00fcr zeichnen ebenfalls die Firmlinge des Jahrgangs 1983, die, durch den Ruf des Pastors F\u00f6geling aufgeweckt, Aktivit\u00e4ten entfalteten.<\/p>\n\n\n\n<div class=\"wp-block-image\"><figure class=\"aligncenter\"><a href=\"http:\/\/historisches-kirchhellen.de\/wp-content\/uploads\/2019\/09\/00864-Brinkert.jpg\"><img loading=\"lazy\" decoding=\"async\" width=\"208\" height=\"300\" src=\"http:\/\/historisches-kirchhellen.de\/wp-content\/uploads\/2019\/09\/00864-Brinkert-208x300.jpg\" alt=\"\" class=\"wp-image-1256\" srcset=\"https:\/\/historisches-kirchhellen.de\/wp-content\/uploads\/2019\/09\/00864-Brinkert-208x300.jpg 208w, https:\/\/historisches-kirchhellen.de\/wp-content\/uploads\/2019\/09\/00864-Brinkert-768x1109.jpg 768w, https:\/\/historisches-kirchhellen.de\/wp-content\/uploads\/2019\/09\/00864-Brinkert-709x1024.jpg 709w, https:\/\/historisches-kirchhellen.de\/wp-content\/uploads\/2019\/09\/00864-Brinkert.jpg 1072w\" sizes=\"auto, (max-width: 208px) 100vw, 208px\" \/><\/a><\/figure><\/div>\n\n\n\n<p><em>Textquelle: abge\u00e4ndert nach Schriftenreihe Nr. 19 des Vereins f\u00fcr Orts- und Heimatkunde Kirchhellen<\/em><\/p>\n","protected":false},"excerpt":{"rendered":"<p>An der Verbindungsstra\u00dfe von der Grafenm\u00fchle zum Alten Postweg nach Norden zu liegt das Haus Brinkert. Im Vorgarten steht ein gro\u00dfes Holzkreuz. Verantwortlich hierf\u00fcr zeichnen &hellip; <\/p>\n","protected":false},"author":1,"featured_media":0,"parent":118,"menu_order":27,"comment_status":"closed","ping_status":"closed","template":"","meta":{"_acf_changed":false,"footnotes":""},"class_list":["post-1255","page","type-page","status-publish","hentry"],"acf":[],"jetpack_sharing_enabled":true,"_links":{"self":[{"href":"https:\/\/historisches-kirchhellen.de\/index.php?rest_route=\/wp\/v2\/pages\/1255","targetHints":{"allow":["GET"]}}],"collection":[{"href":"https:\/\/historisches-kirchhellen.de\/index.php?rest_route=\/wp\/v2\/pages"}],"about":[{"href":"https:\/\/historisches-kirchhellen.de\/index.php?rest_route=\/wp\/v2\/types\/page"}],"author":[{"embeddable":true,"href":"https:\/\/historisches-kirchhellen.de\/index.php?rest_route=\/wp\/v2\/users\/1"}],"replies":[{"embeddable":true,"href":"https:\/\/historisches-kirchhellen.de\/index.php?rest_route=%2Fwp%2Fv2%2Fcomments&post=1255"}],"version-history":[{"count":0,"href":"https:\/\/historisches-kirchhellen.de\/index.php?rest_route=\/wp\/v2\/pages\/1255\/revisions"}],"up":[{"embeddable":true,"href":"https:\/\/historisches-kirchhellen.de\/index.php?rest_route=\/wp\/v2\/pages\/118"}],"wp:attachment":[{"href":"https:\/\/historisches-kirchhellen.de\/index.php?rest_route=%2Fwp%2Fv2%2Fmedia&parent=1255"}],"curies":[{"name":"wp","href":"https:\/\/api.w.org\/{rel}","templated":true}]}}