{"id":1258,"date":"2019-09-01T17:41:06","date_gmt":"2019-09-01T17:41:06","guid":{"rendered":"http:\/\/historisches-kirchhellen.de\/?page_id=1258"},"modified":"2019-09-01T17:41:06","modified_gmt":"2019-09-01T17:41:06","slug":"kreuz-auf-dem-gutshof-fernewald","status":"publish","type":"page","link":"https:\/\/historisches-kirchhellen.de\/?page_id=1258","title":{"rendered":"Kreuz auf dem Gutshof Fernewald"},"content":{"rendered":"\n<p>Auch auf dem Gutshof ist man dem Aufruf des Pastors F\u00f6geling, Wegekreuze zu errichten, gefolgt und hat 1984 ein Kreuz aufgestellt. Es steht in den fr\u00fcheren Anlagen des Hofes an der Fernewaldstra\u00dfe. Der Hof wurde nach einem Brand aufgegeben und an dessen Stelle die Halde Sch\u00f6ttelheide aufgesch\u00fcttet. Das Kreuz trug zun\u00e4chst nur die Inschrift I.N.R.I., wurde jedoch bald durch einen heute nicht mehr vorhandenen Christus-Korpus vervollst\u00e4ndigt. Das etwa 2,20 Meter hohe, \u00fcberdachte Holzkreuz steht auf einem etwa 60 Zentimeter hohen gepflasterten H\u00fcgel mit Blickrichtung zur Halde Sch\u00f6ttelheide.<\/p>\n\n\n\n<ul class=\"wp-block-gallery columns-2 is-cropped wp-block-gallery-1 is-layout-flex wp-block-gallery-is-layout-flex\"><li class=\"blocks-gallery-item\"><figure><a href=\"http:\/\/historisches-kirchhellen.de\/wp-content\/uploads\/2019\/09\/00858-Gutshof-702x1024.jpg\"><img loading=\"lazy\" decoding=\"async\" width=\"702\" height=\"1024\" src=\"http:\/\/historisches-kirchhellen.de\/wp-content\/uploads\/2019\/09\/00858-Gutshof-702x1024.jpg\" alt=\"\" data-id=\"1260\" data-link=\"http:\/\/historisches-kirchhellen.de\/?attachment_id=1260#main\" class=\"wp-image-1260\" srcset=\"https:\/\/historisches-kirchhellen.de\/wp-content\/uploads\/2019\/09\/00858-Gutshof-702x1024.jpg 702w, https:\/\/historisches-kirchhellen.de\/wp-content\/uploads\/2019\/09\/00858-Gutshof-206x300.jpg 206w, https:\/\/historisches-kirchhellen.de\/wp-content\/uploads\/2019\/09\/00858-Gutshof-768x1119.jpg 768w, https:\/\/historisches-kirchhellen.de\/wp-content\/uploads\/2019\/09\/00858-Gutshof.jpg 1075w\" sizes=\"auto, (max-width: 702px) 100vw, 702px\" \/><\/a><\/figure><\/li><li class=\"blocks-gallery-item\"><figure><a href=\"http:\/\/historisches-kirchhellen.de\/wp-content\/uploads\/2019\/09\/00859-Gutshof-1-711x1024.jpg\"><img loading=\"lazy\" decoding=\"async\" width=\"711\" height=\"1024\" src=\"http:\/\/historisches-kirchhellen.de\/wp-content\/uploads\/2019\/09\/00859-Gutshof-1-711x1024.jpg\" alt=\"\" data-id=\"1261\" data-link=\"http:\/\/historisches-kirchhellen.de\/?attachment_id=1261#main\" class=\"wp-image-1261\" srcset=\"https:\/\/historisches-kirchhellen.de\/wp-content\/uploads\/2019\/09\/00859-Gutshof-1-711x1024.jpg 711w, https:\/\/historisches-kirchhellen.de\/wp-content\/uploads\/2019\/09\/00859-Gutshof-1-208x300.jpg 208w, https:\/\/historisches-kirchhellen.de\/wp-content\/uploads\/2019\/09\/00859-Gutshof-1-768x1106.jpg 768w, https:\/\/historisches-kirchhellen.de\/wp-content\/uploads\/2019\/09\/00859-Gutshof-1.jpg 1100w\" sizes=\"auto, (max-width: 711px) 100vw, 711px\" \/><\/a><\/figure><\/li><\/ul>\n\n\n\n<p><em>Textquelle: abge\u00e4ndert nach Schriftenreihe Nr. 19 des Vereins f\u00fcr Orts- und Heimatkunde Kirchhellen<\/em><\/p>\n","protected":false},"excerpt":{"rendered":"<p>Auch auf dem Gutshof ist man dem Aufruf des Pastors F\u00f6geling, Wegekreuze zu errichten, gefolgt und hat 1984 ein Kreuz aufgestellt. Es steht in den &hellip; <\/p>\n","protected":false},"author":1,"featured_media":0,"parent":118,"menu_order":26,"comment_status":"closed","ping_status":"closed","template":"","meta":{"_acf_changed":false,"footnotes":""},"class_list":["post-1258","page","type-page","status-publish","hentry"],"acf":[],"jetpack_sharing_enabled":true,"_links":{"self":[{"href":"https:\/\/historisches-kirchhellen.de\/index.php?rest_route=\/wp\/v2\/pages\/1258","targetHints":{"allow":["GET"]}}],"collection":[{"href":"https:\/\/historisches-kirchhellen.de\/index.php?rest_route=\/wp\/v2\/pages"}],"about":[{"href":"https:\/\/historisches-kirchhellen.de\/index.php?rest_route=\/wp\/v2\/types\/page"}],"author":[{"embeddable":true,"href":"https:\/\/historisches-kirchhellen.de\/index.php?rest_route=\/wp\/v2\/users\/1"}],"replies":[{"embeddable":true,"href":"https:\/\/historisches-kirchhellen.de\/index.php?rest_route=%2Fwp%2Fv2%2Fcomments&post=1258"}],"version-history":[{"count":0,"href":"https:\/\/historisches-kirchhellen.de\/index.php?rest_route=\/wp\/v2\/pages\/1258\/revisions"}],"up":[{"embeddable":true,"href":"https:\/\/historisches-kirchhellen.de\/index.php?rest_route=\/wp\/v2\/pages\/118"}],"wp:attachment":[{"href":"https:\/\/historisches-kirchhellen.de\/index.php?rest_route=%2Fwp%2Fv2%2Fmedia&parent=1258"}],"curies":[{"name":"wp","href":"https:\/\/api.w.org\/{rel}","templated":true}]}}