{"id":126,"date":"2019-05-15T17:31:02","date_gmt":"2019-05-15T17:31:02","guid":{"rendered":"http:\/\/historisches-kirchhellen.de\/?page_id=126"},"modified":"2019-09-22T21:27:48","modified_gmt":"2019-09-22T19:27:48","slug":"adelsbredde","status":"publish","type":"page","link":"https:\/\/historisches-kirchhellen.de\/?page_id=126","title":{"rendered":"Adelsbredde"},"content":{"rendered":"\n<p>Die Adelsbredde stellt die Verl\u00e4ngerung des <a href=\"http:\/\/historisches-kirchhellen.de\/?page_id=310\">M\u00fchlenpatts<\/a> von Enbergs zur <a href=\"http:\/\/historisches-kirchhellen.de\/?page_id=528\">Dorstener Stra\u00dfe<\/a> her. <\/p>\n\n\n\n<p>Dieser Name besteht nur aus zwei Teilen: Adel und Bredde. Adel hat mit &#8222;adelig&#8220; oder &#8222;edel&#8220; nichts zu tun. Zugrunde liegt hier das indogermanische Wort &#8222;ad&#8220; f\u00fcr Wasser. Im Laufe der Jahrhunderte hat dieses &#8222;ad&#8220; eine Bedeutungsverschlechterung erfahren, aus &#8222;ad&#8220; = Wasser wurde im Oberdeutschen &#8222;Adel&#8220; = Jauche, ebenso im Niederdeutschen. Siehe: Ahle = Jauche, Ahlfatt = Jauchefass. &nbsp;Mit &#8222;Bredde&#8220; (hochdeutsch: breite) ist eine flache Ebene gemeint, die nicht unbedingt feucht oder gar sumpfig sein braucht. <\/p>\n\n\n\n<figure class=\"wp-block-image\"><a href=\"http:\/\/historisches-kirchhellen.de\/wp-content\/uploads\/2019\/09\/Adelsbredde-neu.jpg\"><img loading=\"lazy\" decoding=\"async\" width=\"1024\" height=\"768\" src=\"http:\/\/historisches-kirchhellen.de\/wp-content\/uploads\/2019\/09\/Adelsbredde-neu-1024x768.jpg\" alt=\"\" class=\"wp-image-1361\" srcset=\"https:\/\/historisches-kirchhellen.de\/wp-content\/uploads\/2019\/09\/Adelsbredde-neu-1024x768.jpg 1024w, https:\/\/historisches-kirchhellen.de\/wp-content\/uploads\/2019\/09\/Adelsbredde-neu-300x225.jpg 300w, https:\/\/historisches-kirchhellen.de\/wp-content\/uploads\/2019\/09\/Adelsbredde-neu-768x576.jpg 768w\" sizes=\"auto, (max-width: 1024px) 100vw, 1024px\" \/><\/a><\/figure>\n","protected":false},"excerpt":{"rendered":"<p>Die Adelsbredde stellt die Verl\u00e4ngerung des M\u00fchlenpatts von Enbergs zur Dorstener Stra\u00dfe her. Dieser Name besteht nur aus zwei Teilen: Adel und Bredde. Adel hat &hellip; <\/p>\n","protected":false},"author":1,"featured_media":0,"parent":123,"menu_order":101,"comment_status":"closed","ping_status":"closed","template":"","meta":{"_acf_changed":false,"footnotes":""},"class_list":["post-126","page","type-page","status-publish","hentry"],"acf":[],"jetpack_sharing_enabled":true,"_links":{"self":[{"href":"https:\/\/historisches-kirchhellen.de\/index.php?rest_route=\/wp\/v2\/pages\/126","targetHints":{"allow":["GET"]}}],"collection":[{"href":"https:\/\/historisches-kirchhellen.de\/index.php?rest_route=\/wp\/v2\/pages"}],"about":[{"href":"https:\/\/historisches-kirchhellen.de\/index.php?rest_route=\/wp\/v2\/types\/page"}],"author":[{"embeddable":true,"href":"https:\/\/historisches-kirchhellen.de\/index.php?rest_route=\/wp\/v2\/users\/1"}],"replies":[{"embeddable":true,"href":"https:\/\/historisches-kirchhellen.de\/index.php?rest_route=%2Fwp%2Fv2%2Fcomments&post=126"}],"version-history":[{"count":0,"href":"https:\/\/historisches-kirchhellen.de\/index.php?rest_route=\/wp\/v2\/pages\/126\/revisions"}],"up":[{"embeddable":true,"href":"https:\/\/historisches-kirchhellen.de\/index.php?rest_route=\/wp\/v2\/pages\/123"}],"wp:attachment":[{"href":"https:\/\/historisches-kirchhellen.de\/index.php?rest_route=%2Fwp%2Fv2%2Fmedia&parent=126"}],"curies":[{"name":"wp","href":"https:\/\/api.w.org\/{rel}","templated":true}]}}