{"id":1269,"date":"2019-09-01T17:46:34","date_gmt":"2019-09-01T17:46:34","guid":{"rendered":"http:\/\/historisches-kirchhellen.de\/?page_id=1269"},"modified":"2019-09-01T17:46:35","modified_gmt":"2019-09-01T17:46:35","slug":"hofkreuz-bussmann","status":"publish","type":"page","link":"https:\/\/historisches-kirchhellen.de\/?page_id=1269","title":{"rendered":"Hofkreuz Bu\u00dfmann"},"content":{"rendered":"\n<p>Unmittelbar am westlichen Hofsaum des Hofes Bu\u00dfmann an der Dorstener Stra\u00dfe hatte das Kreuz seinen Standort. Man erz\u00e4hlt, dass es sich um ein S\u00fchnekreuz handelt, das nicht einmal im Zusammenhang mit dem Hof Bu\u00dfmann stehen soll. Doch dies wurde von der Familie Bu\u00dfmann nicht best\u00e4tigt. Sie h\u00e4lt es vielmehr f\u00fcr wahrscheinlich, dass die Errichtung mit Wallfahrten (Prozessionen) zum Hagelkreuz in Overhagen zusammenh\u00e4ngt. Der Weg westlich des Hofes war bereits fr\u00fcher Teil einer von Dorsten ausgehenden Route, \u00fcber die Dorstener zum Hagelkreuz wallfahrteten. Tr\u00e4fe dies zu, so w\u00fcrde es sich um eine sehr alte Stiftung handeln. Denn das Hagelkreuz ist 1668 errichtet worden. Das Bu\u00dfmann&#8217;sche Kreuz ist von seinem urspr\u00fcnglichen Standort entfernt worden.<\/p>\n\n\n\n<div class=\"wp-block-image\"><figure class=\"aligncenter\"><a href=\"http:\/\/historisches-kirchhellen.de\/wp-content\/uploads\/2019\/09\/06205.jpg\"><img loading=\"lazy\" decoding=\"async\" width=\"200\" height=\"300\" src=\"http:\/\/historisches-kirchhellen.de\/wp-content\/uploads\/2019\/09\/06205-200x300.jpg\" alt=\"\" class=\"wp-image-1270\" srcset=\"https:\/\/historisches-kirchhellen.de\/wp-content\/uploads\/2019\/09\/06205-200x300.jpg 200w, https:\/\/historisches-kirchhellen.de\/wp-content\/uploads\/2019\/09\/06205-768x1152.jpg 768w, https:\/\/historisches-kirchhellen.de\/wp-content\/uploads\/2019\/09\/06205-683x1024.jpg 683w\" sizes=\"auto, (max-width: 200px) 100vw, 200px\" \/><\/a><\/figure><\/div>\n\n\n\n<p><em>Textquelle: abge\u00e4ndert nach Schriftenreihe Nr. 19 des Vereins f\u00fcr Orts- und Heimatkunde Kirchhellen<\/em><\/p>\n","protected":false},"excerpt":{"rendered":"<p>Unmittelbar am westlichen Hofsaum des Hofes Bu\u00dfmann an der Dorstener Stra\u00dfe hatte das Kreuz seinen Standort. Man erz\u00e4hlt, dass es sich um ein S\u00fchnekreuz handelt, &hellip; <\/p>\n","protected":false},"author":1,"featured_media":0,"parent":118,"menu_order":28,"comment_status":"closed","ping_status":"closed","template":"","meta":{"_acf_changed":false,"footnotes":""},"class_list":["post-1269","page","type-page","status-publish","hentry"],"acf":[],"jetpack_sharing_enabled":true,"_links":{"self":[{"href":"https:\/\/historisches-kirchhellen.de\/index.php?rest_route=\/wp\/v2\/pages\/1269","targetHints":{"allow":["GET"]}}],"collection":[{"href":"https:\/\/historisches-kirchhellen.de\/index.php?rest_route=\/wp\/v2\/pages"}],"about":[{"href":"https:\/\/historisches-kirchhellen.de\/index.php?rest_route=\/wp\/v2\/types\/page"}],"author":[{"embeddable":true,"href":"https:\/\/historisches-kirchhellen.de\/index.php?rest_route=\/wp\/v2\/users\/1"}],"replies":[{"embeddable":true,"href":"https:\/\/historisches-kirchhellen.de\/index.php?rest_route=%2Fwp%2Fv2%2Fcomments&post=1269"}],"version-history":[{"count":0,"href":"https:\/\/historisches-kirchhellen.de\/index.php?rest_route=\/wp\/v2\/pages\/1269\/revisions"}],"up":[{"embeddable":true,"href":"https:\/\/historisches-kirchhellen.de\/index.php?rest_route=\/wp\/v2\/pages\/118"}],"wp:attachment":[{"href":"https:\/\/historisches-kirchhellen.de\/index.php?rest_route=%2Fwp%2Fv2%2Fmedia&parent=1269"}],"curies":[{"name":"wp","href":"https:\/\/api.w.org\/{rel}","templated":true}]}}