{"id":1273,"date":"2019-09-01T17:53:01","date_gmt":"2019-09-01T17:53:01","guid":{"rendered":"http:\/\/historisches-kirchhellen.de\/?page_id=1273"},"modified":"2019-09-01T17:53:01","modified_gmt":"2019-09-01T17:53:01","slug":"liborikapelle","status":"publish","type":"page","link":"https:\/\/historisches-kirchhellen.de\/?page_id=1273","title":{"rendered":"Liborikapelle"},"content":{"rendered":"\n<p>Das Kapellchen, f\u00fcr das als Baumeister Johann Conrad Schlaun verantwortlich zeichnete, ist, wie die Jahreszahl \u00fcber dem Portal angibt, aus dem Jahre 1751. Es war Haus Beck zugeh\u00f6rig. In dem Band \u201eBau- und Kunstdenkm\u00e4ler&#8230; des Landkreises Recklinghausen\u201c von K\u00f6rner ist es wie folgt beschrieben:<br> \u201eDer Putzbau mit Sandsteingliederungen hat einen quadratischen Grundriss, der im Lichten 2,65 gro\u00df ist. Die Ecken sind abgeschr\u00e4gt und im \u00c4u\u00dferen von Lisenen eingefasst. Der Eingang ist flachbogig geschlossen und f\u00fchrt im Bogenschluss das Wappen derer von Wenge und die Jahreszahl 1751. In einer Halbrundnische an der R\u00fcckseite befindet sich eine verst\u00fcmmelte Steinfigur des heiligen Liborius. Der Innenraum der Kapelle ist mit einer Holzdecke versehen. An der dem Eingang gegen\u00fcberliegenden Wand ist ein Kruzifix aufgestellt, daneben rechts und links die Steinfiguren der Mutter Anna und der heiligen Walburgis, alles Arbeiten aus dem 18. Jahrhundert.\u201c<\/p>\n\n\n\n<p>Das Kapellchen hat einen Namen. Bis um 1950 hie\u00df es allgemein \u201eHeiligenh\u00e4us&#8217;chen\u201c,  plattdeutsch Hilligenh\u00fcsken. Wie in der obigen Baubeschreibung angegeben, barg eine fr\u00fcher vorhandene halbrunde Nische an der S\u00fcdwand bis um 1930\/35 die Statue des heiligen Liborius. Obwohl diese verst\u00fcmmelte Statue nicht mehr vorhanden war, ersetzte der damalige Feldhausener Pastor Oomen die von ihm als zu allgemein angesehene Bezeichnung durch Liborikapelle. Von ihm hat der vor\u00fcberf\u00fchrende Nord-S\u00fcd-Weg den Namen Liboriweg erhalten. Die Kapelle hat nicht unerhebliche Kriegssch\u00e4den erlitten. Verschwunden ist die erw\u00e4hnte reiche Ausstattung bis auf das Sandstein-Kruzifix. Dieses hatte nur geringe, durchaus reparable Sch\u00e4den erlitten. Nach einer notd\u00fcrftigen Unterbringung im Schloss Beck kam es in den Kirchenkeller, beim Einbau der Kirchenheizung ins Pfarrhaus. Den dortigen Platz im damaligen Stallgeb\u00e4ude musste es nach dem Ausbau zum Jugendheim aufgeben. Auf Veranlassung des Architekten wurde das Kreuz vergraben. Nach dem Verkauf von Haus Beck und seiner L\u00e4ndereien kam die Kapelle in das Eigentum des Bauern Wilhelm Becker. F\u00fcr die noch immer besch\u00e4digte Kapelle interessierten sich die \u201eSch\u00f6nst\u00e4tter\u201c, eine von dem Pater Kentenich ins Leben gerufene Bewegung zur besonderen Verehrung der Mutter Gottes. Sie \u00fcbernahmen die Restaurierung der Kapelle und erhielten das Recht, eine Andachtsst\u00e4tte zur Verehrung der Gottesmutter zu schaffen. Kapelle und Kapellenplatz befinden sich seither in einem tadellosen Zustand. Die Kapelle ist von einigen m\u00e4chtigen Linden umrahmt. Eine sehr alte Hainbuche, die sich zur falschen Seite, zum Lippweg geneigt hatte, musste aus Sicherheitsgr\u00fcnden gef\u00e4llt werden. Es erscheint eigenartig, dass die Kapelle nicht nach dem vorbeif\u00fchrenden Lippweg ausgerichtet ist, der Eingang weist vielmehr nach Norden. Ein fr\u00fcherer Weg, der vom Schloss kommend die gro\u00dfe Flur diagonal in Richtung Lippweg durchschnitt, f\u00fchrte somit am Eingang vorbei. <\/p>\n\n\n\n<ul class=\"wp-block-gallery columns-3 is-cropped wp-block-gallery-1 is-layout-flex wp-block-gallery-is-layout-flex\"><li class=\"blocks-gallery-item\"><figure><a href=\"http:\/\/historisches-kirchhellen.de\/wp-content\/uploads\/2019\/09\/00804-Liborikapelle-1024x691.jpg\"><img loading=\"lazy\" decoding=\"async\" width=\"1024\" height=\"691\" src=\"http:\/\/historisches-kirchhellen.de\/wp-content\/uploads\/2019\/09\/00804-Liborikapelle-1024x691.jpg\" alt=\"\" data-id=\"1274\" data-link=\"http:\/\/historisches-kirchhellen.de\/?attachment_id=1274#main\" class=\"wp-image-1274\" srcset=\"https:\/\/historisches-kirchhellen.de\/wp-content\/uploads\/2019\/09\/00804-Liborikapelle-1024x691.jpg 1024w, https:\/\/historisches-kirchhellen.de\/wp-content\/uploads\/2019\/09\/00804-Liborikapelle-300x203.jpg 300w, https:\/\/historisches-kirchhellen.de\/wp-content\/uploads\/2019\/09\/00804-Liborikapelle-768x518.jpg 768w, https:\/\/historisches-kirchhellen.de\/wp-content\/uploads\/2019\/09\/00804-Liborikapelle.jpg 1600w\" sizes=\"auto, (max-width: 1024px) 100vw, 1024px\" \/><\/a><\/figure><\/li><li class=\"blocks-gallery-item\"><figure><a href=\"http:\/\/historisches-kirchhellen.de\/wp-content\/uploads\/2019\/09\/00805-Liborikapelle-1024x749.jpg\"><img loading=\"lazy\" decoding=\"async\" width=\"1024\" height=\"749\" src=\"http:\/\/historisches-kirchhellen.de\/wp-content\/uploads\/2019\/09\/00805-Liborikapelle-1024x749.jpg\" alt=\"\" data-id=\"1275\" data-link=\"http:\/\/historisches-kirchhellen.de\/?attachment_id=1275#main\" class=\"wp-image-1275\" srcset=\"https:\/\/historisches-kirchhellen.de\/wp-content\/uploads\/2019\/09\/00805-Liborikapelle-1024x749.jpg 1024w, https:\/\/historisches-kirchhellen.de\/wp-content\/uploads\/2019\/09\/00805-Liborikapelle-300x219.jpg 300w, https:\/\/historisches-kirchhellen.de\/wp-content\/uploads\/2019\/09\/00805-Liborikapelle-768x562.jpg 768w\" sizes=\"auto, (max-width: 1024px) 100vw, 1024px\" \/><\/a><\/figure><\/li><li class=\"blocks-gallery-item\"><figure><a href=\"http:\/\/historisches-kirchhellen.de\/wp-content\/uploads\/2019\/09\/01860-759x1024.jpg\"><img loading=\"lazy\" decoding=\"async\" width=\"759\" height=\"1024\" src=\"http:\/\/historisches-kirchhellen.de\/wp-content\/uploads\/2019\/09\/01860-759x1024.jpg\" alt=\"\" data-id=\"1276\" data-link=\"http:\/\/historisches-kirchhellen.de\/?attachment_id=1276#main\" class=\"wp-image-1276\" srcset=\"https:\/\/historisches-kirchhellen.de\/wp-content\/uploads\/2019\/09\/01860-759x1024.jpg 759w, https:\/\/historisches-kirchhellen.de\/wp-content\/uploads\/2019\/09\/01860-222x300.jpg 222w, https:\/\/historisches-kirchhellen.de\/wp-content\/uploads\/2019\/09\/01860-768x1036.jpg 768w, https:\/\/historisches-kirchhellen.de\/wp-content\/uploads\/2019\/09\/01860.jpg 1998w\" sizes=\"auto, (max-width: 759px) 100vw, 759px\" \/><\/a><\/figure><\/li><li class=\"blocks-gallery-item\"><figure><a href=\"http:\/\/historisches-kirchhellen.de\/wp-content\/uploads\/2019\/09\/IMG_0542-1024x683.jpg\"><img loading=\"lazy\" decoding=\"async\" width=\"1024\" height=\"683\" src=\"http:\/\/historisches-kirchhellen.de\/wp-content\/uploads\/2019\/09\/IMG_0542-1024x683.jpg\" alt=\"\" data-id=\"1277\" data-link=\"http:\/\/historisches-kirchhellen.de\/?attachment_id=1277#main\" class=\"wp-image-1277\" srcset=\"https:\/\/historisches-kirchhellen.de\/wp-content\/uploads\/2019\/09\/IMG_0542-1024x683.jpg 1024w, https:\/\/historisches-kirchhellen.de\/wp-content\/uploads\/2019\/09\/IMG_0542-300x200.jpg 300w, https:\/\/historisches-kirchhellen.de\/wp-content\/uploads\/2019\/09\/IMG_0542-768x512.jpg 768w\" sizes=\"auto, (max-width: 1024px) 100vw, 1024px\" \/><\/a><\/figure><\/li><\/ul>\n\n\n\n<p><em>Textquelle: abge\u00e4ndert nach Schriftenreihe Nr. 19 des Vereins f\u00fcr Orts- und Heimatkunde Kirchhellen<\/em><\/p>\n","protected":false},"excerpt":{"rendered":"<p>Das Kapellchen, f\u00fcr das als Baumeister Johann Conrad Schlaun verantwortlich zeichnete, ist, wie die Jahreszahl \u00fcber dem Portal angibt, aus dem Jahre 1751. Es war &hellip; <\/p>\n","protected":false},"author":1,"featured_media":0,"parent":118,"menu_order":29,"comment_status":"closed","ping_status":"closed","template":"","meta":{"_acf_changed":false,"footnotes":""},"class_list":["post-1273","page","type-page","status-publish","hentry"],"acf":[],"jetpack_sharing_enabled":true,"_links":{"self":[{"href":"https:\/\/historisches-kirchhellen.de\/index.php?rest_route=\/wp\/v2\/pages\/1273","targetHints":{"allow":["GET"]}}],"collection":[{"href":"https:\/\/historisches-kirchhellen.de\/index.php?rest_route=\/wp\/v2\/pages"}],"about":[{"href":"https:\/\/historisches-kirchhellen.de\/index.php?rest_route=\/wp\/v2\/types\/page"}],"author":[{"embeddable":true,"href":"https:\/\/historisches-kirchhellen.de\/index.php?rest_route=\/wp\/v2\/users\/1"}],"replies":[{"embeddable":true,"href":"https:\/\/historisches-kirchhellen.de\/index.php?rest_route=%2Fwp%2Fv2%2Fcomments&post=1273"}],"version-history":[{"count":0,"href":"https:\/\/historisches-kirchhellen.de\/index.php?rest_route=\/wp\/v2\/pages\/1273\/revisions"}],"up":[{"embeddable":true,"href":"https:\/\/historisches-kirchhellen.de\/index.php?rest_route=\/wp\/v2\/pages\/118"}],"wp:attachment":[{"href":"https:\/\/historisches-kirchhellen.de\/index.php?rest_route=%2Fwp%2Fv2%2Fmedia&parent=1273"}],"curies":[{"name":"wp","href":"https:\/\/api.w.org\/{rel}","templated":true}]}}