{"id":136,"date":"2019-05-15T17:38:11","date_gmt":"2019-05-15T17:38:11","guid":{"rendered":"http:\/\/historisches-kirchhellen.de\/?page_id=136"},"modified":"2019-05-15T17:38:11","modified_gmt":"2019-05-15T17:38:11","slug":"am-alten-saegewerk","status":"publish","type":"page","link":"https:\/\/historisches-kirchhellen.de\/?page_id=136","title":{"rendered":"Am alten S\u00e4gewerk"},"content":{"rendered":"\n<p>\n\nDie Stra\u00dfe &#8222;Am Alten S\u00e4gewerk&#8220; ist eine Stichstra\u00dfe von der Hauptstra\u00dfe in s\u00fcdlicher Richtung ausgehend. Da die Stra\u00dfe im Bereich des ehemaligen S\u00e4gewerks Liesenklas liegt, wurde sie hiernach benannt.\n\n<\/p>\n","protected":false},"excerpt":{"rendered":"<p>Die Stra\u00dfe &#8222;Am Alten S\u00e4gewerk&#8220; ist eine Stichstra\u00dfe von der Hauptstra\u00dfe in s\u00fcdlicher Richtung ausgehend. Da die Stra\u00dfe im Bereich des ehemaligen S\u00e4gewerks Liesenklas liegt, &hellip; <\/p>\n","protected":false},"author":1,"featured_media":0,"parent":123,"menu_order":106,"comment_status":"closed","ping_status":"closed","template":"","meta":{"_acf_changed":false,"footnotes":""},"class_list":["post-136","page","type-page","status-publish","hentry"],"acf":[],"jetpack_sharing_enabled":true,"_links":{"self":[{"href":"https:\/\/historisches-kirchhellen.de\/index.php?rest_route=\/wp\/v2\/pages\/136","targetHints":{"allow":["GET"]}}],"collection":[{"href":"https:\/\/historisches-kirchhellen.de\/index.php?rest_route=\/wp\/v2\/pages"}],"about":[{"href":"https:\/\/historisches-kirchhellen.de\/index.php?rest_route=\/wp\/v2\/types\/page"}],"author":[{"embeddable":true,"href":"https:\/\/historisches-kirchhellen.de\/index.php?rest_route=\/wp\/v2\/users\/1"}],"replies":[{"embeddable":true,"href":"https:\/\/historisches-kirchhellen.de\/index.php?rest_route=%2Fwp%2Fv2%2Fcomments&post=136"}],"version-history":[{"count":0,"href":"https:\/\/historisches-kirchhellen.de\/index.php?rest_route=\/wp\/v2\/pages\/136\/revisions"}],"up":[{"embeddable":true,"href":"https:\/\/historisches-kirchhellen.de\/index.php?rest_route=\/wp\/v2\/pages\/123"}],"wp:attachment":[{"href":"https:\/\/historisches-kirchhellen.de\/index.php?rest_route=%2Fwp%2Fv2%2Fmedia&parent=136"}],"curies":[{"name":"wp","href":"https:\/\/api.w.org\/{rel}","templated":true}]}}