{"id":1443,"date":"2019-10-19T18:22:03","date_gmt":"2019-10-19T16:22:03","guid":{"rendered":"http:\/\/historisches-kirchhellen.de\/?page_id=1443"},"modified":"2019-10-19T18:22:04","modified_gmt":"2019-10-19T16:22:04","slug":"zerstoerung-des-alten-dorfes-1943","status":"publish","type":"page","link":"https:\/\/historisches-kirchhellen.de\/?page_id=1443","title":{"rendered":"Zerst\u00f6rung des alten Dorfes 1943"},"content":{"rendered":"\n<p>Am 1. Mai 1943 fiel vormittags eine Luftmine in den Ortskern, wobei zahlreiche historische H\u00e4user zerst\u00f6rt wurden. <\/p>\n\n\n\n<p>So wurden folgende H\u00e4user ganz zerst\u00f6rt:<\/p>\n\n\n\n<ul class=\"wp-block-list\"><li>Vosselmann, Oberhofstra\u00dfe<\/li><li>R\u00f6hling, Oberhofstra\u00dfe<\/li><li>Kruse, Bogenstra\u00dfe<\/li><li>Kleine-Allekotte (Bogenstra\u00dfe, Ecke Oberhofstra\u00dfe)<\/li><li>Schmidt, Wellbraucksweg<\/li><li>Heisterkamp, Wellbraucksweg<\/li><\/ul>\n\n\n\n<p>Stark besch\u00e4digt wurden die H\u00e4user:<\/p>\n\n\n\n<ul class=\"wp-block-list\"><li>Lepper (Schaulhus, Gastwirtschaft zum Treppchen), Oberhofstra\u00dfe<\/li><li>K\u00fcper, Oberhofstra\u00dfe<\/li><li>Hasebrink, Bogenstra\u00dfe<\/li><li>Verstegge, Bogenstra\u00dfe<\/li><li>Allekotte, Oberhofstra\u00dfe<\/li><\/ul>\n\n\n\n<p>Au\u00dferdem wurden besch\u00e4digt:<\/p>\n\n\n\n<ul class=\"wp-block-list\"><li>Steinmann (Gastwirtschaft), Oberhofstra\u00dfe<\/li><li>Huthmacher, Am alten Kirchplatz<\/li><li>Ahrens, Am alten Kirchplatz<\/li><li>Kleppe, Am alten Kirchplatz<\/li><li>Jandewerth, Am alten Kirchplatz<\/li><li>Brauckmann, Am alten Kirchplatz<\/li><li>Haake, Johann-Breuker-Stra\u00dfe<\/li><\/ul>\n\n\n\n<p>Durch diese Luftmine kam der 71-j\u00e4hrige Kaufmann Johann Hasebrink, wohnhaft Bogenstra\u00dfe 10 (heute Senheimer Stra\u00dfe 10) ums Leben.<\/p>\n\n\n\n<ul class=\"wp-block-gallery columns-3 is-cropped wp-block-gallery-1 is-layout-flex wp-block-gallery-is-layout-flex\"><li class=\"blocks-gallery-item\"><figure><a href=\"http:\/\/historisches-kirchhellen.de\/wp-content\/uploads\/2019\/10\/00264-1024x723.jpg\"><img loading=\"lazy\" decoding=\"async\" width=\"1024\" height=\"723\" src=\"http:\/\/historisches-kirchhellen.de\/wp-content\/uploads\/2019\/10\/00264-1024x723.jpg\" alt=\"\" data-id=\"1446\" data-link=\"http:\/\/historisches-kirchhellen.de\/?attachment_id=1446#main\" class=\"wp-image-1446\" srcset=\"https:\/\/historisches-kirchhellen.de\/wp-content\/uploads\/2019\/10\/00264-1024x723.jpg 1024w, https:\/\/historisches-kirchhellen.de\/wp-content\/uploads\/2019\/10\/00264-300x212.jpg 300w, https:\/\/historisches-kirchhellen.de\/wp-content\/uploads\/2019\/10\/00264-768x542.jpg 768w, https:\/\/historisches-kirchhellen.de\/wp-content\/uploads\/2019\/10\/00264.jpg 1471w\" sizes=\"auto, (max-width: 1024px) 100vw, 1024px\" \/><\/a><\/figure><\/li><li class=\"blocks-gallery-item\"><figure><a href=\"http:\/\/historisches-kirchhellen.de\/wp-content\/uploads\/2019\/10\/00267-1024x706.jpg\"><img loading=\"lazy\" decoding=\"async\" width=\"1024\" height=\"706\" src=\"http:\/\/historisches-kirchhellen.de\/wp-content\/uploads\/2019\/10\/00267-1024x706.jpg\" alt=\"\" data-id=\"1447\" data-link=\"http:\/\/historisches-kirchhellen.de\/?attachment_id=1447#main\" class=\"wp-image-1447\" srcset=\"https:\/\/historisches-kirchhellen.de\/wp-content\/uploads\/2019\/10\/00267-1024x706.jpg 1024w, https:\/\/historisches-kirchhellen.de\/wp-content\/uploads\/2019\/10\/00267-300x207.jpg 300w, https:\/\/historisches-kirchhellen.de\/wp-content\/uploads\/2019\/10\/00267-768x529.jpg 768w, https:\/\/historisches-kirchhellen.de\/wp-content\/uploads\/2019\/10\/00267.jpg 1761w\" sizes=\"auto, (max-width: 1024px) 100vw, 1024px\" \/><\/a><\/figure><\/li><li class=\"blocks-gallery-item\"><figure><a href=\"http:\/\/historisches-kirchhellen.de\/wp-content\/uploads\/2019\/10\/00268-1024x582.jpg\"><img loading=\"lazy\" decoding=\"async\" width=\"1024\" height=\"582\" src=\"http:\/\/historisches-kirchhellen.de\/wp-content\/uploads\/2019\/10\/00268-1024x582.jpg\" alt=\"\" data-id=\"1448\" data-link=\"http:\/\/historisches-kirchhellen.de\/?attachment_id=1448#main\" class=\"wp-image-1448\" srcset=\"https:\/\/historisches-kirchhellen.de\/wp-content\/uploads\/2019\/10\/00268-1024x582.jpg 1024w, https:\/\/historisches-kirchhellen.de\/wp-content\/uploads\/2019\/10\/00268-300x170.jpg 300w, https:\/\/historisches-kirchhellen.de\/wp-content\/uploads\/2019\/10\/00268-768x436.jpg 768w, https:\/\/historisches-kirchhellen.de\/wp-content\/uploads\/2019\/10\/00268.jpg 1725w\" sizes=\"auto, (max-width: 1024px) 100vw, 1024px\" \/><\/a><\/figure><\/li><li class=\"blocks-gallery-item\"><figure><a href=\"http:\/\/historisches-kirchhellen.de\/wp-content\/uploads\/2019\/10\/00269-1024x663.jpg\"><img loading=\"lazy\" decoding=\"async\" width=\"1024\" height=\"663\" src=\"http:\/\/historisches-kirchhellen.de\/wp-content\/uploads\/2019\/10\/00269-1024x663.jpg\" alt=\"\" data-id=\"1449\" data-link=\"http:\/\/historisches-kirchhellen.de\/?attachment_id=1449#main\" class=\"wp-image-1449\" srcset=\"https:\/\/historisches-kirchhellen.de\/wp-content\/uploads\/2019\/10\/00269-1024x663.jpg 1024w, https:\/\/historisches-kirchhellen.de\/wp-content\/uploads\/2019\/10\/00269-300x194.jpg 300w, https:\/\/historisches-kirchhellen.de\/wp-content\/uploads\/2019\/10\/00269-768x497.jpg 768w, https:\/\/historisches-kirchhellen.de\/wp-content\/uploads\/2019\/10\/00269.jpg 1739w\" sizes=\"auto, (max-width: 1024px) 100vw, 1024px\" \/><\/a><\/figure><\/li><li class=\"blocks-gallery-item\"><figure><a href=\"http:\/\/historisches-kirchhellen.de\/wp-content\/uploads\/2019\/10\/00271-1024x718.jpg\"><img loading=\"lazy\" decoding=\"async\" width=\"1024\" height=\"718\" src=\"http:\/\/historisches-kirchhellen.de\/wp-content\/uploads\/2019\/10\/00271-1024x718.jpg\" alt=\"\" data-id=\"1451\" data-link=\"http:\/\/historisches-kirchhellen.de\/?attachment_id=1451#main\" class=\"wp-image-1451\" srcset=\"https:\/\/historisches-kirchhellen.de\/wp-content\/uploads\/2019\/10\/00271-1024x718.jpg 1024w, https:\/\/historisches-kirchhellen.de\/wp-content\/uploads\/2019\/10\/00271-300x210.jpg 300w, https:\/\/historisches-kirchhellen.de\/wp-content\/uploads\/2019\/10\/00271-768x539.jpg 768w, https:\/\/historisches-kirchhellen.de\/wp-content\/uploads\/2019\/10\/00271.jpg 1772w\" sizes=\"auto, (max-width: 1024px) 100vw, 1024px\" \/><\/a><\/figure><\/li><li class=\"blocks-gallery-item\"><figure><a href=\"http:\/\/historisches-kirchhellen.de\/wp-content\/uploads\/2019\/10\/00276-1024x708.jpg\"><img loading=\"lazy\" decoding=\"async\" width=\"1024\" height=\"708\" src=\"http:\/\/historisches-kirchhellen.de\/wp-content\/uploads\/2019\/10\/00276-1024x708.jpg\" alt=\"\" data-id=\"1452\" data-link=\"http:\/\/historisches-kirchhellen.de\/?attachment_id=1452#main\" class=\"wp-image-1452\" srcset=\"https:\/\/historisches-kirchhellen.de\/wp-content\/uploads\/2019\/10\/00276-1024x708.jpg 1024w, https:\/\/historisches-kirchhellen.de\/wp-content\/uploads\/2019\/10\/00276-300x207.jpg 300w, https:\/\/historisches-kirchhellen.de\/wp-content\/uploads\/2019\/10\/00276-768x531.jpg 768w, https:\/\/historisches-kirchhellen.de\/wp-content\/uploads\/2019\/10\/00276.jpg 1757w\" sizes=\"auto, (max-width: 1024px) 100vw, 1024px\" \/><\/a><\/figure><\/li><li class=\"blocks-gallery-item\"><figure><a href=\"http:\/\/historisches-kirchhellen.de\/wp-content\/uploads\/2019\/10\/01263-1024x728.jpg\"><img loading=\"lazy\" decoding=\"async\" width=\"1024\" height=\"728\" src=\"http:\/\/historisches-kirchhellen.de\/wp-content\/uploads\/2019\/10\/01263-1024x728.jpg\" alt=\"\" data-id=\"1453\" data-link=\"http:\/\/historisches-kirchhellen.de\/?attachment_id=1453#main\" class=\"wp-image-1453\" srcset=\"https:\/\/historisches-kirchhellen.de\/wp-content\/uploads\/2019\/10\/01263-1024x728.jpg 1024w, https:\/\/historisches-kirchhellen.de\/wp-content\/uploads\/2019\/10\/01263-300x213.jpg 300w, https:\/\/historisches-kirchhellen.de\/wp-content\/uploads\/2019\/10\/01263-768x546.jpg 768w, https:\/\/historisches-kirchhellen.de\/wp-content\/uploads\/2019\/10\/01263.jpg 1510w\" sizes=\"auto, (max-width: 1024px) 100vw, 1024px\" \/><\/a><\/figure><\/li><\/ul>\n","protected":false},"excerpt":{"rendered":"<p>Am 1. Mai 1943 fiel vormittags eine Luftmine in den Ortskern, wobei zahlreiche historische H\u00e4user zerst\u00f6rt wurden. So wurden folgende H\u00e4user ganz zerst\u00f6rt: Vosselmann, Oberhofstra\u00dfe &hellip; <\/p>\n","protected":false},"author":1,"featured_media":0,"parent":71,"menu_order":2,"comment_status":"closed","ping_status":"closed","template":"","meta":{"_acf_changed":false,"footnotes":""},"class_list":["post-1443","page","type-page","status-publish","hentry"],"acf":[],"jetpack_sharing_enabled":true,"_links":{"self":[{"href":"https:\/\/historisches-kirchhellen.de\/index.php?rest_route=\/wp\/v2\/pages\/1443","targetHints":{"allow":["GET"]}}],"collection":[{"href":"https:\/\/historisches-kirchhellen.de\/index.php?rest_route=\/wp\/v2\/pages"}],"about":[{"href":"https:\/\/historisches-kirchhellen.de\/index.php?rest_route=\/wp\/v2\/types\/page"}],"author":[{"embeddable":true,"href":"https:\/\/historisches-kirchhellen.de\/index.php?rest_route=\/wp\/v2\/users\/1"}],"replies":[{"embeddable":true,"href":"https:\/\/historisches-kirchhellen.de\/index.php?rest_route=%2Fwp%2Fv2%2Fcomments&post=1443"}],"version-history":[{"count":0,"href":"https:\/\/historisches-kirchhellen.de\/index.php?rest_route=\/wp\/v2\/pages\/1443\/revisions"}],"up":[{"embeddable":true,"href":"https:\/\/historisches-kirchhellen.de\/index.php?rest_route=\/wp\/v2\/pages\/71"}],"wp:attachment":[{"href":"https:\/\/historisches-kirchhellen.de\/index.php?rest_route=%2Fwp%2Fv2%2Fmedia&parent=1443"}],"curies":[{"name":"wp","href":"https:\/\/api.w.org\/{rel}","templated":true}]}}