{"id":1483,"date":"2019-10-20T21:21:58","date_gmt":"2019-10-20T19:21:58","guid":{"rendered":"http:\/\/historisches-kirchhellen.de\/?page_id=1483"},"modified":"2019-10-20T21:21:58","modified_gmt":"2019-10-20T19:21:58","slug":"kirchenbrand-1917","status":"publish","type":"page","link":"https:\/\/historisches-kirchhellen.de\/?page_id=1483","title":{"rendered":"Kirchenbrand 1917"},"content":{"rendered":"\n<p>Am 12. Juni 1917, vormittags gegen 11:30 Uhr, entstand in der Kirchhellener Kirche ein Brand, der sich rasch ausbreitete. Durch die Hilfe der Kirchhellener und ausw\u00e4rtiger Feuerwehren konnte zwar ein \u00dcbergreifen der Flammen auf die Nachbargeb\u00e4ude verhindert werden, allerdings brannte das Kirchengeb\u00e4ude selbst vollst\u00e4ndig aus. Die Innenausstattung der Kirche und die Glocken wurden dabei vollst\u00e4ndig vernichtet. Die Brandursache konnte nie gekl\u00e4rt werden.<\/p>\n\n\n\n<p>Nach dem Brand wurde der Gottesdienst eine Zeit lang im Saal der Gastwirtschaft Schulte-Wieschen abgehalten, bis die Kirchenruine notd\u00fcrftig wieder hergerichtet war. Da die Versicherung nach dem Brand der alten Kirche nur 14.000 Goldmark zum Neubau zahlte, wurde die Kirche nicht wiederaufgebaut, sondern der Bau einer neuen Kirche beschlossen und die Kirchenruine 1932 abgebrochen. Zwischenzeitlich war die Nutzung der alten Kirche als Pfarrheim mit Kindergarten angedacht. Die Planung wurde allerdings wieder verworfen.<\/p>\n\n\n\n<ul class=\"wp-block-gallery columns-2 is-cropped wp-block-gallery-1 is-layout-flex wp-block-gallery-is-layout-flex\"><li class=\"blocks-gallery-item\"><figure><a href=\"http:\/\/historisches-kirchhellen.de\/wp-content\/uploads\/2019\/10\/00524-1024x786.jpg\"><img loading=\"lazy\" decoding=\"async\" width=\"1024\" height=\"786\" src=\"http:\/\/historisches-kirchhellen.de\/wp-content\/uploads\/2019\/10\/00524-1024x786.jpg\" alt=\"\" data-id=\"1485\" class=\"wp-image-1485\" srcset=\"https:\/\/historisches-kirchhellen.de\/wp-content\/uploads\/2019\/10\/00524-1024x786.jpg 1024w, https:\/\/historisches-kirchhellen.de\/wp-content\/uploads\/2019\/10\/00524-300x230.jpg 300w, https:\/\/historisches-kirchhellen.de\/wp-content\/uploads\/2019\/10\/00524-768x590.jpg 768w, https:\/\/historisches-kirchhellen.de\/wp-content\/uploads\/2019\/10\/00524.jpg 1558w\" sizes=\"auto, (max-width: 1024px) 100vw, 1024px\" \/><\/a><figcaption>Die Kirche am Tag des Brandes (12. Juni 1917)<\/figcaption><\/figure><\/li><li class=\"blocks-gallery-item\"><figure><a href=\"http:\/\/historisches-kirchhellen.de\/wp-content\/uploads\/2019\/10\/05768-1024x683.jpg\"><img loading=\"lazy\" decoding=\"async\" width=\"1024\" height=\"683\" src=\"http:\/\/historisches-kirchhellen.de\/wp-content\/uploads\/2019\/10\/05768-1024x683.jpg\" alt=\"\" data-id=\"1486\" data-link=\"http:\/\/historisches-kirchhellen.de\/?attachment_id=1486#main\" class=\"wp-image-1486\" srcset=\"https:\/\/historisches-kirchhellen.de\/wp-content\/uploads\/2019\/10\/05768-1024x683.jpg 1024w, https:\/\/historisches-kirchhellen.de\/wp-content\/uploads\/2019\/10\/05768-300x200.jpg 300w, https:\/\/historisches-kirchhellen.de\/wp-content\/uploads\/2019\/10\/05768-768x512.jpg 768w\" sizes=\"auto, (max-width: 1024px) 100vw, 1024px\" \/><\/a><figcaption>Die ausgebrannte Kirche<\/figcaption><\/figure><\/li><li class=\"blocks-gallery-item\"><figure><a href=\"http:\/\/historisches-kirchhellen.de\/wp-content\/uploads\/2019\/10\/04519-1024x814.jpg\"><img loading=\"lazy\" decoding=\"async\" width=\"1024\" height=\"814\" src=\"http:\/\/historisches-kirchhellen.de\/wp-content\/uploads\/2019\/10\/04519-1024x814.jpg\" alt=\"\" data-id=\"1487\" data-link=\"http:\/\/historisches-kirchhellen.de\/?attachment_id=1487#main\" class=\"wp-image-1487\" srcset=\"https:\/\/historisches-kirchhellen.de\/wp-content\/uploads\/2019\/10\/04519-1024x814.jpg 1024w, https:\/\/historisches-kirchhellen.de\/wp-content\/uploads\/2019\/10\/04519-300x238.jpg 300w, https:\/\/historisches-kirchhellen.de\/wp-content\/uploads\/2019\/10\/04519-768x610.jpg 768w\" sizes=\"auto, (max-width: 1024px) 100vw, 1024px\" \/><\/a><figcaption>Zeichnung von Theo Kleppe<\/figcaption><\/figure><\/li><\/ul>\n","protected":false},"excerpt":{"rendered":"<p>Am 12. Juni 1917, vormittags gegen 11:30 Uhr, entstand in der Kirchhellener Kirche ein Brand, der sich rasch ausbreitete. Durch die Hilfe der Kirchhellener und &hellip; <\/p>\n","protected":false},"author":1,"featured_media":0,"parent":71,"menu_order":8,"comment_status":"closed","ping_status":"closed","template":"","meta":{"_acf_changed":false,"footnotes":""},"class_list":["post-1483","page","type-page","status-publish","hentry"],"acf":[],"jetpack_sharing_enabled":true,"_links":{"self":[{"href":"https:\/\/historisches-kirchhellen.de\/index.php?rest_route=\/wp\/v2\/pages\/1483","targetHints":{"allow":["GET"]}}],"collection":[{"href":"https:\/\/historisches-kirchhellen.de\/index.php?rest_route=\/wp\/v2\/pages"}],"about":[{"href":"https:\/\/historisches-kirchhellen.de\/index.php?rest_route=\/wp\/v2\/types\/page"}],"author":[{"embeddable":true,"href":"https:\/\/historisches-kirchhellen.de\/index.php?rest_route=\/wp\/v2\/users\/1"}],"replies":[{"embeddable":true,"href":"https:\/\/historisches-kirchhellen.de\/index.php?rest_route=%2Fwp%2Fv2%2Fcomments&post=1483"}],"version-history":[{"count":0,"href":"https:\/\/historisches-kirchhellen.de\/index.php?rest_route=\/wp\/v2\/pages\/1483\/revisions"}],"up":[{"embeddable":true,"href":"https:\/\/historisches-kirchhellen.de\/index.php?rest_route=\/wp\/v2\/pages\/71"}],"wp:attachment":[{"href":"https:\/\/historisches-kirchhellen.de\/index.php?rest_route=%2Fwp%2Fv2%2Fmedia&parent=1483"}],"curies":[{"name":"wp","href":"https:\/\/api.w.org\/{rel}","templated":true}]}}