{"id":1490,"date":"2019-10-20T21:37:39","date_gmt":"2019-10-20T19:37:39","guid":{"rendered":"http:\/\/historisches-kirchhellen.de\/?page_id=1490"},"modified":"2019-10-20T21:37:40","modified_gmt":"2019-10-20T19:37:40","slug":"bau-der-autobahn-31","status":"publish","type":"page","link":"https:\/\/historisches-kirchhellen.de\/?page_id=1490","title":{"rendered":"Bau der Autobahn 31"},"content":{"rendered":"\n<p>Schon im Jahre 1966 begannen die Planungen zum Bau dieser Autobahn, damals noch unter der Bezeichnung <em>A 113<\/em>. 1984 begann der Ausbau der Autobahn auf Kirchhellener Gebiet. F\u00fcr die Autobahn mussten im Bereich Overhagen (In den H\u00f6fen) der Bauernhof Sch\u00e4per sowie die Wohnh\u00e4user Niewerth und Brinkert abgebrochen werden. 1987 erfolgte die Freigabe der Strecke durch Kirchhellen.<\/p>\n\n\n\n<ul class=\"wp-block-gallery columns-3 is-cropped wp-block-gallery-1 is-layout-flex wp-block-gallery-is-layout-flex\"><li class=\"blocks-gallery-item\"><figure><a href=\"http:\/\/historisches-kirchhellen.de\/wp-content\/uploads\/2019\/10\/00036-1024x706.jpg\"><img loading=\"lazy\" decoding=\"async\" width=\"1024\" height=\"706\" src=\"http:\/\/historisches-kirchhellen.de\/wp-content\/uploads\/2019\/10\/00036-1024x706.jpg\" alt=\"\" data-id=\"1491\" data-link=\"http:\/\/historisches-kirchhellen.de\/?attachment_id=1491#main\" class=\"wp-image-1491\" srcset=\"https:\/\/historisches-kirchhellen.de\/wp-content\/uploads\/2019\/10\/00036-1024x706.jpg 1024w, https:\/\/historisches-kirchhellen.de\/wp-content\/uploads\/2019\/10\/00036-300x207.jpg 300w, https:\/\/historisches-kirchhellen.de\/wp-content\/uploads\/2019\/10\/00036-768x529.jpg 768w, https:\/\/historisches-kirchhellen.de\/wp-content\/uploads\/2019\/10\/00036.jpg 1534w\" sizes=\"auto, (max-width: 1024px) 100vw, 1024px\" \/><\/a><figcaption>Br\u00fccke des Alten Postwegs<\/figcaption><\/figure><\/li><li class=\"blocks-gallery-item\"><figure><a href=\"http:\/\/historisches-kirchhellen.de\/wp-content\/uploads\/2019\/10\/00201-1024x707.jpg\"><img loading=\"lazy\" decoding=\"async\" width=\"1024\" height=\"707\" src=\"http:\/\/historisches-kirchhellen.de\/wp-content\/uploads\/2019\/10\/00201-1024x707.jpg\" alt=\"\" data-id=\"1493\" data-link=\"http:\/\/historisches-kirchhellen.de\/?attachment_id=1493#main\" class=\"wp-image-1493\" srcset=\"https:\/\/historisches-kirchhellen.de\/wp-content\/uploads\/2019\/10\/00201-1024x707.jpg 1024w, https:\/\/historisches-kirchhellen.de\/wp-content\/uploads\/2019\/10\/00201-300x207.jpg 300w, https:\/\/historisches-kirchhellen.de\/wp-content\/uploads\/2019\/10\/00201-768x530.jpg 768w, https:\/\/historisches-kirchhellen.de\/wp-content\/uploads\/2019\/10\/00201.jpg 1540w\" sizes=\"auto, (max-width: 1024px) 100vw, 1024px\" \/><\/a><figcaption>Autobahnauffahrt Kirchhellen-Nord<\/figcaption><\/figure><\/li><li class=\"blocks-gallery-item\"><figure><a href=\"http:\/\/historisches-kirchhellen.de\/wp-content\/uploads\/2019\/10\/00190-697x1024.jpg\"><img loading=\"lazy\" decoding=\"async\" width=\"697\" height=\"1024\" src=\"http:\/\/historisches-kirchhellen.de\/wp-content\/uploads\/2019\/10\/00190-697x1024.jpg\" alt=\"\" data-id=\"1496\" data-link=\"http:\/\/historisches-kirchhellen.de\/?attachment_id=1496#main\" class=\"wp-image-1496\" srcset=\"https:\/\/historisches-kirchhellen.de\/wp-content\/uploads\/2019\/10\/00190-697x1024.jpg 697w, https:\/\/historisches-kirchhellen.de\/wp-content\/uploads\/2019\/10\/00190-204x300.jpg 204w, https:\/\/historisches-kirchhellen.de\/wp-content\/uploads\/2019\/10\/00190-768x1129.jpg 768w, https:\/\/historisches-kirchhellen.de\/wp-content\/uploads\/2019\/10\/00190.jpg 1054w\" sizes=\"auto, (max-width: 697px) 100vw, 697px\" \/><\/a><figcaption>Blick von der Br\u00fccke der Feldhausener Stra\u00dfe nach Norden<\/figcaption><\/figure><\/li><\/ul>\n\n\n\n<p><\/p>\n","protected":false},"excerpt":{"rendered":"<p>Schon im Jahre 1966 begannen die Planungen zum Bau dieser Autobahn, damals noch unter der Bezeichnung A 113. 1984 begann der Ausbau der Autobahn auf &hellip; <\/p>\n","protected":false},"author":1,"featured_media":0,"parent":71,"menu_order":6,"comment_status":"closed","ping_status":"closed","template":"","meta":{"_acf_changed":false,"footnotes":""},"class_list":["post-1490","page","type-page","status-publish","hentry"],"acf":[],"jetpack_sharing_enabled":true,"_links":{"self":[{"href":"https:\/\/historisches-kirchhellen.de\/index.php?rest_route=\/wp\/v2\/pages\/1490","targetHints":{"allow":["GET"]}}],"collection":[{"href":"https:\/\/historisches-kirchhellen.de\/index.php?rest_route=\/wp\/v2\/pages"}],"about":[{"href":"https:\/\/historisches-kirchhellen.de\/index.php?rest_route=\/wp\/v2\/types\/page"}],"author":[{"embeddable":true,"href":"https:\/\/historisches-kirchhellen.de\/index.php?rest_route=\/wp\/v2\/users\/1"}],"replies":[{"embeddable":true,"href":"https:\/\/historisches-kirchhellen.de\/index.php?rest_route=%2Fwp%2Fv2%2Fcomments&post=1490"}],"version-history":[{"count":0,"href":"https:\/\/historisches-kirchhellen.de\/index.php?rest_route=\/wp\/v2\/pages\/1490\/revisions"}],"up":[{"embeddable":true,"href":"https:\/\/historisches-kirchhellen.de\/index.php?rest_route=\/wp\/v2\/pages\/71"}],"wp:attachment":[{"href":"https:\/\/historisches-kirchhellen.de\/index.php?rest_route=%2Fwp%2Fv2%2Fmedia&parent=1490"}],"curies":[{"name":"wp","href":"https:\/\/api.w.org\/{rel}","templated":true}]}}