{"id":152,"date":"2019-05-15T18:13:54","date_gmt":"2019-05-15T18:13:54","guid":{"rendered":"http:\/\/historisches-kirchhellen.de\/?page_id=152"},"modified":"2019-05-15T18:13:54","modified_gmt":"2019-05-15T18:13:54","slug":"waldstrasse","status":"publish","type":"page","link":"https:\/\/historisches-kirchhellen.de\/?page_id=152","title":{"rendered":"Waldstra\u00dfe"},"content":{"rendered":"\n<p>Sie f\u00fchrt von der Dorstener Stra\u00dfe s\u00fcdlich an der Siedlung Overhagen vorbei. Fr\u00fcher war sie \u00fcberwiegend ein Waldgebiet im Beckschen Besitz. Um 1939 wurde der Wald bis auf einen schmalen Streifen abgeholzt und das Gel\u00e4nde an Bauwillige verkauft.<\/p>\n\n\n\n<p>Der Name erinnert an den ehemaligen Waldbestand.<\/p>\n","protected":false},"excerpt":{"rendered":"<p>Sie f\u00fchrt von der Dorstener Stra\u00dfe s\u00fcdlich an der Siedlung Overhagen vorbei. Fr\u00fcher war sie \u00fcberwiegend ein Waldgebiet im Beckschen Besitz. Um 1939 wurde der &hellip; <\/p>\n","protected":false},"author":1,"featured_media":0,"parent":123,"menu_order":145,"comment_status":"closed","ping_status":"closed","template":"","meta":{"_acf_changed":false,"footnotes":""},"class_list":["post-152","page","type-page","status-publish","hentry"],"acf":[],"jetpack_sharing_enabled":true,"_links":{"self":[{"href":"https:\/\/historisches-kirchhellen.de\/index.php?rest_route=\/wp\/v2\/pages\/152","targetHints":{"allow":["GET"]}}],"collection":[{"href":"https:\/\/historisches-kirchhellen.de\/index.php?rest_route=\/wp\/v2\/pages"}],"about":[{"href":"https:\/\/historisches-kirchhellen.de\/index.php?rest_route=\/wp\/v2\/types\/page"}],"author":[{"embeddable":true,"href":"https:\/\/historisches-kirchhellen.de\/index.php?rest_route=\/wp\/v2\/users\/1"}],"replies":[{"embeddable":true,"href":"https:\/\/historisches-kirchhellen.de\/index.php?rest_route=%2Fwp%2Fv2%2Fcomments&post=152"}],"version-history":[{"count":0,"href":"https:\/\/historisches-kirchhellen.de\/index.php?rest_route=\/wp\/v2\/pages\/152\/revisions"}],"up":[{"embeddable":true,"href":"https:\/\/historisches-kirchhellen.de\/index.php?rest_route=\/wp\/v2\/pages\/123"}],"wp:attachment":[{"href":"https:\/\/historisches-kirchhellen.de\/index.php?rest_route=%2Fwp%2Fv2%2Fmedia&parent=152"}],"curies":[{"name":"wp","href":"https:\/\/api.w.org\/{rel}","templated":true}]}}