{"id":154,"date":"2019-05-15T18:14:22","date_gmt":"2019-05-15T18:14:22","guid":{"rendered":"http:\/\/historisches-kirchhellen.de\/?page_id=154"},"modified":"2019-05-15T18:14:22","modified_gmt":"2019-05-15T18:14:22","slug":"warner-allee","status":"publish","type":"page","link":"https:\/\/historisches-kirchhellen.de\/?page_id=154","title":{"rendered":"Warner-Allee"},"content":{"rendered":"\n<p>Die Warner-Allee verl\u00e4uft von der Feldhausener Stra\u00dfe bis zum T\u00f6nsholter Weg vorbei am Movie Park. Sie wurde in den 1990er Jahren als Ortsumgehung Feldhausens und Zufahrt zum damaligen Warner Brothers Movie World errichtet. Trotz der Umbennung des Parks in Movie Park Germany hei\u00dft die Stra\u00dfe weiterhin Warner-Allee. <\/p>\n","protected":false},"excerpt":{"rendered":"<p>Die Warner-Allee verl\u00e4uft von der Feldhausener Stra\u00dfe bis zum T\u00f6nsholter Weg vorbei am Movie Park. Sie wurde in den 1990er Jahren als Ortsumgehung Feldhausens und &hellip; <\/p>\n","protected":false},"author":1,"featured_media":0,"parent":123,"menu_order":146,"comment_status":"closed","ping_status":"closed","template":"","meta":{"_acf_changed":false,"footnotes":""},"class_list":["post-154","page","type-page","status-publish","hentry"],"acf":[],"jetpack_sharing_enabled":true,"_links":{"self":[{"href":"https:\/\/historisches-kirchhellen.de\/index.php?rest_route=\/wp\/v2\/pages\/154","targetHints":{"allow":["GET"]}}],"collection":[{"href":"https:\/\/historisches-kirchhellen.de\/index.php?rest_route=\/wp\/v2\/pages"}],"about":[{"href":"https:\/\/historisches-kirchhellen.de\/index.php?rest_route=\/wp\/v2\/types\/page"}],"author":[{"embeddable":true,"href":"https:\/\/historisches-kirchhellen.de\/index.php?rest_route=\/wp\/v2\/users\/1"}],"replies":[{"embeddable":true,"href":"https:\/\/historisches-kirchhellen.de\/index.php?rest_route=%2Fwp%2Fv2%2Fcomments&post=154"}],"version-history":[{"count":0,"href":"https:\/\/historisches-kirchhellen.de\/index.php?rest_route=\/wp\/v2\/pages\/154\/revisions"}],"up":[{"embeddable":true,"href":"https:\/\/historisches-kirchhellen.de\/index.php?rest_route=\/wp\/v2\/pages\/123"}],"wp:attachment":[{"href":"https:\/\/historisches-kirchhellen.de\/index.php?rest_route=%2Fwp%2Fv2%2Fmedia&parent=154"}],"curies":[{"name":"wp","href":"https:\/\/api.w.org\/{rel}","templated":true}]}}