{"id":156,"date":"2019-05-15T18:14:50","date_gmt":"2019-05-15T18:14:50","guid":{"rendered":"http:\/\/historisches-kirchhellen.de\/?page_id=156"},"modified":"2019-05-15T18:14:50","modified_gmt":"2019-05-15T18:14:50","slug":"weberstrasse","status":"publish","type":"page","link":"https:\/\/historisches-kirchhellen.de\/?page_id=156","title":{"rendered":"Weberstra\u00dfe"},"content":{"rendered":"\n<p>Sie liegt im Wohngebiet zwischen Schulstra\u00dfe und Gartenstra\u00dfe. Friedrich Wilhelm Weber, ein westf\u00e4lischer Dichter, geboren 1813 in Allhausen bei Bad Driburg, gestorben 1894 in Nieheim bei H\u00f6xter. Weber ist besonders durch seine Versdichtung &#8222;Dreizehnlinden&#8220; aus der Zeit der Sachsenbekehrung bekannt geworden. <\/p>\n\n\n\n<p>Eigentlich m\u00fcsste der Vorname des Dichters mit genannt werden, damit die Stra\u00dfe nicht als &#8222;Handwerkerstra\u00dfe&#8220; dargestellt wird. <\/p>\n","protected":false},"excerpt":{"rendered":"<p>Sie liegt im Wohngebiet zwischen Schulstra\u00dfe und Gartenstra\u00dfe. Friedrich Wilhelm Weber, ein westf\u00e4lischer Dichter, geboren 1813 in Allhausen bei Bad Driburg, gestorben 1894 in Nieheim &hellip; <\/p>\n","protected":false},"author":1,"featured_media":0,"parent":123,"menu_order":152,"comment_status":"closed","ping_status":"closed","template":"","meta":{"_acf_changed":false,"footnotes":""},"class_list":["post-156","page","type-page","status-publish","hentry"],"acf":[],"jetpack_sharing_enabled":true,"_links":{"self":[{"href":"https:\/\/historisches-kirchhellen.de\/index.php?rest_route=\/wp\/v2\/pages\/156","targetHints":{"allow":["GET"]}}],"collection":[{"href":"https:\/\/historisches-kirchhellen.de\/index.php?rest_route=\/wp\/v2\/pages"}],"about":[{"href":"https:\/\/historisches-kirchhellen.de\/index.php?rest_route=\/wp\/v2\/types\/page"}],"author":[{"embeddable":true,"href":"https:\/\/historisches-kirchhellen.de\/index.php?rest_route=\/wp\/v2\/users\/1"}],"replies":[{"embeddable":true,"href":"https:\/\/historisches-kirchhellen.de\/index.php?rest_route=%2Fwp%2Fv2%2Fcomments&post=156"}],"version-history":[{"count":0,"href":"https:\/\/historisches-kirchhellen.de\/index.php?rest_route=\/wp\/v2\/pages\/156\/revisions"}],"up":[{"embeddable":true,"href":"https:\/\/historisches-kirchhellen.de\/index.php?rest_route=\/wp\/v2\/pages\/123"}],"wp:attachment":[{"href":"https:\/\/historisches-kirchhellen.de\/index.php?rest_route=%2Fwp%2Fv2%2Fmedia&parent=156"}],"curies":[{"name":"wp","href":"https:\/\/api.w.org\/{rel}","templated":true}]}}