{"id":158,"date":"2019-05-15T18:15:22","date_gmt":"2019-05-15T18:15:22","guid":{"rendered":"http:\/\/historisches-kirchhellen.de\/?page_id=158"},"modified":"2019-05-15T18:15:22","modified_gmt":"2019-05-15T18:15:22","slug":"weissfeld","status":"publish","type":"page","link":"https:\/\/historisches-kirchhellen.de\/?page_id=158","title":{"rendered":"Wei\u00dffeld"},"content":{"rendered":"\n<p>Eine Stra\u00dfe zwischen Lippweg und <a href=\"http:\/\/historisches-kirchhellen.de\/?page_id=152\">Waldstra\u00dfe<\/a> in der Siedlung Overhagen.<\/p>\n\n\n\n<p>Benannt ist sie nach dem fr\u00fcheren Hof Wei\u00df (sp\u00e4ter Beisenbusch, heute Maa\u00dfen) an der Hackfurthstra\u00dfe.<\/p>\n","protected":false},"excerpt":{"rendered":"<p>Eine Stra\u00dfe zwischen Lippweg und Waldstra\u00dfe in der Siedlung Overhagen. Benannt ist sie nach dem fr\u00fcheren Hof Wei\u00df (sp\u00e4ter Beisenbusch, heute Maa\u00dfen) an der Hackfurthstra\u00dfe.<\/p>\n","protected":false},"author":1,"featured_media":0,"parent":123,"menu_order":147,"comment_status":"closed","ping_status":"closed","template":"","meta":{"_acf_changed":false,"footnotes":""},"class_list":["post-158","page","type-page","status-publish","hentry"],"acf":[],"jetpack_sharing_enabled":true,"_links":{"self":[{"href":"https:\/\/historisches-kirchhellen.de\/index.php?rest_route=\/wp\/v2\/pages\/158","targetHints":{"allow":["GET"]}}],"collection":[{"href":"https:\/\/historisches-kirchhellen.de\/index.php?rest_route=\/wp\/v2\/pages"}],"about":[{"href":"https:\/\/historisches-kirchhellen.de\/index.php?rest_route=\/wp\/v2\/types\/page"}],"author":[{"embeddable":true,"href":"https:\/\/historisches-kirchhellen.de\/index.php?rest_route=\/wp\/v2\/users\/1"}],"replies":[{"embeddable":true,"href":"https:\/\/historisches-kirchhellen.de\/index.php?rest_route=%2Fwp%2Fv2%2Fcomments&post=158"}],"version-history":[{"count":0,"href":"https:\/\/historisches-kirchhellen.de\/index.php?rest_route=\/wp\/v2\/pages\/158\/revisions"}],"up":[{"embeddable":true,"href":"https:\/\/historisches-kirchhellen.de\/index.php?rest_route=\/wp\/v2\/pages\/123"}],"wp:attachment":[{"href":"https:\/\/historisches-kirchhellen.de\/index.php?rest_route=%2Fwp%2Fv2%2Fmedia&parent=158"}],"curies":[{"name":"wp","href":"https:\/\/api.w.org\/{rel}","templated":true}]}}