{"id":160,"date":"2019-05-15T18:15:59","date_gmt":"2019-05-15T18:15:59","guid":{"rendered":"http:\/\/historisches-kirchhellen.de\/?page_id=160"},"modified":"2019-05-18T20:59:04","modified_gmt":"2019-05-18T20:59:04","slug":"wellbraucksweg","status":"publish","type":"page","link":"https:\/\/historisches-kirchhellen.de\/?page_id=160","title":{"rendered":"Wellbraucksweg"},"content":{"rendered":"\n<p>Er l\u00e4uft parallel zwischen <a href=\"http:\/\/historisches-kirchhellen.de\/?page_id=282\">Rentforter Stra\u00dfe<\/a> \/ <a href=\"http:\/\/historisches-kirchhellen.de\/?page_id=282\">Oberhofstra\u00dfe<\/a> und der <a href=\"http:\/\/historisches-kirchhellen.de\/?page_id=585\">Burgstra\u00dfe<\/a>.\u00a0<a href=\"javascript:;\"><\/a><\/p>\n\n\n\n<p>Am unteren Ende des Wellbrauckswegs befinden sich das Kulturzentrum Hof J\u00fcnger und mit dem Heimathaus.<\/p>\n\n\n\n<p>Begriffe wie &#8222;Brauk&#8220;, &#8222;Br\u00e4uke&#8220;, &#8222;Brock&#8220;, &#8222;Bruch&#8220; bezeichnen allesamt dieselbe Gel\u00e4ndeart, n\u00e4mlich Sumpf und Moor. &#8222;Well&#8220; ist nicht gleichzusetzen mit &#8222;Wall&#8220; = Erdaufsch\u00fcttung, sondern es ist auch eine Bezeichnung f\u00fcr sumpfiges Gel\u00e4nde. &#8222;Well&#8220; und &#8222;Brauk&#8220; bezeichnen somit das gleiche: ein sumpfiges Gel\u00e4nde.<\/p>\n","protected":false},"excerpt":{"rendered":"<p>Er l\u00e4uft parallel zwischen Rentforter Stra\u00dfe \/ Oberhofstra\u00dfe und der Burgstra\u00dfe.\u00a0 Am unteren Ende des Wellbrauckswegs befinden sich das Kulturzentrum Hof J\u00fcnger und mit dem &hellip; <\/p>\n","protected":false},"author":1,"featured_media":0,"parent":123,"menu_order":165,"comment_status":"closed","ping_status":"closed","template":"","meta":{"_acf_changed":false,"footnotes":""},"class_list":["post-160","page","type-page","status-publish","hentry"],"acf":[],"jetpack_sharing_enabled":true,"_links":{"self":[{"href":"https:\/\/historisches-kirchhellen.de\/index.php?rest_route=\/wp\/v2\/pages\/160","targetHints":{"allow":["GET"]}}],"collection":[{"href":"https:\/\/historisches-kirchhellen.de\/index.php?rest_route=\/wp\/v2\/pages"}],"about":[{"href":"https:\/\/historisches-kirchhellen.de\/index.php?rest_route=\/wp\/v2\/types\/page"}],"author":[{"embeddable":true,"href":"https:\/\/historisches-kirchhellen.de\/index.php?rest_route=\/wp\/v2\/users\/1"}],"replies":[{"embeddable":true,"href":"https:\/\/historisches-kirchhellen.de\/index.php?rest_route=%2Fwp%2Fv2%2Fcomments&post=160"}],"version-history":[{"count":0,"href":"https:\/\/historisches-kirchhellen.de\/index.php?rest_route=\/wp\/v2\/pages\/160\/revisions"}],"up":[{"embeddable":true,"href":"https:\/\/historisches-kirchhellen.de\/index.php?rest_route=\/wp\/v2\/pages\/123"}],"wp:attachment":[{"href":"https:\/\/historisches-kirchhellen.de\/index.php?rest_route=%2Fwp%2Fv2%2Fmedia&parent=160"}],"curies":[{"name":"wp","href":"https:\/\/api.w.org\/{rel}","templated":true}]}}