{"id":173,"date":"2019-05-15T18:18:58","date_gmt":"2019-05-15T18:18:58","guid":{"rendered":"http:\/\/historisches-kirchhellen.de\/?page_id=173"},"modified":"2019-05-18T20:54:01","modified_gmt":"2019-05-18T20:54:01","slug":"wildbruch","status":"publish","type":"page","link":"https:\/\/historisches-kirchhellen.de\/?page_id=173","title":{"rendered":"Wildbruch"},"content":{"rendered":"\n<p>Der Wildbruch f\u00fchrt mitten durch die Siedlung Overhagen von der <a href=\"http:\/\/historisches-kirchhellen.de\/?page_id=152\">Waldstra\u00dfe<\/a> zum <a href=\"http:\/\/historisches-kirchhellen.de\/?page_id=369\">Lippweg<\/a>.<\/p>\n\n\n\n<p>Bei der Namengebung dieser Stra\u00dfe soll ein echter Wildbruch, also ein&nbsp;Sturm, der eine Schneise durch den damaligen Wald gebrochen hat, Pate gestanden haben.\n\n<\/p>\n\n\n\n<figure class=\"wp-block-image\"><a href=\"http:\/\/historisches-kirchhellen.de\/wp-content\/uploads\/2019\/05\/Wildbruch.jpg\"><img loading=\"lazy\" decoding=\"async\" width=\"1024\" height=\"768\" src=\"http:\/\/historisches-kirchhellen.de\/wp-content\/uploads\/2019\/05\/Wildbruch-1024x768.jpg\" alt=\"\" class=\"wp-image-759\" srcset=\"https:\/\/historisches-kirchhellen.de\/wp-content\/uploads\/2019\/05\/Wildbruch-1024x768.jpg 1024w, https:\/\/historisches-kirchhellen.de\/wp-content\/uploads\/2019\/05\/Wildbruch-300x225.jpg 300w, https:\/\/historisches-kirchhellen.de\/wp-content\/uploads\/2019\/05\/Wildbruch-768x576.jpg 768w\" sizes=\"auto, (max-width: 1024px) 100vw, 1024px\" \/><\/a><figcaption>Blick von der Waldstra\u00dfe aus in Richtung Norden<\/figcaption><\/figure>\n","protected":false},"excerpt":{"rendered":"<p>Der Wildbruch f\u00fchrt mitten durch die Siedlung Overhagen von der Waldstra\u00dfe zum Lippweg. Bei der Namengebung dieser Stra\u00dfe soll ein echter Wildbruch, also ein&nbsp;Sturm, der &hellip; <\/p>\n","protected":false},"author":1,"featured_media":0,"parent":123,"menu_order":159,"comment_status":"closed","ping_status":"closed","template":"","meta":{"_acf_changed":false,"footnotes":""},"class_list":["post-173","page","type-page","status-publish","hentry"],"acf":[],"jetpack_sharing_enabled":true,"_links":{"self":[{"href":"https:\/\/historisches-kirchhellen.de\/index.php?rest_route=\/wp\/v2\/pages\/173","targetHints":{"allow":["GET"]}}],"collection":[{"href":"https:\/\/historisches-kirchhellen.de\/index.php?rest_route=\/wp\/v2\/pages"}],"about":[{"href":"https:\/\/historisches-kirchhellen.de\/index.php?rest_route=\/wp\/v2\/types\/page"}],"author":[{"embeddable":true,"href":"https:\/\/historisches-kirchhellen.de\/index.php?rest_route=\/wp\/v2\/users\/1"}],"replies":[{"embeddable":true,"href":"https:\/\/historisches-kirchhellen.de\/index.php?rest_route=%2Fwp%2Fv2%2Fcomments&post=173"}],"version-history":[{"count":0,"href":"https:\/\/historisches-kirchhellen.de\/index.php?rest_route=\/wp\/v2\/pages\/173\/revisions"}],"up":[{"embeddable":true,"href":"https:\/\/historisches-kirchhellen.de\/index.php?rest_route=\/wp\/v2\/pages\/123"}],"wp:attachment":[{"href":"https:\/\/historisches-kirchhellen.de\/index.php?rest_route=%2Fwp%2Fv2%2Fmedia&parent=173"}],"curies":[{"name":"wp","href":"https:\/\/api.w.org\/{rel}","templated":true}]}}