{"id":1816,"date":"2020-04-13T18:58:24","date_gmt":"2020-04-13T16:58:24","guid":{"rendered":"https:\/\/historisches-kirchhellen.de\/?page_id=1816"},"modified":"2020-04-13T18:58:25","modified_gmt":"2020-04-13T16:58:25","slug":"teilung-des-fernewaldes","status":"publish","type":"page","link":"https:\/\/historisches-kirchhellen.de\/?page_id=1816","title":{"rendered":"Teilung des Fernewaldes"},"content":{"rendered":"\n<p>Am 12. Mai 1824 wurde erstmalig die Teilung des bis dahin gemeinschaftlich genutzten Fernewaldes durch die Gutsbesitzer Rensing und H\u00fclsken aus Kirchhellen beantragt. Der Fernewald lag (und liegt heute noch) im Gebiet der Gemeinden Bottrop, Kirchhellen und Gladbeck. Fr\u00fcher wurde der Wald auch Essendischer Wald genannt. Die Aufteilung der Grundst\u00fccke im Fernewald unter den ortsans\u00e4ssigen Bauern und K\u00f6ttern erfolgte erst um 1869. Dabei meldeten sich folgende Interessenten f\u00fcr den Grundbesitz im Fernewald:<\/p>\n\n\n\n<ol class=\"wp-block-list\"><li>Graf Fritz v. Wolff-Metternich zu Bonn, vertreten durch seinen Vormund Graf Ferdinand v. Wolff-Metternich zu Beck, als Besitzer des Gutes Brabeck Nr. 29 im Kirchspiel Kirchhellen<\/li><li>Eheleute Sattler Bernhard M\u00f6ller und Anna Maria geb. Hake als Besitzer des Kottens M\u00f6ller Nr. 1 zu Kirchhellen<\/li><li>Eheleute Joseph Rade und Elisabeth geb. Kuhlmann als Besitzer des Sanders Kottens Nr. 3 zu Kirchhellen<\/li><li>Eheleute Theodor Dahlmann und Ambrosina geb. Umberg als Besitzer des Dahlmanns Kottens Nr. 4 in Kirchhellen<\/li><li>Theodor Pieperhoff als Besitzer des Dobbe Kottens 17\/4 zu Kirchhellen jetzt Nr. 7<\/li><li>Wittwe Joh. Dickmann Ambrosine geb. Schaepers und deren minor. Kinder Theodor, Anna Maria und Susanna Dickmann, vertreten durch die Mutter, gemeinschaftlich, als Besitzer des Webers Kottens Nr. 8 zu Kirchhellen<\/li><li>Schankwirth Johann Kirchmman und minor. Kinder Johann, Elisabeth und Hermann Kirchmann, vertreten durch ihren Vater, gemeinschaftlich als Besitzer des Kirchmanns Kottens Nr. 9 zu Kirchhellen<\/li><li>Johann Klapheck als Besitzer des Kottens Funke Nr. 11 zu Kirchhellen<\/li><li>Eheleute Werner G\u00fclker u. Elisabeth Lepper als Besitzer des G\u00fclikers Kottens Nr. 12 zu Kirchhellen<\/li><li>der minorenne Theodor Giese, bevormundet von Theodor Th\u00fcr op den Wind sive Giese als Besitzer des Kottens Wittejunge Nr. 13 in Kirchhellen<\/li><li>Heinrich Gro\u00dfe Brink gt. Woltersjans als Besitzer des Kottens Woltersjan Nr. 14 daselbst<\/li><li>Theodor Stappert als Besitzer des Weinforts Kottens Nr. 15 jetzt 14 zu Kirchhellen<\/li><li>Theodor Veen als Besitzer des Janschulten Kottens Nr. 16 daselbst<\/li><li>Johann Lepper als Besitzer des Leppers Kottens Nr. 17 zu Kirchhellen<\/li><li>Eheleute Laurenz Plattbart und Josepha geb. Schulte Zurwieschen als Besitzer des Kottens Plattbart Nr. 20 zu Kirchhellen<\/li><li>Kaufh\u00e4ndler Wilhelm Schulte gt. L\u00f6bbert als Besitzer des Knippings Kottens Nr. 19 in Kirchhellen<\/li><li>Eheleute Wilhelm Schulte und Antonette geb. Rechmann als Besitzer des Colonats Schulte Nr. 28 in Kirchhellen<\/li><li>Eheleute Wilh. Schulte (wie ad 17) als Besitzer des Kottens Holzbank Nr. 29 zu Kirchhellen<\/li><li>Herzog von Arenberg als Besitzer des Gutes Burg in Kirchhellen Nr. 26, vertreten durch den Domainen-Rath Sch\u00fctz zu Recklinghausen<\/li><li>Vicarie Catharinae zu Kirchhellen (I. Vicarie Haus Nr. 21) vertreten durch den Kaplan Franz Xanten zu Kirchhellen<\/li><li>Pastorat zu Kirchhellen (Nr. 25) vertreten durch den Kaplan Franz Xanten, daselbst<\/li><li>II. Vicarie zu Kirchhellen, ohne Stelle, vertreten durch den Kaplan Franz Xanten, daselbst<\/li><li>Johann Schl\u00fcter als Besitzer des Schl\u00fcters Kottens Nr. 32 zu Kirchhellen<\/li><li>Eheleute Werner Breuker und Anna Catharina geb. Gardenier als Besitzer des Gardenier Kotten Nr. 33 zu Kirchhellen<\/li><li>Eheleute Johann Hilp gt. J\u00fcnger als Besitzer des J\u00fcngers Hofes Nr. 24 daselbst<\/li><li>Eheleute Heinrich Beckedahl und Anna Maria Bu\u00dfmann (fr\u00fcher Wittwe Johann Schmidt) als Besitzer der vereinigten Schmidts, Bierbaums und Schere Bierbaums Kotten Nr. 36 in Kirchhellen<\/li><li>Eheleute Theodor J\u00fcnger gt. Hilp und Angela geb. Hollmann als Besitzer des Hilps Kottens Nr. 37 zu Kirchhellen<\/li><li>Eheleute Bernard Allekotte und Mechtildis Gr\u00fctering als Besitzer des Kottens Allekotte Nr. 38 zu Kirchhellen<\/li><li>Kirche zu Kirchhellen (Nr. 10), vertreten durch den Kaplan Franz Xanten daselbst<\/li><li>Graf Fritz v. Wolff-Metternich zu Bonn als Besitzer der Gerechtsame des Tappen Kottens<\/li><li>Heinrich Schwiermann als Besitzer des Schwiermanns Kottens Nr. 42 zu Kirchhellen<\/li><li>Wittwe Theodor Kruse gt. Quartiermeister Elisabeth geb. Wolter als Besitzerin des Kottens Kruse Nr. 43 in Kirchhellen<\/li><li>Erben der Landr\u00e4thin Devens (siehe 285) als Besitzer der Gerechtsame des zersplitterten Goosmanns Kottens<\/li><li>Eheleute Bernard Otterbeck und Gertrud geb. Weber gt. Holl\u00e4nder als Besitzer des Otterbecks Kottens Nr. 47 zu Kirchhellen<\/li><li>Georg Schumacher als Besitzer des Schumachers Kottens Nr. 48 in Kirchhellen<\/li><li>Eheleute Johann K\u00fcper und Elisabeth geb. Hilp als Besitzer des K\u00fcpers Kottens Nr. 49 daselbst<\/li><li>Heinrich Schwiermann gt. Holl\u00e4nder als Besitzer des Webers sive Rademachers Kottens Nr. 53 in Kirchhellen<\/li><li>Colon Johann Frye als Besitzer des Schaepers Hofes Nr. 50 zu Kirchhellen<\/li><li>Colon Johann Georg Frye (wie ad 38) als Besitzer des Fryen Hofes Nr. 55 zu Kirchhellen<\/li><li>Bernard Baumeister gt. Horsthoff, minorenn und bevormundet durch Johann Heming, als Besitzer des Hofes Horsthoff zu Kirchhellen (ohne Hausstelle)<\/li><li>Laurenz H\u00fclsken gt. Wenkendick als Besitzer des Wenkendicks Hofes Nr. 60 zu Kirchhellen<\/li><li>Bernard Eickenkamp als Besitzer des Kottens Prinz Nr. 64 zu Kirchhellen<\/li><li>Theodor Schneider (junior) als Besitzer des Schneiders Kottens Nr. 65 in Kirchhellen<\/li><li>Eheleute Heinrich Kleine Wolters und Anna Catharina geb. Schmudde als Besitzer des Kottens Schmudde Nr. 66 in Kirchhellen<\/li><li>Heinrich Spirres als Besitzer des Spirres Kottens Nr. 67 in Kirchhellen<\/li><li>Theodor Woltersbauer gt. Holbeck als Besitzer des Hollbecks Hofes Nr. 68 in Kirchhellen<\/li><li>Johann Kleine Wolters als Besitzer des Wolters Kottens Nr. 70 in Kirchhellen<\/li><li>Eheleute Johann Borgs und Susanna geb. Schmudde jetzt Bernard Borgs als Besitzer des Kottens Borgs Nr. 77 in Kirchhellen<\/li><li>Heinrich Terwellen als Besitzer des Kottens Terwellen Nr. 77 in Kirchhellen<\/li><li>Wittwe Georg K\u00f6rtling Angela geb. Langweg als Besitzer des K\u00f6rtlings Kottens Nr. 75 in Kirchhellen<\/li><li>Theodor Koppel als Besitzer des Koppels Kottens Nr. 72 in Kirchhellen<\/li><li>Heinrich Kl\u00fcsener als Besitzer des Kl\u00fcseners Kottens Nr. 80 in Holthausen<\/li><li>Bernard Theodor Deffte als Besitzer des Defften Hofes Nr. 105 in Holthausen<\/li><li>Eheleute Johann Fallb\u00f6hmer und Elisabeth geb. Dahlmann als Besitzer des Kraneburgs Kottens Nr. 76 in Holthausen<\/li><li>Theodor Deffte gt. Heimath als Besitzer des Heimaths Hofes Nr. 106 in Holthausen<\/li><li>Bernard Stratmann als Besitzer des Stratmanns Kottens Nr. 58 daselbst<\/li><li>Johann Loeker gt. Brinkert als Besitzer des Brinkerts Kottens Nr. 82 daselbst<\/li><li>Johann Emschermann als Besitzer des Catrinen Kottens Nr. 107 daselbst<\/li><li>Wittwe Johann Bernard Bramkamp jetzt Heinrich Bramkamp als Besitzerin des Bramk\u00e4mpers Kottens Nr. 104 daselbst<\/li><li>Heinrich Wachtmeister als Besitzer des Wachtmeisters Kottens Nr. 61 in Holthausen<\/li><li>Theodor Forth gt. Loeker als Besitzer des Loekers Kottens Nr. 65 daselbst<\/li><li>Bernard Eulerich als Besitzer des Kottens Eulerich Nr. 95 daselbst<\/li><li>Johann Reinersmann gt. Loeker (im Bruch) als Besitzer des Loekers Kottens (im Bruch) Nr. 70 in Holthausen<\/li><li>Bernard S\u00f6ller als Besitzer des Kottens Dro\u00dfling Nr. 77 daselbst<\/li><li>Bernard Kreul gt. Langweg als Besitzer des Langwegs Kottens Nr. 75 daselbst<\/li><li>Bernard Schulte Terhusen gt. Geitling als Besitzer des Geitlings Kottens Nr. 71 daselbst<\/li><li>Theodor K\u00f6ller gt. Wolter am Baum als Besitzer des Wolters Kottens Nr. 69 daselbst<\/li><\/ol>\n\n\n\n<p><em>Ab Nr. 68 folgen Gladbecker und Bottroper H\u00f6fe.<\/em><\/p>\n","protected":false},"excerpt":{"rendered":"<p>Am 12. Mai 1824 wurde erstmalig die Teilung des bis dahin gemeinschaftlich genutzten Fernewaldes durch die Gutsbesitzer Rensing und H\u00fclsken aus Kirchhellen beantragt. Der Fernewald &hellip; <\/p>\n","protected":false},"author":1,"featured_media":0,"parent":71,"menu_order":1,"comment_status":"closed","ping_status":"closed","template":"","meta":{"_acf_changed":false,"footnotes":""},"class_list":["post-1816","page","type-page","status-publish","hentry"],"acf":[],"jetpack_sharing_enabled":true,"_links":{"self":[{"href":"https:\/\/historisches-kirchhellen.de\/index.php?rest_route=\/wp\/v2\/pages\/1816","targetHints":{"allow":["GET"]}}],"collection":[{"href":"https:\/\/historisches-kirchhellen.de\/index.php?rest_route=\/wp\/v2\/pages"}],"about":[{"href":"https:\/\/historisches-kirchhellen.de\/index.php?rest_route=\/wp\/v2\/types\/page"}],"author":[{"embeddable":true,"href":"https:\/\/historisches-kirchhellen.de\/index.php?rest_route=\/wp\/v2\/users\/1"}],"replies":[{"embeddable":true,"href":"https:\/\/historisches-kirchhellen.de\/index.php?rest_route=%2Fwp%2Fv2%2Fcomments&post=1816"}],"version-history":[{"count":0,"href":"https:\/\/historisches-kirchhellen.de\/index.php?rest_route=\/wp\/v2\/pages\/1816\/revisions"}],"up":[{"embeddable":true,"href":"https:\/\/historisches-kirchhellen.de\/index.php?rest_route=\/wp\/v2\/pages\/71"}],"wp:attachment":[{"href":"https:\/\/historisches-kirchhellen.de\/index.php?rest_route=%2Fwp%2Fv2%2Fmedia&parent=1816"}],"curies":[{"name":"wp","href":"https:\/\/api.w.org\/{rel}","templated":true}]}}