{"id":183,"date":"2019-05-15T18:22:45","date_gmt":"2019-05-15T18:22:45","guid":{"rendered":"http:\/\/historisches-kirchhellen.de\/?page_id=183"},"modified":"2019-05-15T18:22:45","modified_gmt":"2019-05-15T18:22:45","slug":"tappenhof","status":"publish","type":"page","link":"https:\/\/historisches-kirchhellen.de\/?page_id=183","title":{"rendered":"Tappenhof"},"content":{"rendered":"\n<p>Der Tappenhof nimmt an der Dorfheide seinen Anfang und f\u00fchrt dann durch das Neubaugebiet nach Osten bis zur Gladbecker Grenze, wo er dann den Namen Schanzenheide bekommt.&nbsp;<\/p>\n\n\n\n<p>Der Hof Tappe war ein Kotten unweit vom Schlagkamp. Er musste abgebrochen werden, als die Bahnlinie durch Kirchhellen gebaut wurde. <\/p>\n\n\n\n<p>In England ist eine &#8222;tapeley&#8220; eine nasse Wiese, im Spanischen hei\u00dft &#8222;tap&#8220; Lehm und im Provencalisch-Lombardischen nicht anderes als Schlamm. Somit h\u00e4tten wir auch hier ein Beispiel f\u00fcr das hohe Alter Kirchhellener Flurnamen, die nicht aus germanischer, sondern aus pr\u00e4historischer Zeit stammen m\u00fcssen.<\/p>\n","protected":false},"excerpt":{"rendered":"<p>Der Tappenhof nimmt an der Dorfheide seinen Anfang und f\u00fchrt dann durch das Neubaugebiet nach Osten bis zur Gladbecker Grenze, wo er dann den Namen &hellip; <\/p>\n","protected":false},"author":1,"featured_media":0,"parent":123,"menu_order":172,"comment_status":"closed","ping_status":"closed","template":"","meta":{"_acf_changed":false,"footnotes":""},"class_list":["post-183","page","type-page","status-publish","hentry"],"acf":[],"jetpack_sharing_enabled":true,"_links":{"self":[{"href":"https:\/\/historisches-kirchhellen.de\/index.php?rest_route=\/wp\/v2\/pages\/183","targetHints":{"allow":["GET"]}}],"collection":[{"href":"https:\/\/historisches-kirchhellen.de\/index.php?rest_route=\/wp\/v2\/pages"}],"about":[{"href":"https:\/\/historisches-kirchhellen.de\/index.php?rest_route=\/wp\/v2\/types\/page"}],"author":[{"embeddable":true,"href":"https:\/\/historisches-kirchhellen.de\/index.php?rest_route=\/wp\/v2\/users\/1"}],"replies":[{"embeddable":true,"href":"https:\/\/historisches-kirchhellen.de\/index.php?rest_route=%2Fwp%2Fv2%2Fcomments&post=183"}],"version-history":[{"count":0,"href":"https:\/\/historisches-kirchhellen.de\/index.php?rest_route=\/wp\/v2\/pages\/183\/revisions"}],"up":[{"embeddable":true,"href":"https:\/\/historisches-kirchhellen.de\/index.php?rest_route=\/wp\/v2\/pages\/123"}],"wp:attachment":[{"href":"https:\/\/historisches-kirchhellen.de\/index.php?rest_route=%2Fwp%2Fv2%2Fmedia&parent=183"}],"curies":[{"name":"wp","href":"https:\/\/api.w.org\/{rel}","templated":true}]}}