{"id":187,"date":"2019-05-15T18:23:44","date_gmt":"2019-05-15T18:23:44","guid":{"rendered":"http:\/\/historisches-kirchhellen.de\/?page_id=187"},"modified":"2019-05-23T18:09:37","modified_gmt":"2019-05-23T18:09:37","slug":"toefflinger-strasse","status":"publish","type":"page","link":"https:\/\/historisches-kirchhellen.de\/?page_id=187","title":{"rendered":"T\u00f6fflinger Stra\u00dfe"},"content":{"rendered":"\n<p>Sie bildet die Verl\u00e4ngerung der <a href=\"http:\/\/historisches-kirchhellen.de\/?page_id=585\">Burgstra\u00dfe<\/a> durch die Hohe Heide bis zum\u00a0<a href=\"http:\/\/historisches-kirchhellen.de\/?page_id=581\">Burenbrock<\/a>.\u00a0Benannt ist sie nach dem dort am 30.5.1914 von Wilderern im Alter von\u00a053 Jahren erschossenen F\u00f6rster Paul T\u00f6fflinger. Er hinterlie\u00df eine Frau mit\u00a0neun Kindern im Alter von vier Wochen bis 16 Jahren.<\/p>\n\n\n\n<p>Am 20. Jahrestag der Mordtat wurde das dort bereits errichtete Kreuz&nbsp;durch einen Findling ersetzt als bleibendes Mal an diese furchtbare Tat. &nbsp;<\/p>\n\n\n\n<figure class=\"wp-block-image\"><a href=\"http:\/\/historisches-kirchhellen.de\/wp-content\/uploads\/2019\/05\/T\u00f6fflinger-Stra\u00dfe.jpg\"><img loading=\"lazy\" decoding=\"async\" width=\"1024\" height=\"768\" src=\"http:\/\/historisches-kirchhellen.de\/wp-content\/uploads\/2019\/05\/T\u00f6fflinger-Stra\u00dfe-1024x768.jpg\" alt=\"\" class=\"wp-image-977\" srcset=\"https:\/\/historisches-kirchhellen.de\/wp-content\/uploads\/2019\/05\/T\u00f6fflinger-Stra\u00dfe-1024x768.jpg 1024w, https:\/\/historisches-kirchhellen.de\/wp-content\/uploads\/2019\/05\/T\u00f6fflinger-Stra\u00dfe-300x225.jpg 300w, https:\/\/historisches-kirchhellen.de\/wp-content\/uploads\/2019\/05\/T\u00f6fflinger-Stra\u00dfe-768x576.jpg 768w\" sizes=\"auto, (max-width: 1024px) 100vw, 1024px\" \/><\/a><figcaption>T\u00f6fflinger Stra\u00dfe, Blick aus Richtung Brabecker Weg<\/figcaption><\/figure>\n","protected":false},"excerpt":{"rendered":"<p>Sie bildet die Verl\u00e4ngerung der Burgstra\u00dfe durch die Hohe Heide bis zum\u00a0Burenbrock.\u00a0Benannt ist sie nach dem dort am 30.5.1914 von Wilderern im Alter von\u00a053 Jahren &hellip; <\/p>\n","protected":false},"author":1,"featured_media":0,"parent":123,"menu_order":186,"comment_status":"closed","ping_status":"closed","template":"","meta":{"_acf_changed":false,"footnotes":""},"class_list":["post-187","page","type-page","status-publish","hentry"],"acf":[],"jetpack_sharing_enabled":true,"_links":{"self":[{"href":"https:\/\/historisches-kirchhellen.de\/index.php?rest_route=\/wp\/v2\/pages\/187","targetHints":{"allow":["GET"]}}],"collection":[{"href":"https:\/\/historisches-kirchhellen.de\/index.php?rest_route=\/wp\/v2\/pages"}],"about":[{"href":"https:\/\/historisches-kirchhellen.de\/index.php?rest_route=\/wp\/v2\/types\/page"}],"author":[{"embeddable":true,"href":"https:\/\/historisches-kirchhellen.de\/index.php?rest_route=\/wp\/v2\/users\/1"}],"replies":[{"embeddable":true,"href":"https:\/\/historisches-kirchhellen.de\/index.php?rest_route=%2Fwp%2Fv2%2Fcomments&post=187"}],"version-history":[{"count":0,"href":"https:\/\/historisches-kirchhellen.de\/index.php?rest_route=\/wp\/v2\/pages\/187\/revisions"}],"up":[{"embeddable":true,"href":"https:\/\/historisches-kirchhellen.de\/index.php?rest_route=\/wp\/v2\/pages\/123"}],"wp:attachment":[{"href":"https:\/\/historisches-kirchhellen.de\/index.php?rest_route=%2Fwp%2Fv2%2Fmedia&parent=187"}],"curies":[{"name":"wp","href":"https:\/\/api.w.org\/{rel}","templated":true}]}}