{"id":189,"date":"2019-05-15T18:24:25","date_gmt":"2019-05-15T18:24:25","guid":{"rendered":"http:\/\/historisches-kirchhellen.de\/?page_id=189"},"modified":"2019-05-15T18:24:25","modified_gmt":"2019-05-15T18:24:25","slug":"toensholter-weg","status":"publish","type":"page","link":"https:\/\/historisches-kirchhellen.de\/?page_id=189","title":{"rendered":"T\u00f6nsholter Weg"},"content":{"rendered":"\n<p>Dieser Weg f\u00fchrt entlang der Bahnlinie Gladbeck &#8211; Feldhausen &#8211; Dorsten von der Stra\u00dfe &#8222;Im Mandel&#8220; bis an die Grenze Dorstens.<\/p>\n\n\n\n<p>Benannt ist sie nach dem &#8222;T\u00f6nsholt&#8220;, an dem auch die so benannte Siedlung auf heutigem Dorstener Stadtgebiet liegt.<\/p>\n\n\n\n<p>&#8222;T\u00f6ns&#8220; ist der Antonius, besser der Sohn des Antonius = T\u00f6ns-sohn = T\u00f6ns wie T\u00f6nsing oder T\u00f6nsen. Nach welchem Antonius dieses Holt (Wald, Busch) benannt worden ist, l\u00e4sst sich nicht mehr feststellen. &nbsp;&nbsp;<\/p>\n","protected":false},"excerpt":{"rendered":"<p>Dieser Weg f\u00fchrt entlang der Bahnlinie Gladbeck &#8211; Feldhausen &#8211; Dorsten von der Stra\u00dfe &#8222;Im Mandel&#8220; bis an die Grenze Dorstens. Benannt ist sie nach &hellip; <\/p>\n","protected":false},"author":1,"featured_media":0,"parent":123,"menu_order":183,"comment_status":"closed","ping_status":"closed","template":"","meta":{"_acf_changed":false,"footnotes":""},"class_list":["post-189","page","type-page","status-publish","hentry"],"acf":[],"jetpack_sharing_enabled":true,"_links":{"self":[{"href":"https:\/\/historisches-kirchhellen.de\/index.php?rest_route=\/wp\/v2\/pages\/189","targetHints":{"allow":["GET"]}}],"collection":[{"href":"https:\/\/historisches-kirchhellen.de\/index.php?rest_route=\/wp\/v2\/pages"}],"about":[{"href":"https:\/\/historisches-kirchhellen.de\/index.php?rest_route=\/wp\/v2\/types\/page"}],"author":[{"embeddable":true,"href":"https:\/\/historisches-kirchhellen.de\/index.php?rest_route=\/wp\/v2\/users\/1"}],"replies":[{"embeddable":true,"href":"https:\/\/historisches-kirchhellen.de\/index.php?rest_route=%2Fwp%2Fv2%2Fcomments&post=189"}],"version-history":[{"count":0,"href":"https:\/\/historisches-kirchhellen.de\/index.php?rest_route=\/wp\/v2\/pages\/189\/revisions"}],"up":[{"embeddable":true,"href":"https:\/\/historisches-kirchhellen.de\/index.php?rest_route=\/wp\/v2\/pages\/123"}],"wp:attachment":[{"href":"https:\/\/historisches-kirchhellen.de\/index.php?rest_route=%2Fwp%2Fv2%2Fmedia&parent=189"}],"curies":[{"name":"wp","href":"https:\/\/api.w.org\/{rel}","templated":true}]}}