{"id":193,"date":"2019-05-15T18:25:51","date_gmt":"2019-05-15T18:25:51","guid":{"rendered":"http:\/\/historisches-kirchhellen.de\/?page_id=193"},"modified":"2019-05-15T18:25:51","modified_gmt":"2019-05-15T18:25:51","slug":"toettelberg","status":"publish","type":"page","link":"https:\/\/historisches-kirchhellen.de\/?page_id=193","title":{"rendered":"T\u00f6ttelberg"},"content":{"rendered":"\n<p>Diese Stra\u00dfe ist die Verbindung zwischen Utschlagstra\u00dfe und Hiesfelder Stra\u00dfe. Benannt wurde sie nach dem dort nunmehr abgetragenen Sandberg am <a href=\"http:\/\/historisches-kirchhellen.de\/?page_id=130\">Alten Postweg<\/a>.\u00a0<\/p>\n\n\n\n<p>&#8222;Tetten&#8220;, &#8222;T\u00f6tten&#8220;, &#8222;Todten&#8220; sind vorgeschichtliche Bezeichnungen f\u00fcr Sumpf und Moor. Auch hier wird man sich fragen, wie vertr\u00e4gt sich denn Sand mit Moor? Die Antwort: gar nicht, denn auch hier hat der &#8222;Berg&#8220; wie der Reckelsberg seinen Namen nach dem dazugeh\u00f6rigen Gew\u00e4sser (Quellgebiet des Schwarzbaches).<\/p>\n","protected":false},"excerpt":{"rendered":"<p>Diese Stra\u00dfe ist die Verbindung zwischen Utschlagstra\u00dfe und Hiesfelder Stra\u00dfe. Benannt wurde sie nach dem dort nunmehr abgetragenen Sandberg am Alten Postweg.\u00a0 &#8222;Tetten&#8220;, &#8222;T\u00f6tten&#8220;, &#8222;Todten&#8220; &hellip; <\/p>\n","protected":false},"author":1,"featured_media":0,"parent":123,"menu_order":193,"comment_status":"closed","ping_status":"closed","template":"","meta":{"_acf_changed":false,"footnotes":""},"class_list":["post-193","page","type-page","status-publish","hentry"],"acf":[],"jetpack_sharing_enabled":true,"_links":{"self":[{"href":"https:\/\/historisches-kirchhellen.de\/index.php?rest_route=\/wp\/v2\/pages\/193","targetHints":{"allow":["GET"]}}],"collection":[{"href":"https:\/\/historisches-kirchhellen.de\/index.php?rest_route=\/wp\/v2\/pages"}],"about":[{"href":"https:\/\/historisches-kirchhellen.de\/index.php?rest_route=\/wp\/v2\/types\/page"}],"author":[{"embeddable":true,"href":"https:\/\/historisches-kirchhellen.de\/index.php?rest_route=\/wp\/v2\/users\/1"}],"replies":[{"embeddable":true,"href":"https:\/\/historisches-kirchhellen.de\/index.php?rest_route=%2Fwp%2Fv2%2Fcomments&post=193"}],"version-history":[{"count":0,"href":"https:\/\/historisches-kirchhellen.de\/index.php?rest_route=\/wp\/v2\/pages\/193\/revisions"}],"up":[{"embeddable":true,"href":"https:\/\/historisches-kirchhellen.de\/index.php?rest_route=\/wp\/v2\/pages\/123"}],"wp:attachment":[{"href":"https:\/\/historisches-kirchhellen.de\/index.php?rest_route=%2Fwp%2Fv2%2Fmedia&parent=193"}],"curies":[{"name":"wp","href":"https:\/\/api.w.org\/{rel}","templated":true}]}}