{"id":195,"date":"2019-05-15T18:26:16","date_gmt":"2019-05-15T18:26:16","guid":{"rendered":"http:\/\/historisches-kirchhellen.de\/?page_id=195"},"modified":"2019-05-15T18:26:16","modified_gmt":"2019-05-15T18:26:16","slug":"tuchmacherstrasse","status":"publish","type":"page","link":"https:\/\/historisches-kirchhellen.de\/?page_id=195","title":{"rendered":"Tuchmacherstra\u00dfe"},"content":{"rendered":"\n<p>Die Tuchmacherstra\u00dfe liegt in dem (fast) ausschlie\u00dflich nach zum Teil alten Handwerken benannten Gebiet s\u00fcdlich der Schneiderstra\u00dfe in Grafenwald.<\/p>\n\n\n\n<p>Tuchmacher waren spezielle Weber, die ausschlie\u00dflich feine Wollgewebe herstellten.<\/p>\n","protected":false},"excerpt":{"rendered":"<p>Die Tuchmacherstra\u00dfe liegt in dem (fast) ausschlie\u00dflich nach zum Teil alten Handwerken benannten Gebiet s\u00fcdlich der Schneiderstra\u00dfe in Grafenwald. Tuchmacher waren spezielle Weber, die ausschlie\u00dflich &hellip; <\/p>\n","protected":false},"author":1,"featured_media":0,"parent":123,"menu_order":190,"comment_status":"closed","ping_status":"closed","template":"","meta":{"_acf_changed":false,"footnotes":""},"class_list":["post-195","page","type-page","status-publish","hentry"],"acf":[],"jetpack_sharing_enabled":true,"_links":{"self":[{"href":"https:\/\/historisches-kirchhellen.de\/index.php?rest_route=\/wp\/v2\/pages\/195","targetHints":{"allow":["GET"]}}],"collection":[{"href":"https:\/\/historisches-kirchhellen.de\/index.php?rest_route=\/wp\/v2\/pages"}],"about":[{"href":"https:\/\/historisches-kirchhellen.de\/index.php?rest_route=\/wp\/v2\/types\/page"}],"author":[{"embeddable":true,"href":"https:\/\/historisches-kirchhellen.de\/index.php?rest_route=\/wp\/v2\/users\/1"}],"replies":[{"embeddable":true,"href":"https:\/\/historisches-kirchhellen.de\/index.php?rest_route=%2Fwp%2Fv2%2Fcomments&post=195"}],"version-history":[{"count":0,"href":"https:\/\/historisches-kirchhellen.de\/index.php?rest_route=\/wp\/v2\/pages\/195\/revisions"}],"up":[{"embeddable":true,"href":"https:\/\/historisches-kirchhellen.de\/index.php?rest_route=\/wp\/v2\/pages\/123"}],"wp:attachment":[{"href":"https:\/\/historisches-kirchhellen.de\/index.php?rest_route=%2Fwp%2Fv2%2Fmedia&parent=195"}],"curies":[{"name":"wp","href":"https:\/\/api.w.org\/{rel}","templated":true}]}}