{"id":199,"date":"2019-05-15T18:27:12","date_gmt":"2019-05-15T18:27:12","guid":{"rendered":"http:\/\/historisches-kirchhellen.de\/?page_id=199"},"modified":"2019-05-15T18:27:12","modified_gmt":"2019-05-15T18:27:12","slug":"utschlagstrasse","status":"publish","type":"page","link":"https:\/\/historisches-kirchhellen.de\/?page_id=199","title":{"rendered":"Utschlagstra\u00dfe"},"content":{"rendered":"\n<p>Die Utschlagstra\u00dfe ist die Verl\u00e4ngerung der Stra\u00dfe Sensenfeld zur L 623 (Bottroper Stra\u00dfe).<\/p>\n\n\n\n<p>Ihren Namen hat sie nach dem Hof Utschlag, der bereits im Jahre 1660 im Kurf\u00fcrstlichen Lagerbuch erw\u00e4hnt wurde: &#8222;Berndt Utschlag, geh\u00f6rt nacher Brabeck, gibt in contribution (Abgabe) 1 1\/2 rixort&#8220; (Reichsort &#8211; 1 Ort ist der vierte Teil des Ganzen, hier also 1\/4 Reichstaler).<\/p>\n\n\n\n<p>Zur Deutung des Namens: &#8222;Ut&#8220; und &#8222;Uts&#8220; waren im Mittelalter beliebte Abk\u00fcrzungen f\u00fcr Ulrich. Da &#8222;Ut&#8220; hier aber nicht Grund-, sondern Bestimmungswort ist, l\u00e4sst sich diese Deutung wohl nicht halten.&nbsp;<\/p>\n\n\n\n<p>Das &#8222;Ut&#8220; k\u00f6nnte man als unser heutiges &#8222;aus&#8220; verstehen. Es geh\u00f6rt aber sicherlich mit den W\u00f6rten &#8222;Ot, Od, Ut, Ud&#8220; zu den indogermanischen W\u00f6rtern, die Wasser, Moor und Sumpf meinen. &#8222;Utschlag&#8220; w\u00e4re somit die gerodete, kahlgeschlagene Flur am Wasser oder Sumpf.<\/p>\n","protected":false},"excerpt":{"rendered":"<p>Die Utschlagstra\u00dfe ist die Verl\u00e4ngerung der Stra\u00dfe Sensenfeld zur L 623 (Bottroper Stra\u00dfe). Ihren Namen hat sie nach dem Hof Utschlag, der bereits im Jahre &hellip; <\/p>\n","protected":false},"author":1,"featured_media":0,"parent":123,"menu_order":196,"comment_status":"closed","ping_status":"closed","template":"","meta":{"_acf_changed":false,"footnotes":""},"class_list":["post-199","page","type-page","status-publish","hentry"],"acf":[],"jetpack_sharing_enabled":true,"_links":{"self":[{"href":"https:\/\/historisches-kirchhellen.de\/index.php?rest_route=\/wp\/v2\/pages\/199","targetHints":{"allow":["GET"]}}],"collection":[{"href":"https:\/\/historisches-kirchhellen.de\/index.php?rest_route=\/wp\/v2\/pages"}],"about":[{"href":"https:\/\/historisches-kirchhellen.de\/index.php?rest_route=\/wp\/v2\/types\/page"}],"author":[{"embeddable":true,"href":"https:\/\/historisches-kirchhellen.de\/index.php?rest_route=\/wp\/v2\/users\/1"}],"replies":[{"embeddable":true,"href":"https:\/\/historisches-kirchhellen.de\/index.php?rest_route=%2Fwp%2Fv2%2Fcomments&post=199"}],"version-history":[{"count":0,"href":"https:\/\/historisches-kirchhellen.de\/index.php?rest_route=\/wp\/v2\/pages\/199\/revisions"}],"up":[{"embeddable":true,"href":"https:\/\/historisches-kirchhellen.de\/index.php?rest_route=\/wp\/v2\/pages\/123"}],"wp:attachment":[{"href":"https:\/\/historisches-kirchhellen.de\/index.php?rest_route=%2Fwp%2Fv2%2Fmedia&parent=199"}],"curies":[{"name":"wp","href":"https:\/\/api.w.org\/{rel}","templated":true}]}}