{"id":203,"date":"2019-05-15T18:27:59","date_gmt":"2019-05-15T18:27:59","guid":{"rendered":"http:\/\/historisches-kirchhellen.de\/?page_id=203"},"modified":"2019-05-15T18:27:59","modified_gmt":"2019-05-15T18:27:59","slug":"vogelsrauh","status":"publish","type":"page","link":"https:\/\/historisches-kirchhellen.de\/?page_id=203","title":{"rendered":"Vogelsrauh"},"content":{"rendered":"\n<p>Sie ist eine Stra\u00dfe zwischen dem Hoheheideweg und dem\u00a0Tappenhof.<br><br>Man will die Bezeichnung davon herleiten, dass hier in alter Zeit die Vogelstange zum K\u00f6nigsschie\u00dfen bei den Sch\u00fctzenfesten aufgestellt wurde. Was\u00a0soll aber dann das \u201erauh\u201c? Wenn wir an die vielen Orts- und Gel\u00e4ndenamen\u00a0in Verbindung mit der Silbe \u201eVogel\u201c denken, die alle nichts mit dem Vogel zu\u00a0tun haben, k\u00f6nnte das hier auch wohl der Fall sein (Vogelsberg, Hochvogel, \u00a0Vogelheim).\u00a0<br><br>\u201evog\u201c und \u201evog-l\u201c ist eine uralte Bezeichnung f\u00fcr Sumpf und Moor. Wiederum ein Beweis, dass die dort ehemals ans\u00e4ssig gewesene vorgeschichtliche\u00a0Bev\u00f6lkerung Namen w\u00e4hlte, die auf die einstige Bodennatur Bezug nahmen.\u00a0<br><br>Was sagt dann aber die Silbe \u201erauh\u201c? Dieses \u201erauh\u201c scheint identisch zu\u00a0sein mit \u201eruh\u201c, \u201eruh-l\u201c, \u201erusche\u201c, lat.: ruscus = die Binse.\u00a0Alle diese auch pr\u00e4historischen W\u00f6rter deuten auf sumpfiges Gel\u00e4nde. Wir\u00a0hatten hier dann sogar eine Bedeutungsverdoppelung. \u00a0 \u00a0 \u00a0 <\/p>\n","protected":false},"excerpt":{"rendered":"<p>Sie ist eine Stra\u00dfe zwischen dem Hoheheideweg und dem\u00a0Tappenhof. Man will die Bezeichnung davon herleiten, dass hier in alter Zeit die Vogelstange zum K\u00f6nigsschie\u00dfen bei &hellip; <\/p>\n","protected":false},"author":1,"featured_media":0,"parent":123,"menu_order":203,"comment_status":"closed","ping_status":"closed","template":"","meta":{"_acf_changed":false,"footnotes":""},"class_list":["post-203","page","type-page","status-publish","hentry"],"acf":[],"jetpack_sharing_enabled":true,"_links":{"self":[{"href":"https:\/\/historisches-kirchhellen.de\/index.php?rest_route=\/wp\/v2\/pages\/203","targetHints":{"allow":["GET"]}}],"collection":[{"href":"https:\/\/historisches-kirchhellen.de\/index.php?rest_route=\/wp\/v2\/pages"}],"about":[{"href":"https:\/\/historisches-kirchhellen.de\/index.php?rest_route=\/wp\/v2\/types\/page"}],"author":[{"embeddable":true,"href":"https:\/\/historisches-kirchhellen.de\/index.php?rest_route=\/wp\/v2\/users\/1"}],"replies":[{"embeddable":true,"href":"https:\/\/historisches-kirchhellen.de\/index.php?rest_route=%2Fwp%2Fv2%2Fcomments&post=203"}],"version-history":[{"count":0,"href":"https:\/\/historisches-kirchhellen.de\/index.php?rest_route=\/wp\/v2\/pages\/203\/revisions"}],"up":[{"embeddable":true,"href":"https:\/\/historisches-kirchhellen.de\/index.php?rest_route=\/wp\/v2\/pages\/123"}],"wp:attachment":[{"href":"https:\/\/historisches-kirchhellen.de\/index.php?rest_route=%2Fwp%2Fv2%2Fmedia&parent=203"}],"curies":[{"name":"wp","href":"https:\/\/api.w.org\/{rel}","templated":true}]}}