{"id":209,"date":"2019-05-15T18:31:54","date_gmt":"2019-05-15T18:31:54","guid":{"rendered":"http:\/\/historisches-kirchhellen.de\/?page_id=209"},"modified":"2019-05-15T18:31:54","modified_gmt":"2019-05-15T18:31:54","slug":"vossundern","status":"publish","type":"page","link":"https:\/\/historisches-kirchhellen.de\/?page_id=209","title":{"rendered":"Vossundern"},"content":{"rendered":"\n<p>Diese Stra\u00dfe l\u00e4uft von der Bottroper Stra\u00dfe als Fortsetzung der Hegestra\u00dfe auf die\u00a0Stra\u00dfe \u201eZur Grafenm\u00fchle\u201c. In diesem s\u00fcdlichen Bereich Kirchhellens gibt es grenz\u00fcberschreitend\u00a0drei \u201eSondern\u201c oder \u201eSundern\u201c:\u00a0<\/p>\n\n\n\n<p>Auf Bottroper Gebiet als Teil des \u201eK\u00f6lnischen Waldes\u201c:<br>1. Sondern oder Bischofssondern.<br>Auf Kirchhellener Gebiet:<br>2. Vohssundern (Vossundern) und<br>3. Junkeren Sondern.<br>\u00a0<br>Nun zur Deutung der Namen: Die Silbe \u201eVoss\u201c hat nichts, wie man vermuten k\u00f6nnte, mit unserem Fuchs zu tun. Wir finden dieses Wort auch in anderen Orts- und Bach- oder Gel\u00e4ndenamen:\u00a0Vossenack in der Eifel; dieses Vossenack entspricht dem Vossenaken in<br>Belgien und an der Ruhr, F\u00fcssenich bei D\u00fcren, Fusenich bei Trier, Fussigny\u00a0in Frankreich, der Vussem (Bach in der Eifel), das Vossmeer in Holland, Vossiepen bei Hagen u.a.\u00a0<br>\u00a0<br>Alle diese Spielarten des Wortes \u201eVoss\u201c bedeuten nichts anderes als sumpfiges Wasser, kein Wunder bei der Vielzahl der Gew\u00e4sser, die dieses Gebiet\u00a0aufzuweisen hatte und noch aufzuweisen hat: Schwarz- und Rotbach,\u00a0Spechtsbach, Sch\u00f6ttelbach, Kleine Boy, M\u00fchlenteich und viele kleinere Zub\u00e4che ohne Namen.<br>\u00a0<br>Nun zu \u201eSundern\u201c. Hier scheiden sich die Geister: Die einen wollen den\u00a0Begriff vom heutigen Wort \u201eabsondern\u201c herleiten. Dagegen spricht aber die\u00a0Tatsache, dass in allen F\u00e4llen die Frage nicht oder nur recht fadenscheinig beantwortet werden kann, woher denn dieses Gebiet \u201eabgesondert\u201c sein soll,\u00a0zumal die Grundform ja \u201eSondern\u201c oder \u201eSundern\u201c hei\u00dft mit dem besitzanzeigenden Beiwort: Bischof als dem Eigent\u00fcmer des Sundern oder Junkeren,\u00a0das den Junker als Eigent\u00fcmer des Sundern nennt.<\/p>\n","protected":false},"excerpt":{"rendered":"<p>Diese Stra\u00dfe l\u00e4uft von der Bottroper Stra\u00dfe als Fortsetzung der Hegestra\u00dfe auf die\u00a0Stra\u00dfe \u201eZur Grafenm\u00fchle\u201c. In diesem s\u00fcdlichen Bereich Kirchhellens gibt es grenz\u00fcberschreitend\u00a0drei \u201eSondern\u201c oder &hellip; <\/p>\n","protected":false},"author":1,"featured_media":0,"parent":123,"menu_order":210,"comment_status":"closed","ping_status":"closed","template":"","meta":{"_acf_changed":false,"footnotes":""},"class_list":["post-209","page","type-page","status-publish","hentry"],"acf":[],"jetpack_sharing_enabled":true,"_links":{"self":[{"href":"https:\/\/historisches-kirchhellen.de\/index.php?rest_route=\/wp\/v2\/pages\/209","targetHints":{"allow":["GET"]}}],"collection":[{"href":"https:\/\/historisches-kirchhellen.de\/index.php?rest_route=\/wp\/v2\/pages"}],"about":[{"href":"https:\/\/historisches-kirchhellen.de\/index.php?rest_route=\/wp\/v2\/types\/page"}],"author":[{"embeddable":true,"href":"https:\/\/historisches-kirchhellen.de\/index.php?rest_route=\/wp\/v2\/users\/1"}],"replies":[{"embeddable":true,"href":"https:\/\/historisches-kirchhellen.de\/index.php?rest_route=%2Fwp%2Fv2%2Fcomments&post=209"}],"version-history":[{"count":0,"href":"https:\/\/historisches-kirchhellen.de\/index.php?rest_route=\/wp\/v2\/pages\/209\/revisions"}],"up":[{"embeddable":true,"href":"https:\/\/historisches-kirchhellen.de\/index.php?rest_route=\/wp\/v2\/pages\/123"}],"wp:attachment":[{"href":"https:\/\/historisches-kirchhellen.de\/index.php?rest_route=%2Fwp%2Fv2%2Fmedia&parent=209"}],"curies":[{"name":"wp","href":"https:\/\/api.w.org\/{rel}","templated":true}]}}