{"id":216,"date":"2019-05-15T18:56:13","date_gmt":"2019-05-15T18:56:13","guid":{"rendered":"http:\/\/historisches-kirchhellen.de\/?page_id=216"},"modified":"2019-05-15T18:56:13","modified_gmt":"2019-05-15T18:56:13","slug":"schaeferweg","status":"publish","type":"page","link":"https:\/\/historisches-kirchhellen.de\/?page_id=216","title":{"rendered":"Sch\u00e4ferweg"},"content":{"rendered":"\n<p>Er f\u00fchrt zum Hof Gro\u00dfe Holtfort, fr\u00fcher Heimath, einem von drei H\u00f6fen, die aus dem Besitz der Zisterzienserinnen (Mitte des 13. Jahrhunderts)\u00a0stammen. Dieser Hof Heimath besa\u00df lange Zeit eine eigene Schafherde. Eine\u00a0Geburtsurkunde im hiesigen Taufbuch nennt sogar eine (uneheliche) Mutter,\u00a0die, da sie noch keinen Familiennamen besa\u00df, Marie \u201ein Heimaths Schafstall\u201c\u00a0genannt wird. <\/p>\n","protected":false},"excerpt":{"rendered":"<p>Er f\u00fchrt zum Hof Gro\u00dfe Holtfort, fr\u00fcher Heimath, einem von drei H\u00f6fen, die aus dem Besitz der Zisterzienserinnen (Mitte des 13. Jahrhunderts)\u00a0stammen. Dieser Hof Heimath &hellip; <\/p>\n","protected":false},"author":1,"featured_media":0,"parent":123,"menu_order":218,"comment_status":"closed","ping_status":"closed","template":"","meta":{"_acf_changed":false,"footnotes":""},"class_list":["post-216","page","type-page","status-publish","hentry"],"acf":[],"jetpack_sharing_enabled":true,"_links":{"self":[{"href":"https:\/\/historisches-kirchhellen.de\/index.php?rest_route=\/wp\/v2\/pages\/216","targetHints":{"allow":["GET"]}}],"collection":[{"href":"https:\/\/historisches-kirchhellen.de\/index.php?rest_route=\/wp\/v2\/pages"}],"about":[{"href":"https:\/\/historisches-kirchhellen.de\/index.php?rest_route=\/wp\/v2\/types\/page"}],"author":[{"embeddable":true,"href":"https:\/\/historisches-kirchhellen.de\/index.php?rest_route=\/wp\/v2\/users\/1"}],"replies":[{"embeddable":true,"href":"https:\/\/historisches-kirchhellen.de\/index.php?rest_route=%2Fwp%2Fv2%2Fcomments&post=216"}],"version-history":[{"count":0,"href":"https:\/\/historisches-kirchhellen.de\/index.php?rest_route=\/wp\/v2\/pages\/216\/revisions"}],"up":[{"embeddable":true,"href":"https:\/\/historisches-kirchhellen.de\/index.php?rest_route=\/wp\/v2\/pages\/123"}],"wp:attachment":[{"href":"https:\/\/historisches-kirchhellen.de\/index.php?rest_route=%2Fwp%2Fv2%2Fmedia&parent=216"}],"curies":[{"name":"wp","href":"https:\/\/api.w.org\/{rel}","templated":true}]}}