{"id":218,"date":"2019-05-15T18:56:34","date_gmt":"2019-05-15T18:56:34","guid":{"rendered":"http:\/\/historisches-kirchhellen.de\/?page_id=218"},"modified":"2019-05-15T18:56:34","modified_gmt":"2019-05-15T18:56:34","slug":"scheideweg","status":"publish","type":"page","link":"https:\/\/historisches-kirchhellen.de\/?page_id=218","title":{"rendered":"Scheideweg"},"content":{"rendered":"\n<p>Der Scheideweg verbindet die Utschlagstra\u00dfe mit der Dinslakener Stra\u00dfe.<\/p>\n\n\n\n<p>Dass die Bezeichnung &#8222;Scheide&#8220; von dem Verb &#8222;scheiden&#8220; kommen k\u00f6nnte, ist unwahrscheinlich. Sie erkl\u00e4rt sich sicherlich aus dem rheinischen &#8222;Scheid&#8220;, der eine Waldgegend meint.<\/p>\n","protected":false},"excerpt":{"rendered":"<p>Der Scheideweg verbindet die Utschlagstra\u00dfe mit der Dinslakener Stra\u00dfe. Dass die Bezeichnung &#8222;Scheide&#8220; von dem Verb &#8222;scheiden&#8220; kommen k\u00f6nnte, ist unwahrscheinlich. Sie erkl\u00e4rt sich sicherlich &hellip; <\/p>\n","protected":false},"author":1,"featured_media":0,"parent":123,"menu_order":220,"comment_status":"closed","ping_status":"closed","template":"","meta":{"_acf_changed":false,"footnotes":""},"class_list":["post-218","page","type-page","status-publish","hentry"],"acf":[],"jetpack_sharing_enabled":true,"_links":{"self":[{"href":"https:\/\/historisches-kirchhellen.de\/index.php?rest_route=\/wp\/v2\/pages\/218","targetHints":{"allow":["GET"]}}],"collection":[{"href":"https:\/\/historisches-kirchhellen.de\/index.php?rest_route=\/wp\/v2\/pages"}],"about":[{"href":"https:\/\/historisches-kirchhellen.de\/index.php?rest_route=\/wp\/v2\/types\/page"}],"author":[{"embeddable":true,"href":"https:\/\/historisches-kirchhellen.de\/index.php?rest_route=\/wp\/v2\/users\/1"}],"replies":[{"embeddable":true,"href":"https:\/\/historisches-kirchhellen.de\/index.php?rest_route=%2Fwp%2Fv2%2Fcomments&post=218"}],"version-history":[{"count":0,"href":"https:\/\/historisches-kirchhellen.de\/index.php?rest_route=\/wp\/v2\/pages\/218\/revisions"}],"up":[{"embeddable":true,"href":"https:\/\/historisches-kirchhellen.de\/index.php?rest_route=\/wp\/v2\/pages\/123"}],"wp:attachment":[{"href":"https:\/\/historisches-kirchhellen.de\/index.php?rest_route=%2Fwp%2Fv2%2Fmedia&parent=218"}],"curies":[{"name":"wp","href":"https:\/\/api.w.org\/{rel}","templated":true}]}}