{"id":22071,"date":"2022-11-20T22:50:50","date_gmt":"2022-11-20T20:50:50","guid":{"rendered":"https:\/\/historisches-kirchhellen.de\/?page_id=22071"},"modified":"2022-12-07T19:35:59","modified_gmt":"2022-12-07T17:35:59","slug":"dorfmodell","status":"publish","type":"page","link":"https:\/\/historisches-kirchhellen.de\/?page_id=22071","title":{"rendered":"Dorfmodell &#8222;Kirchhellen um 1915&#8220;"},"content":{"rendered":"\n<figure class=\"wp-block-gallery has-nested-images columns-default is-cropped wp-block-gallery-1 is-layout-flex wp-block-gallery-is-layout-flex\">\n<figure class=\"wp-block-image size-large\"><a href=\"https:\/\/historisches-kirchhellen.de\/wp-content\/uploads\/2022\/12\/IMG_5717-scaled.jpg\"><img loading=\"lazy\" decoding=\"async\" width=\"1024\" height=\"768\" data-id=\"22381\" src=\"https:\/\/historisches-kirchhellen.de\/wp-content\/uploads\/2022\/12\/IMG_5717-1024x768.jpg\" alt=\"\" class=\"wp-image-22381\" srcset=\"https:\/\/historisches-kirchhellen.de\/wp-content\/uploads\/2022\/12\/IMG_5717-1024x768.jpg 1024w, https:\/\/historisches-kirchhellen.de\/wp-content\/uploads\/2022\/12\/IMG_5717-300x225.jpg 300w, https:\/\/historisches-kirchhellen.de\/wp-content\/uploads\/2022\/12\/IMG_5717-768x576.jpg 768w, https:\/\/historisches-kirchhellen.de\/wp-content\/uploads\/2022\/12\/IMG_5717-1536x1152.jpg 1536w, https:\/\/historisches-kirchhellen.de\/wp-content\/uploads\/2022\/12\/IMG_5717-2048x1536.jpg 2048w\" sizes=\"auto, (max-width: 1024px) 100vw, 1024px\" \/><\/a><figcaption class=\"wp-element-caption\">Das Dorfmodell im B\u00fcrgerb\u00fcro Kirchhellen, Kirchhellener Ring 86<\/figcaption><\/figure>\n<\/figure>\n\n\n\n<h4 class=\"wp-block-heading\"><strong>Allgemein<\/strong><\/h4>\n\n\n\n<p><a href=\"https:\/\/historisches-kirchhellen.de\/?page_id=22372\" data-type=\"page\" data-id=\"22372\">\u00dcberblick \u00fcber das gesamte Dorfmodell mit Erl\u00e4uterungen<\/a><\/p>\n\n\n\n<p><a href=\"https:\/\/historisches-kirchhellen.de\/?page_id=22099\" data-type=\"page\" data-id=\"22099\">Wie entsteht ein Geb\u00e4udemodell?<\/a><\/p>\n\n\n\n<h4 class=\"wp-block-heading\"><strong>Einzelne Geb\u00e4ude des Modells<\/strong><\/h4>\n\n\n\n<p>Nutzung der Geb\u00e4ude sowie Name und Beruf der Eigent\u00fcmer um 1915:<\/p>\n\n\n\n<ol class=\"wp-block-list\" type=\"1\">\n<li><a href=\"https:\/\/historisches-kirchhellen.de\/?page_id=22076\" data-type=\"page\" data-id=\"22076\">Wohnhaus und Scheune\/Stallung des Landwirtes Joseph <strong>Lepper<\/strong><\/a><\/li>\n\n\n\n<li><a href=\"https:\/\/historisches-kirchhellen.de\/?page_id=22086\" data-type=\"page\" data-id=\"22086\">Wohnhaus des Landwirtes Bernhard <strong>Schulte-Bockum<\/strong><\/a><\/li>\n\n\n\n<li><a href=\"https:\/\/historisches-kirchhellen.de\/?page_id=22088\" data-type=\"page\" data-id=\"22088\">Scheune\/Stall des Landwirtes Joseph <strong>Schulte<\/strong><\/a><\/li>\n\n\n\n<li><a href=\"https:\/\/historisches-kirchhellen.de\/?page_id=22101\" data-type=\"page\" data-id=\"22101\">Scheune des Landwirtes Bernhard <strong>Schulte-Bockum<\/strong><\/a><\/li>\n\n\n\n<li><a href=\"https:\/\/historisches-kirchhellen.de\/?page_id=22105\" data-type=\"page\" data-id=\"22105\">Wohnhaus im Besitz des Landwirtes Joseph <strong>Lepper<\/strong>, vermietet an den Friseur Joh. <strong>Bauckholt<\/strong><\/a><\/li>\n\n\n\n<li><a href=\"https:\/\/historisches-kirchhellen.de\/?page_id=22107\" data-type=\"page\" data-id=\"22107\">Scheune\/Stall des Landwirtes Joseph <strong>Schulte<\/strong><\/a><\/li>\n\n\n\n<li><a href=\"https:\/\/historisches-kirchhellen.de\/?page_id=22109\" data-type=\"page\" data-id=\"22109\">Gastwirtschaft, Brennerei und Wohnhaus von Hermann <strong>Steinmann<\/strong><\/a><\/li>\n\n\n\n<li><a href=\"https:\/\/historisches-kirchhellen.de\/?page_id=22111\" data-type=\"page\" data-id=\"22111\">Wohnhaus und B\u00e4ckerei von Ulrich <strong>Huthmacher<\/strong><\/a><\/li>\n\n\n\n<li><a href=\"https:\/\/historisches-kirchhellen.de\/?page_id=22113\" data-type=\"page\" data-id=\"22113\">Wohnhaus und Gesch\u00e4ft des Kaufmanns Joseph <strong>Maus<\/strong><\/a><\/li>\n\n\n\n<li><a href=\"https:\/\/historisches-kirchhellen.de\/?page_id=22115\" data-type=\"page\" data-id=\"22115\">Wohnhaus des Landwirtes Theodor <strong>G\u00fclker<\/strong><\/a><\/li>\n\n\n\n<li><a href=\"https:\/\/historisches-kirchhellen.de\/?page_id=22117\" data-type=\"page\" data-id=\"22117\">Wohnhaus und Gesch\u00e4ft des Kaufmanns Wilhelm <strong>Ahrens<\/strong><\/a><\/li>\n\n\n\n<li><a href=\"https:\/\/historisches-kirchhellen.de\/?page_id=22119\" data-type=\"page\" data-id=\"22119\">Wohnhaus, Gastwirtschaft und B\u00e4ckerei von Theodor <strong>Kleppe<\/strong><\/a><\/li>\n\n\n\n<li><a href=\"https:\/\/historisches-kirchhellen.de\/?page_id=22121\" data-type=\"page\" data-id=\"22121\">Wohnhaus und Sattlerei von Heinrich <strong>Jandewerth<\/strong><\/a><\/li>\n\n\n\n<li><a href=\"https:\/\/historisches-kirchhellen.de\/?page_id=22123\" data-type=\"page\" data-id=\"22123\">Scheune oder Werkstatt des Schreiners Johann <strong>Giese<\/strong><\/a><\/li>\n\n\n\n<li><a href=\"https:\/\/historisches-kirchhellen.de\/?page_id=22125\" data-type=\"page\" data-id=\"22125\">Geb\u00e4ude unbekannten Zwecks des Brennereibesitzers und Wirtes Hermann <strong>Steinmann<\/strong><\/a><\/li>\n\n\n\n<li><a href=\"https:\/\/historisches-kirchhellen.de\/?page_id=22127\" data-type=\"page\" data-id=\"22127\">Materiallager des Schreinermeisters Theodor <strong>Dickmann<\/strong><\/a><\/li>\n\n\n\n<li><a href=\"https:\/\/historisches-kirchhellen.de\/?page_id=22129\" data-type=\"page\" data-id=\"22129\">Scheune\/Stall des Landwirtes Theodor <strong>G\u00fclker<\/strong><\/a><\/li>\n\n\n\n<li><a href=\"https:\/\/historisches-kirchhellen.de\/?page_id=22131\" data-type=\"page\" data-id=\"22131\">Wohnhaus und Anstreichergesch\u00e4ft von Johann <strong>Prinz<\/strong><\/a><\/li>\n\n\n\n<li><a href=\"https:\/\/historisches-kirchhellen.de\/?page_id=22133\" data-type=\"page\" data-id=\"22133\">Wohnhaus und Gastwirtschaft von Johann <strong>Dickmann<\/strong><\/a><\/li>\n\n\n\n<li><a href=\"https:\/\/historisches-kirchhellen.de\/?page_id=22135\" data-type=\"page\" data-id=\"22135\">Gastwirtschaft und Spezereiwarenhandlung von Georg <strong>G\u00fclker<\/strong><\/a><\/li>\n\n\n\n<li><a href=\"https:\/\/historisches-kirchhellen.de\/?page_id=22137\" data-type=\"page\" data-id=\"22137\"><strong>Alte<\/strong> <strong>Schule <\/strong><\/a><\/li>\n\n\n\n<li><a href=\"https:\/\/historisches-kirchhellen.de\/?page_id=22139\" data-type=\"page\" data-id=\"22139\">Wohnhaus und Gastwirtschaft von Johann <strong>M\u00f6ller<\/strong><\/a><\/li>\n\n\n\n<li><a href=\"https:\/\/historisches-kirchhellen.de\/?page_id=22141\" data-type=\"page\" data-id=\"22141\">Wohnhaus der Landwirtin Witwe <strong>Dahlmann<\/strong><\/a><\/li>\n\n\n\n<li><a href=\"https:\/\/historisches-kirchhellen.de\/?page_id=22143\" data-type=\"page\" data-id=\"22143\">Leerstehendes Wohnhaus im Besitz der Witwe <strong>Dahlmann<\/strong><\/a><\/li>\n\n\n\n<li><a href=\"https:\/\/historisches-kirchhellen.de\/?page_id=22145\" data-type=\"page\" data-id=\"22145\">Wohnhaus und Anstreichergesch\u00e4ft von Franz <strong>Xanten<\/strong><\/a><\/li>\n\n\n\n<li><a href=\"https:\/\/historisches-kirchhellen.de\/?page_id=22147\" data-type=\"page\" data-id=\"22147\">Wohnhaus und Sattlerei von Bernhard <strong>M\u00f6ller<\/strong><\/a><\/li>\n\n\n\n<li><a href=\"https:\/\/historisches-kirchhellen.de\/?page_id=22149\" data-type=\"page\" data-id=\"22149\">Wohnhaus und Schuhmacherwerkstatt von Heinrich <strong>Rockholt<\/strong><\/a><\/li>\n\n\n\n<li><a href=\"https:\/\/historisches-kirchhellen.de\/?page_id=22151\" data-type=\"page\" data-id=\"22151\">Wohnhaus und Schneiderei von Johann <strong>Rump<\/strong><\/a><\/li>\n\n\n\n<li><a href=\"https:\/\/historisches-kirchhellen.de\/?page_id=22153\" data-type=\"page\" data-id=\"22153\">Wohnhaus und Schreinerei von Johann <strong>J\u00fcnger<\/strong><\/a><\/li>\n\n\n\n<li><a href=\"https:\/\/historisches-kirchhellen.de\/?page_id=22155\" data-type=\"page\" data-id=\"22155\">Wohnhaus und Gastwirtschaft von Joseph <strong>Schmidt<\/strong><\/a><\/li>\n\n\n\n<li><a href=\"https:\/\/historisches-kirchhellen.de\/?page_id=22157\" data-type=\"page\" data-id=\"22157\">Scheune des Gast- und Landwirtes Joseph <strong>Schmidt<\/strong><\/a><\/li>\n\n\n\n<li><a href=\"https:\/\/historisches-kirchhellen.de\/?page_id=22159\" data-type=\"page\" data-id=\"22159\">Scheune\/Stall des Landwirtes und Gemeindevorstehers Theodor <strong>Frie<\/strong><\/a><\/li>\n\n\n\n<li><a href=\"https:\/\/historisches-kirchhellen.de\/?page_id=22161\" data-type=\"page\" data-id=\"22161\">Scheune\/Stall des Landwirtes und Gemeindevorstehers Theodor <strong>Frie<\/strong><\/a><\/li>\n\n\n\n<li><a href=\"https:\/\/historisches-kirchhellen.de\/?page_id=22163\" data-type=\"page\" data-id=\"22163\">Wohnhaus des Landwirtes und Gemeindevorstehers Theodor <strong>Frie<\/strong><\/a><\/li>\n\n\n\n<li><a href=\"https:\/\/historisches-kirchhellen.de\/?page_id=22165\" data-type=\"page\" data-id=\"22165\">Wohnhaus und Schuhmacherwerkstatt von Bernhard <strong>Hollender<\/strong><\/a><\/li>\n\n\n\n<li><a href=\"https:\/\/historisches-kirchhellen.de\/?page_id=22167\" data-type=\"page\" data-id=\"22167\">Wohnhaus im Besitz der Witwe Jakob <strong>Fuchs<\/strong>, vermietet<\/a><\/li>\n\n\n\n<li><a href=\"https:\/\/historisches-kirchhellen.de\/?page_id=22169\" data-type=\"page\" data-id=\"22169\">Wohnhaus im Besitz des Bernhard <strong>S\u00f6ller<\/strong>, vermietet an den Buchdrucker Johannes <strong>Welbers<\/strong><\/a><\/li>\n\n\n\n<li><a href=\"https:\/\/historisches-kirchhellen.de\/?page_id=22171\" data-type=\"page\" data-id=\"22171\">Wohnhaus und Gesch\u00e4ft des Kaufmanns Johann <strong>Hasebrink<\/strong><\/a><\/li>\n\n\n\n<li><a href=\"https:\/\/historisches-kirchhellen.de\/?page_id=22173\" data-type=\"page\" data-id=\"22173\">Wohnhaus im Besitz der Witwe <strong>Otterbeck<\/strong>, vermietet<\/a><\/li>\n\n\n\n<li><a href=\"https:\/\/historisches-kirchhellen.de\/?page_id=22175\" data-type=\"page\" data-id=\"22175\">Wohnhaus der K\u00fcsterwitwe <strong>Otterbeck<\/strong><\/a><\/li>\n\n\n\n<li><a href=\"https:\/\/historisches-kirchhellen.de\/?page_id=22177\" data-type=\"page\" data-id=\"22177\">Wohnhaus und Schmiede von Peter <strong>Brauckmann<\/strong><\/a><\/li>\n\n\n\n<li><a href=\"https:\/\/historisches-kirchhellen.de\/?page_id=22179\" data-type=\"page\" data-id=\"22179\">Wohnhaus der N\u00e4herin Elisabeth<strong> Rennebaum<\/strong><\/a><\/li>\n\n\n\n<li><a href=\"https:\/\/historisches-kirchhellen.de\/?page_id=22181\" data-type=\"page\" data-id=\"22181\">Wohnhaus und Schuhmacherwerkstatt von Johann<strong> Kruse<\/strong><\/a><\/li>\n\n\n\n<li><a href=\"https:\/\/historisches-kirchhellen.de\/?page_id=22183\" data-type=\"page\" data-id=\"22183\">Wohnhaus des K\u00f6tters Johann <strong>R\u00f6hling<\/strong><\/a><\/li>\n\n\n\n<li><a href=\"https:\/\/historisches-kirchhellen.de\/?page_id=22185\" data-type=\"page\" data-id=\"22185\">Wohnhaus des Maurers Theodor <strong>Kleine-Allekotte<\/strong><\/a><\/li>\n\n\n\n<li><strong><a href=\"https:\/\/historisches-kirchhellen.de\/?page_id=22187\" data-type=\"page\" data-id=\"22187\">Kirche&nbsp;<\/a><\/strong><\/li>\n\n\n\n<li><a href=\"https:\/\/historisches-kirchhellen.de\/?page_id=22189\" data-type=\"page\" data-id=\"22189\">Wohnhaus und Gastwirtschaft von Bernhard <strong>Rottmann<\/strong><\/a><strong>&nbsp; <\/strong>&nbsp;&nbsp;&nbsp;&nbsp;&nbsp;&nbsp;&nbsp;&nbsp;&nbsp;&nbsp;&nbsp;&nbsp;&nbsp;&nbsp;&nbsp;&nbsp;&nbsp;&nbsp;&nbsp;&nbsp;&nbsp;&nbsp;&nbsp;&nbsp;&nbsp;&nbsp;&nbsp;&nbsp;&nbsp;&nbsp;&nbsp;&nbsp;&nbsp;&nbsp;&nbsp;&nbsp;&nbsp;&nbsp;&nbsp;&nbsp;&nbsp;&nbsp;&nbsp;&nbsp;&nbsp;&nbsp;&nbsp;&nbsp;&nbsp;&nbsp;&nbsp;&nbsp;&nbsp;&nbsp;&nbsp;&nbsp;&nbsp;&nbsp; &nbsp;&nbsp;&nbsp;&nbsp;<\/li>\n\n\n\n<li><a href=\"https:\/\/historisches-kirchhellen.de\/?page_id=22191\" data-type=\"page\" data-id=\"22191\">Wohnhaus und Gesch\u00e4ft des Schneiders Georg <strong>Vosselmann<\/strong><\/a><\/li>\n\n\n\n<li><a href=\"https:\/\/historisches-kirchhellen.de\/?page_id=22193\" data-type=\"page\" data-id=\"22193\">Wohnhaus des Landwirtes Theodor <strong>Schmidt<\/strong><\/a><\/li>\n\n\n\n<li><a href=\"https:\/\/historisches-kirchhellen.de\/?page_id=22195\" data-type=\"page\" data-id=\"22195\">Scheune des K\u00f6tters Johann <strong>R\u00f6hling<\/strong><\/a><\/li>\n\n\n\n<li><a href=\"https:\/\/historisches-kirchhellen.de\/?page_id=22197\" data-type=\"page\" data-id=\"22197\">Nebengeb\u00e4ude des Gastwirtes Bernhard <strong>Rottmann<\/strong><\/a><\/li>\n\n\n\n<li><a href=\"https:\/\/historisches-kirchhellen.de\/?page_id=22199\" data-type=\"page\" data-id=\"22199\">Wohnhaus und Gastwirtschaft der Witwe <strong>Allekotte<\/strong><\/a><\/li>\n<\/ol>\n","protected":false},"excerpt":{"rendered":"<p>Allgemein \u00dcberblick \u00fcber das gesamte Dorfmodell mit Erl\u00e4uterungen Wie entsteht ein Geb\u00e4udemodell? Einzelne Geb\u00e4ude des Modells Nutzung der Geb\u00e4ude sowie Name und Beruf der Eigent\u00fcmer &hellip; <\/p>\n","protected":false},"author":1,"featured_media":0,"parent":48,"menu_order":7,"comment_status":"closed","ping_status":"closed","template":"","meta":{"_acf_changed":false,"footnotes":""},"class_list":["post-22071","page","type-page","status-publish","hentry"],"acf":[],"jetpack_sharing_enabled":true,"_links":{"self":[{"href":"https:\/\/historisches-kirchhellen.de\/index.php?rest_route=\/wp\/v2\/pages\/22071","targetHints":{"allow":["GET"]}}],"collection":[{"href":"https:\/\/historisches-kirchhellen.de\/index.php?rest_route=\/wp\/v2\/pages"}],"about":[{"href":"https:\/\/historisches-kirchhellen.de\/index.php?rest_route=\/wp\/v2\/types\/page"}],"author":[{"embeddable":true,"href":"https:\/\/historisches-kirchhellen.de\/index.php?rest_route=\/wp\/v2\/users\/1"}],"replies":[{"embeddable":true,"href":"https:\/\/historisches-kirchhellen.de\/index.php?rest_route=%2Fwp%2Fv2%2Fcomments&post=22071"}],"version-history":[{"count":0,"href":"https:\/\/historisches-kirchhellen.de\/index.php?rest_route=\/wp\/v2\/pages\/22071\/revisions"}],"up":[{"embeddable":true,"href":"https:\/\/historisches-kirchhellen.de\/index.php?rest_route=\/wp\/v2\/pages\/48"}],"wp:attachment":[{"href":"https:\/\/historisches-kirchhellen.de\/index.php?rest_route=%2Fwp%2Fv2%2Fmedia&parent=22071"}],"curies":[{"name":"wp","href":"https:\/\/api.w.org\/{rel}","templated":true}]}}