{"id":22076,"date":"2022-12-07T19:03:06","date_gmt":"2022-12-07T17:03:06","guid":{"rendered":"https:\/\/historisches-kirchhellen.de\/?page_id=22076"},"modified":"2022-12-07T19:03:50","modified_gmt":"2022-12-07T17:03:50","slug":"gebaeude-nr-1","status":"publish","type":"page","link":"https:\/\/historisches-kirchhellen.de\/?page_id=22076","title":{"rendered":"Geb\u00e4ude Nr. 1"},"content":{"rendered":"\n<p><strong>Wohnhaus und Wirtschaftsgeb\u00e4ude des Landwirtes Joseph <strong>Lepper<\/strong><\/strong> <strong>(Dorf 17 &#8211; Oberhofstra\u00dfe 1)<\/strong><\/p>\n\n\n\n<p>Erbaut wurde das Geb\u00e4ude urspr\u00fcnglich im Jahr 1815 von den Eheleuten Theodor Lepper und Angela Knipping. Das Haus wurde im Zweiten Weltkrieg am 18. August 1940 gegen 3 Uhr nachts durch ein Flakgeschoss getroffen. Dabei starben das Ehepaar Lepper sowie ihre Kinder Gertrud und Hubert. Das Haus wurde wiederinstandgesetzt und steht heute noch. Die Balkeninschrift lautet:<\/p>\n\n\n\n<p class=\"has-text-align-center\">WER AUF GOTT VERTRAUT DER HAT WOHL GEBAUT<br>ES WIRD KEIN BAU SO WOL GEMACHT<br>DA KOMPT EIN SP\u00d6TTER DER IHN VERACHT<br>DU WEIS NASE W\u00c4REST DU ZUVOR GEKOMMEN<br>DANN H\u00c4TTE ICH RATH MIT DIR GENOMMEN<br>THEODOR LEPPER UND ANGELA KNIPPING E. L.<br>DEN 2. JULLI ANNO 1815 M.C.A.D.B.U.M<\/p>\n\n\n\n<p>Im Adressbuch von 1914 sind dort verzeichnet: <br>Lepper, Joseph, Landwirt (Eigent\u00fcmer)<br>Lepper, Wilhelm, Ackergehilfe<br>Lepper, Wilhelm, Schneider<\/p>\n\n\n\n<figure class=\"wp-block-gallery has-nested-images columns-4 is-cropped wp-block-gallery-1 is-layout-flex wp-block-gallery-is-layout-flex\">\n<figure class=\"wp-block-image size-large\"><a href=\"https:\/\/historisches-kirchhellen.de\/wp-content\/uploads\/2022\/01\/Dorf_17.jpg\"><img loading=\"lazy\" decoding=\"async\" width=\"1024\" height=\"683\" data-id=\"21410\" src=\"https:\/\/historisches-kirchhellen.de\/wp-content\/uploads\/2022\/01\/Dorf_17-1024x683.jpg\" alt=\"\" class=\"wp-image-21410\" srcset=\"https:\/\/historisches-kirchhellen.de\/wp-content\/uploads\/2022\/01\/Dorf_17-1024x683.jpg 1024w, https:\/\/historisches-kirchhellen.de\/wp-content\/uploads\/2022\/01\/Dorf_17-300x200.jpg 300w, https:\/\/historisches-kirchhellen.de\/wp-content\/uploads\/2022\/01\/Dorf_17-768x512.jpg 768w, https:\/\/historisches-kirchhellen.de\/wp-content\/uploads\/2022\/01\/Dorf_17.jpg 1081w\" sizes=\"auto, (max-width: 1024px) 100vw, 1024px\" \/><\/a><figcaption class=\"wp-element-caption\">um 1900<\/figcaption><\/figure>\n\n\n\n<figure class=\"wp-block-image size-large\"><a href=\"https:\/\/historisches-kirchhellen.de\/wp-content\/uploads\/2022\/11\/05088.jpg\"><img loading=\"lazy\" decoding=\"async\" width=\"1024\" height=\"1024\" data-id=\"22078\" src=\"https:\/\/historisches-kirchhellen.de\/wp-content\/uploads\/2022\/11\/05088-1024x1024.jpg\" alt=\"\" class=\"wp-image-22078\" srcset=\"https:\/\/historisches-kirchhellen.de\/wp-content\/uploads\/2022\/11\/05088-1024x1024.jpg 1024w, https:\/\/historisches-kirchhellen.de\/wp-content\/uploads\/2022\/11\/05088-300x300.jpg 300w, https:\/\/historisches-kirchhellen.de\/wp-content\/uploads\/2022\/11\/05088-150x150.jpg 150w, https:\/\/historisches-kirchhellen.de\/wp-content\/uploads\/2022\/11\/05088-768x768.jpg 768w, https:\/\/historisches-kirchhellen.de\/wp-content\/uploads\/2022\/11\/05088.jpg 1274w\" sizes=\"auto, (max-width: 1024px) 100vw, 1024px\" \/><\/a><figcaption class=\"wp-element-caption\">um 1915<\/figcaption><\/figure>\n\n\n\n<figure class=\"wp-block-image size-large\"><a href=\"https:\/\/historisches-kirchhellen.de\/wp-content\/uploads\/2022\/11\/01048.jpg\"><img loading=\"lazy\" decoding=\"async\" width=\"1024\" height=\"1024\" data-id=\"22077\" src=\"https:\/\/historisches-kirchhellen.de\/wp-content\/uploads\/2022\/11\/01048-1024x1024.jpg\" alt=\"\" class=\"wp-image-22077\" srcset=\"https:\/\/historisches-kirchhellen.de\/wp-content\/uploads\/2022\/11\/01048-1024x1024.jpg 1024w, https:\/\/historisches-kirchhellen.de\/wp-content\/uploads\/2022\/11\/01048-300x300.jpg 300w, https:\/\/historisches-kirchhellen.de\/wp-content\/uploads\/2022\/11\/01048-150x150.jpg 150w, https:\/\/historisches-kirchhellen.de\/wp-content\/uploads\/2022\/11\/01048-768x768.jpg 768w, https:\/\/historisches-kirchhellen.de\/wp-content\/uploads\/2022\/11\/01048.jpg 1038w\" sizes=\"auto, (max-width: 1024px) 100vw, 1024px\" \/><\/a><figcaption class=\"wp-element-caption\">um 1970<\/figcaption><\/figure>\n\n\n\n<figure class=\"wp-block-image size-large\"><a href=\"https:\/\/historisches-kirchhellen.de\/wp-content\/uploads\/2022\/12\/1.jpg\"><img loading=\"lazy\" decoding=\"async\" width=\"1024\" height=\"768\" data-id=\"22204\" src=\"https:\/\/historisches-kirchhellen.de\/wp-content\/uploads\/2022\/12\/1-1024x768.jpg\" alt=\"\" class=\"wp-image-22204\" srcset=\"https:\/\/historisches-kirchhellen.de\/wp-content\/uploads\/2022\/12\/1-1024x768.jpg 1024w, https:\/\/historisches-kirchhellen.de\/wp-content\/uploads\/2022\/12\/1-300x225.jpg 300w, https:\/\/historisches-kirchhellen.de\/wp-content\/uploads\/2022\/12\/1-768x576.jpg 768w, https:\/\/historisches-kirchhellen.de\/wp-content\/uploads\/2022\/12\/1-1536x1152.jpg 1536w, https:\/\/historisches-kirchhellen.de\/wp-content\/uploads\/2022\/12\/1-2048x1536.jpg 2048w\" sizes=\"auto, (max-width: 1024px) 100vw, 1024px\" \/><\/a><figcaption class=\"wp-element-caption\">Modell<\/figcaption><\/figure>\n<\/figure>\n","protected":false},"excerpt":{"rendered":"<p>Wohnhaus und Wirtschaftsgeb\u00e4ude des Landwirtes Joseph Lepper (Dorf 17 &#8211; Oberhofstra\u00dfe 1) Erbaut wurde das Geb\u00e4ude urspr\u00fcnglich im Jahr 1815 von den Eheleuten Theodor Lepper &hellip; <\/p>\n","protected":false},"author":1,"featured_media":0,"parent":22071,"menu_order":2,"comment_status":"closed","ping_status":"closed","template":"","meta":{"_acf_changed":false,"footnotes":""},"class_list":["post-22076","page","type-page","status-publish","hentry"],"acf":[],"jetpack_sharing_enabled":true,"_links":{"self":[{"href":"https:\/\/historisches-kirchhellen.de\/index.php?rest_route=\/wp\/v2\/pages\/22076","targetHints":{"allow":["GET"]}}],"collection":[{"href":"https:\/\/historisches-kirchhellen.de\/index.php?rest_route=\/wp\/v2\/pages"}],"about":[{"href":"https:\/\/historisches-kirchhellen.de\/index.php?rest_route=\/wp\/v2\/types\/page"}],"author":[{"embeddable":true,"href":"https:\/\/historisches-kirchhellen.de\/index.php?rest_route=\/wp\/v2\/users\/1"}],"replies":[{"embeddable":true,"href":"https:\/\/historisches-kirchhellen.de\/index.php?rest_route=%2Fwp%2Fv2%2Fcomments&post=22076"}],"version-history":[{"count":0,"href":"https:\/\/historisches-kirchhellen.de\/index.php?rest_route=\/wp\/v2\/pages\/22076\/revisions"}],"up":[{"embeddable":true,"href":"https:\/\/historisches-kirchhellen.de\/index.php?rest_route=\/wp\/v2\/pages\/22071"}],"wp:attachment":[{"href":"https:\/\/historisches-kirchhellen.de\/index.php?rest_route=%2Fwp%2Fv2%2Fmedia&parent=22076"}],"curies":[{"name":"wp","href":"https:\/\/api.w.org\/{rel}","templated":true}]}}