{"id":22088,"date":"2022-12-07T19:04:52","date_gmt":"2022-12-07T17:04:52","guid":{"rendered":"https:\/\/historisches-kirchhellen.de\/?page_id=22088"},"modified":"2022-12-07T19:04:53","modified_gmt":"2022-12-07T17:04:53","slug":"gebaeude-nr-3","status":"publish","type":"page","link":"https:\/\/historisches-kirchhellen.de\/?page_id=22088","title":{"rendered":"Geb\u00e4ude Nr. 3"},"content":{"rendered":"\n<p><strong>Wirtschaftsgeb\u00e4ude (Scheune\/Stall) des Landwirtes Joseph Schulte<\/strong> <strong>(heute Wohnhaus, Hauptstra\u00dfe 20a)<\/strong><\/p>\n\n\n\n<p>Viel ist \u00fcber dieses Geb\u00e4ude nicht bekannt. In den 1970er Jahren hatte dort der Friseur Oberholz seinen Salon. <\/p>\n\n\n\n<p>Das Haus geh\u00f6rte fr\u00fcher zum Hof Schulte (zu Kirchhellen), der einst an der Burgstra\u00dfe lag. Schulte (sp\u00e4ter Schulze-Oechtering) verlegte seinen Hof um 1910 zur Hackfurthstra\u00dfe. <\/p>\n\n\n\n<p>Das Geb\u00e4ude steht heute noch und wird als Wohnhaus genutzt.<\/p>\n\n\n\n<figure class=\"wp-block-gallery has-nested-images columns-default is-cropped wp-block-gallery-1 is-layout-flex wp-block-gallery-is-layout-flex\">\n<figure class=\"wp-block-image size-full is-style-default\"><a href=\"https:\/\/historisches-kirchhellen.de\/wp-content\/uploads\/2022\/11\/01049.jpg\"><img loading=\"lazy\" decoding=\"async\" width=\"990\" height=\"990\" data-id=\"22091\" src=\"https:\/\/historisches-kirchhellen.de\/wp-content\/uploads\/2022\/11\/01049.jpg\" alt=\"\" class=\"wp-image-22091\" srcset=\"https:\/\/historisches-kirchhellen.de\/wp-content\/uploads\/2022\/11\/01049.jpg 990w, https:\/\/historisches-kirchhellen.de\/wp-content\/uploads\/2022\/11\/01049-300x300.jpg 300w, https:\/\/historisches-kirchhellen.de\/wp-content\/uploads\/2022\/11\/01049-150x150.jpg 150w, https:\/\/historisches-kirchhellen.de\/wp-content\/uploads\/2022\/11\/01049-768x768.jpg 768w\" sizes=\"auto, (max-width: 990px) 100vw, 990px\" \/><\/a><figcaption class=\"wp-element-caption\">um 1970, Foto: Johannes Rottmann<\/figcaption><\/figure>\n\n\n\n<figure class=\"wp-block-image size-large\"><a href=\"https:\/\/historisches-kirchhellen.de\/wp-content\/uploads\/2022\/11\/IMG_8054-scaled.jpg\"><img loading=\"lazy\" decoding=\"async\" width=\"1024\" height=\"683\" data-id=\"22090\" src=\"https:\/\/historisches-kirchhellen.de\/wp-content\/uploads\/2022\/11\/IMG_8054-1024x683.jpg\" alt=\"\" class=\"wp-image-22090\" srcset=\"https:\/\/historisches-kirchhellen.de\/wp-content\/uploads\/2022\/11\/IMG_8054-1024x683.jpg 1024w, https:\/\/historisches-kirchhellen.de\/wp-content\/uploads\/2022\/11\/IMG_8054-300x200.jpg 300w, https:\/\/historisches-kirchhellen.de\/wp-content\/uploads\/2022\/11\/IMG_8054-768x512.jpg 768w, https:\/\/historisches-kirchhellen.de\/wp-content\/uploads\/2022\/11\/IMG_8054-1536x1024.jpg 1536w, https:\/\/historisches-kirchhellen.de\/wp-content\/uploads\/2022\/11\/IMG_8054-2048x1365.jpg 2048w\" sizes=\"auto, (max-width: 1024px) 100vw, 1024px\" \/><\/a><figcaption class=\"wp-element-caption\">2018, Foto: Jan Marien<\/figcaption><\/figure>\n\n\n\n<figure class=\"wp-block-image size-large\"><a href=\"https:\/\/historisches-kirchhellen.de\/wp-content\/uploads\/2022\/12\/3.jpg\"><img loading=\"lazy\" decoding=\"async\" width=\"1024\" height=\"768\" data-id=\"22208\" src=\"https:\/\/historisches-kirchhellen.de\/wp-content\/uploads\/2022\/12\/3-1024x768.jpg\" alt=\"\" class=\"wp-image-22208\" srcset=\"https:\/\/historisches-kirchhellen.de\/wp-content\/uploads\/2022\/12\/3-1024x768.jpg 1024w, https:\/\/historisches-kirchhellen.de\/wp-content\/uploads\/2022\/12\/3-300x225.jpg 300w, https:\/\/historisches-kirchhellen.de\/wp-content\/uploads\/2022\/12\/3-768x576.jpg 768w, https:\/\/historisches-kirchhellen.de\/wp-content\/uploads\/2022\/12\/3-1536x1152.jpg 1536w, https:\/\/historisches-kirchhellen.de\/wp-content\/uploads\/2022\/12\/3-2048x1536.jpg 2048w\" sizes=\"auto, (max-width: 1024px) 100vw, 1024px\" \/><\/a><figcaption class=\"wp-element-caption\">Modell<\/figcaption><\/figure>\n<\/figure>\n","protected":false},"excerpt":{"rendered":"<p>Wirtschaftsgeb\u00e4ude (Scheune\/Stall) des Landwirtes Joseph Schulte (heute Wohnhaus, Hauptstra\u00dfe 20a) Viel ist \u00fcber dieses Geb\u00e4ude nicht bekannt. In den 1970er Jahren hatte dort der Friseur &hellip; <\/p>\n","protected":false},"author":1,"featured_media":0,"parent":22071,"menu_order":4,"comment_status":"closed","ping_status":"closed","template":"","meta":{"_acf_changed":false,"footnotes":""},"class_list":["post-22088","page","type-page","status-publish","hentry"],"acf":[],"jetpack_sharing_enabled":true,"_links":{"self":[{"href":"https:\/\/historisches-kirchhellen.de\/index.php?rest_route=\/wp\/v2\/pages\/22088","targetHints":{"allow":["GET"]}}],"collection":[{"href":"https:\/\/historisches-kirchhellen.de\/index.php?rest_route=\/wp\/v2\/pages"}],"about":[{"href":"https:\/\/historisches-kirchhellen.de\/index.php?rest_route=\/wp\/v2\/types\/page"}],"author":[{"embeddable":true,"href":"https:\/\/historisches-kirchhellen.de\/index.php?rest_route=\/wp\/v2\/users\/1"}],"replies":[{"embeddable":true,"href":"https:\/\/historisches-kirchhellen.de\/index.php?rest_route=%2Fwp%2Fv2%2Fcomments&post=22088"}],"version-history":[{"count":0,"href":"https:\/\/historisches-kirchhellen.de\/index.php?rest_route=\/wp\/v2\/pages\/22088\/revisions"}],"up":[{"embeddable":true,"href":"https:\/\/historisches-kirchhellen.de\/index.php?rest_route=\/wp\/v2\/pages\/22071"}],"wp:attachment":[{"href":"https:\/\/historisches-kirchhellen.de\/index.php?rest_route=%2Fwp%2Fv2%2Fmedia&parent=22088"}],"curies":[{"name":"wp","href":"https:\/\/api.w.org\/{rel}","templated":true}]}}