{"id":22099,"date":"2022-12-07T19:02:52","date_gmt":"2022-12-07T17:02:52","guid":{"rendered":"https:\/\/historisches-kirchhellen.de\/?page_id=22099"},"modified":"2022-12-07T19:24:22","modified_gmt":"2022-12-07T17:24:22","slug":"die-entstehung-eines-gebaeudemodells","status":"publish","type":"page","link":"https:\/\/historisches-kirchhellen.de\/?page_id=22099","title":{"rendered":"Die Entstehung eines Geb\u00e4udemodells"},"content":{"rendered":"\n<p>Am Beispiel des Geb\u00e4udes <a href=\"https:\/\/historisches-kirchhellen.de\/?page_id=22155\" data-type=\"page\" data-id=\"22155\">Nr. 30<\/a> (Gastwirtschaft Schmidt, Hauptstra\u00dfe 43) wird nachfolgend der Ablauf einer Modellierung dargestellt. Als Grundlage zur Erstellung eines Modells dienen zun\u00e4chst Fotos und Baupl\u00e4ne des Geb\u00e4udes.<\/p>\n\n\n\n<figure class=\"wp-block-gallery has-nested-images columns-4 is-cropped wp-block-gallery-1 is-layout-flex wp-block-gallery-is-layout-flex\">\n<figure class=\"wp-block-image size-large\"><a href=\"https:\/\/historisches-kirchhellen.de\/wp-content\/uploads\/2022\/01\/Dorf_55-2.jpg\"><img loading=\"lazy\" decoding=\"async\" width=\"1024\" height=\"683\" data-id=\"21440\" src=\"https:\/\/historisches-kirchhellen.de\/wp-content\/uploads\/2022\/01\/Dorf_55-2-1024x683.jpg\" alt=\"\" class=\"wp-image-21440\" srcset=\"https:\/\/historisches-kirchhellen.de\/wp-content\/uploads\/2022\/01\/Dorf_55-2-1024x683.jpg 1024w, https:\/\/historisches-kirchhellen.de\/wp-content\/uploads\/2022\/01\/Dorf_55-2-300x200.jpg 300w, https:\/\/historisches-kirchhellen.de\/wp-content\/uploads\/2022\/01\/Dorf_55-2-768x512.jpg 768w, https:\/\/historisches-kirchhellen.de\/wp-content\/uploads\/2022\/01\/Dorf_55-2-1536x1025.jpg 1536w, https:\/\/historisches-kirchhellen.de\/wp-content\/uploads\/2022\/01\/Dorf_55-2.jpg 1946w\" sizes=\"auto, (max-width: 1024px) 100vw, 1024px\" \/><\/a><figcaption class=\"wp-element-caption\">um 1915<\/figcaption><\/figure>\n\n\n\n<figure class=\"wp-block-image size-large\"><a href=\"https:\/\/historisches-kirchhellen.de\/wp-content\/uploads\/2022\/12\/IMG_1034-scaled.jpg\"><img loading=\"lazy\" decoding=\"async\" width=\"1024\" height=\"765\" data-id=\"22361\" src=\"https:\/\/historisches-kirchhellen.de\/wp-content\/uploads\/2022\/12\/IMG_1034-1024x765.jpg\" alt=\"\" class=\"wp-image-22361\" srcset=\"https:\/\/historisches-kirchhellen.de\/wp-content\/uploads\/2022\/12\/IMG_1034-1024x765.jpg 1024w, https:\/\/historisches-kirchhellen.de\/wp-content\/uploads\/2022\/12\/IMG_1034-300x224.jpg 300w, https:\/\/historisches-kirchhellen.de\/wp-content\/uploads\/2022\/12\/IMG_1034-768x573.jpg 768w, https:\/\/historisches-kirchhellen.de\/wp-content\/uploads\/2022\/12\/IMG_1034-1536x1147.jpg 1536w, https:\/\/historisches-kirchhellen.de\/wp-content\/uploads\/2022\/12\/IMG_1034-2048x1529.jpg 2048w\" sizes=\"auto, (max-width: 1024px) 100vw, 1024px\" \/><\/a><figcaption class=\"wp-element-caption\">Quelle: Stadtarchiv Bottrop, Bauakte 00358<\/figcaption><\/figure>\n\n\n\n<figure class=\"wp-block-image size-large\"><a href=\"https:\/\/historisches-kirchhellen.de\/wp-content\/uploads\/2022\/12\/IMG_1035-scaled.jpg\"><img loading=\"lazy\" decoding=\"async\" width=\"1024\" height=\"683\" data-id=\"22362\" src=\"https:\/\/historisches-kirchhellen.de\/wp-content\/uploads\/2022\/12\/IMG_1035-1024x683.jpg\" alt=\"\" class=\"wp-image-22362\" srcset=\"https:\/\/historisches-kirchhellen.de\/wp-content\/uploads\/2022\/12\/IMG_1035-1024x683.jpg 1024w, https:\/\/historisches-kirchhellen.de\/wp-content\/uploads\/2022\/12\/IMG_1035-300x200.jpg 300w, https:\/\/historisches-kirchhellen.de\/wp-content\/uploads\/2022\/12\/IMG_1035-768x512.jpg 768w, https:\/\/historisches-kirchhellen.de\/wp-content\/uploads\/2022\/12\/IMG_1035-1536x1025.jpg 1536w, https:\/\/historisches-kirchhellen.de\/wp-content\/uploads\/2022\/12\/IMG_1035-2048x1367.jpg 2048w\" sizes=\"auto, (max-width: 1024px) 100vw, 1024px\" \/><\/a><figcaption class=\"wp-element-caption\">Quelle: Stadtarchiv Bottrop, Bauakte 00358<\/figcaption><\/figure>\n\n\n\n<figure class=\"wp-block-image size-large\"><a href=\"https:\/\/historisches-kirchhellen.de\/wp-content\/uploads\/2022\/12\/IMG_1036-scaled.jpg\"><img loading=\"lazy\" decoding=\"async\" width=\"1024\" height=\"713\" data-id=\"22363\" src=\"https:\/\/historisches-kirchhellen.de\/wp-content\/uploads\/2022\/12\/IMG_1036-1024x713.jpg\" alt=\"\" class=\"wp-image-22363\" srcset=\"https:\/\/historisches-kirchhellen.de\/wp-content\/uploads\/2022\/12\/IMG_1036-1024x713.jpg 1024w, https:\/\/historisches-kirchhellen.de\/wp-content\/uploads\/2022\/12\/IMG_1036-300x209.jpg 300w, https:\/\/historisches-kirchhellen.de\/wp-content\/uploads\/2022\/12\/IMG_1036-768x535.jpg 768w, https:\/\/historisches-kirchhellen.de\/wp-content\/uploads\/2022\/12\/IMG_1036-1536x1070.jpg 1536w, https:\/\/historisches-kirchhellen.de\/wp-content\/uploads\/2022\/12\/IMG_1036-2048x1426.jpg 2048w, https:\/\/historisches-kirchhellen.de\/wp-content\/uploads\/2022\/12\/IMG_1036-120x85.jpg 120w\" sizes=\"auto, (max-width: 1024px) 100vw, 1024px\" \/><\/a><figcaption class=\"wp-element-caption\">Quelle: Stadtarchiv Bottrop, Bauakte 00358<\/figcaption><\/figure>\n<\/figure>\n\n\n\n<p>Aus diesen Bildern wird dann mithilfe von CAD ein Modell des Geb\u00e4udes erstellt:<\/p>\n\n\n\n<figure class=\"wp-block-gallery has-nested-images columns-default is-cropped wp-block-gallery-2 is-layout-flex wp-block-gallery-is-layout-flex\">\n<figure class=\"wp-block-image size-large\"><a href=\"https:\/\/historisches-kirchhellen.de\/wp-content\/uploads\/2022\/12\/Modell_monochrom.jpg\"><img loading=\"lazy\" decoding=\"async\" width=\"956\" height=\"667\" data-id=\"22366\" src=\"https:\/\/historisches-kirchhellen.de\/wp-content\/uploads\/2022\/12\/Modell_monochrom.jpg\" alt=\"\" class=\"wp-image-22366\" srcset=\"https:\/\/historisches-kirchhellen.de\/wp-content\/uploads\/2022\/12\/Modell_monochrom.jpg 956w, https:\/\/historisches-kirchhellen.de\/wp-content\/uploads\/2022\/12\/Modell_monochrom-300x209.jpg 300w, https:\/\/historisches-kirchhellen.de\/wp-content\/uploads\/2022\/12\/Modell_monochrom-768x536.jpg 768w, https:\/\/historisches-kirchhellen.de\/wp-content\/uploads\/2022\/12\/Modell_monochrom-120x85.jpg 120w\" sizes=\"auto, (max-width: 956px) 100vw, 956px\" \/><\/a><figcaption class=\"wp-element-caption\">Monochrome Darstellung<\/figcaption><\/figure>\n\n\n\n<figure class=\"wp-block-image size-large\"><a href=\"https:\/\/historisches-kirchhellen.de\/wp-content\/uploads\/2022\/12\/Modell_textur.jpg\"><img loading=\"lazy\" decoding=\"async\" width=\"942\" height=\"755\" data-id=\"22365\" src=\"https:\/\/historisches-kirchhellen.de\/wp-content\/uploads\/2022\/12\/Modell_textur.jpg\" alt=\"\" class=\"wp-image-22365\" srcset=\"https:\/\/historisches-kirchhellen.de\/wp-content\/uploads\/2022\/12\/Modell_textur.jpg 942w, https:\/\/historisches-kirchhellen.de\/wp-content\/uploads\/2022\/12\/Modell_textur-300x240.jpg 300w, https:\/\/historisches-kirchhellen.de\/wp-content\/uploads\/2022\/12\/Modell_textur-768x616.jpg 768w\" sizes=\"auto, (max-width: 942px) 100vw, 942px\" \/><\/a><figcaption class=\"wp-element-caption\">Texturierte Darstellung<\/figcaption><\/figure>\n<\/figure>\n\n\n\n<p>Daraus kann zun\u00e4chst auch eine realistische Darstellung generiert werden. Diese ist allerdings f\u00fcr den Druck des Modells nicht notwendig.<\/p>\n\n\n<div class=\"wp-block-image\">\n<figure class=\"aligncenter size-full is-resized\"><img loading=\"lazy\" decoding=\"async\" src=\"https:\/\/historisches-kirchhellen.de\/wp-content\/uploads\/2022\/12\/Modell_rendering.jpg\" alt=\"\" class=\"wp-image-22367\" width=\"491\" height=\"410\" srcset=\"https:\/\/historisches-kirchhellen.de\/wp-content\/uploads\/2022\/12\/Modell_rendering.jpg 982w, https:\/\/historisches-kirchhellen.de\/wp-content\/uploads\/2022\/12\/Modell_rendering-300x250.jpg 300w, https:\/\/historisches-kirchhellen.de\/wp-content\/uploads\/2022\/12\/Modell_rendering-768x641.jpg 768w\" sizes=\"auto, (max-width: 491px) 100vw, 491px\" \/><figcaption class=\"wp-element-caption\">3D-Modell<\/figcaption><\/figure>\n<\/div>\n\n\n<p>Mithilfe einer speziellen Software wird dann aus dem Modell eine Druckdatei erstellt, die wie folgt aussieht:<\/p>\n\n\n<div class=\"wp-block-image\">\n<figure class=\"aligncenter size-full is-resized\"><img loading=\"lazy\" decoding=\"async\" src=\"https:\/\/historisches-kirchhellen.de\/wp-content\/uploads\/2022\/12\/Modell_druck-1.jpg\" alt=\"\" class=\"wp-image-22369\" width=\"491\" height=\"347\"\/><figcaption class=\"wp-element-caption\">3D-Druckmodell<\/figcaption><\/figure>\n<\/div>\n\n\n<p>Dieses wird dann an den Drucker weitergegeben:<\/p>\n\n\n\n<figure class=\"wp-block-video\"><video height=\"2160\" style=\"aspect-ratio: 3840 \/ 2160;\" width=\"3840\" controls src=\"https:\/\/historisches-kirchhellen.de\/wp-content\/uploads\/2022\/12\/IMG_5449.mp4\"><\/video><\/figure>\n\n\n\n<p>Und so sieht dann das fertige Modell aus:<\/p>\n\n\n<div class=\"wp-block-image\">\n<figure class=\"aligncenter size-large is-resized\"><img loading=\"lazy\" decoding=\"async\" src=\"https:\/\/historisches-kirchhellen.de\/wp-content\/uploads\/2022\/12\/30-1024x768.jpg\" alt=\"\" class=\"wp-image-22293\" width=\"512\" height=\"384\" srcset=\"https:\/\/historisches-kirchhellen.de\/wp-content\/uploads\/2022\/12\/30-1024x768.jpg 1024w, https:\/\/historisches-kirchhellen.de\/wp-content\/uploads\/2022\/12\/30-300x225.jpg 300w, https:\/\/historisches-kirchhellen.de\/wp-content\/uploads\/2022\/12\/30-768x576.jpg 768w, https:\/\/historisches-kirchhellen.de\/wp-content\/uploads\/2022\/12\/30-1536x1152.jpg 1536w, https:\/\/historisches-kirchhellen.de\/wp-content\/uploads\/2022\/12\/30-2048x1536.jpg 2048w\" sizes=\"auto, (max-width: 512px) 100vw, 512px\" \/><\/figure>\n<\/div>","protected":false},"excerpt":{"rendered":"<p>Am Beispiel des Geb\u00e4udes Nr. 30 (Gastwirtschaft Schmidt, Hauptstra\u00dfe 43) wird nachfolgend der Ablauf einer Modellierung dargestellt. Als Grundlage zur Erstellung eines Modells dienen zun\u00e4chst &hellip; <\/p>\n","protected":false},"author":1,"featured_media":0,"parent":22071,"menu_order":0,"comment_status":"closed","ping_status":"closed","template":"","meta":{"_acf_changed":false,"footnotes":""},"class_list":["post-22099","page","type-page","status-publish","hentry"],"acf":[],"jetpack_sharing_enabled":true,"_links":{"self":[{"href":"https:\/\/historisches-kirchhellen.de\/index.php?rest_route=\/wp\/v2\/pages\/22099","targetHints":{"allow":["GET"]}}],"collection":[{"href":"https:\/\/historisches-kirchhellen.de\/index.php?rest_route=\/wp\/v2\/pages"}],"about":[{"href":"https:\/\/historisches-kirchhellen.de\/index.php?rest_route=\/wp\/v2\/types\/page"}],"author":[{"embeddable":true,"href":"https:\/\/historisches-kirchhellen.de\/index.php?rest_route=\/wp\/v2\/users\/1"}],"replies":[{"embeddable":true,"href":"https:\/\/historisches-kirchhellen.de\/index.php?rest_route=%2Fwp%2Fv2%2Fcomments&post=22099"}],"version-history":[{"count":0,"href":"https:\/\/historisches-kirchhellen.de\/index.php?rest_route=\/wp\/v2\/pages\/22099\/revisions"}],"up":[{"embeddable":true,"href":"https:\/\/historisches-kirchhellen.de\/index.php?rest_route=\/wp\/v2\/pages\/22071"}],"wp:attachment":[{"href":"https:\/\/historisches-kirchhellen.de\/index.php?rest_route=%2Fwp%2Fv2%2Fmedia&parent=22099"}],"curies":[{"name":"wp","href":"https:\/\/api.w.org\/{rel}","templated":true}]}}