{"id":22107,"date":"2022-12-07T19:05:41","date_gmt":"2022-12-07T17:05:41","guid":{"rendered":"https:\/\/historisches-kirchhellen.de\/?page_id=22107"},"modified":"2022-12-07T19:05:42","modified_gmt":"2022-12-07T17:05:42","slug":"gebaeude-nr-6","status":"publish","type":"page","link":"https:\/\/historisches-kirchhellen.de\/?page_id=22107","title":{"rendered":"Geb\u00e4ude Nr. 6"},"content":{"rendered":"\n<p><strong>Scheune oder Stall des Landwirtes Joseph Schulte (Oberhofstra\u00dfe 10)<\/strong><\/p>\n\n\n\n<p>Wie auch das benachbarte Geb\u00e4ude Hauptstra\u00dfe 20a geh\u00f6rter dieses Haus fr\u00fcher zum Hof Schulte (zu Kirchhellen), der einst an der Burgstra\u00dfe lag. Schulte (sp\u00e4ter Schulze-Oechtering) verlegte seinen Hof um 1910 zur Hackfurthstra\u00dfe. <\/p>\n\n\n\n<figure class=\"wp-block-gallery has-nested-images columns-default is-cropped wp-block-gallery-1 is-layout-flex wp-block-gallery-is-layout-flex\">\n<figure class=\"wp-block-image size-large\"><a href=\"https:\/\/historisches-kirchhellen.de\/wp-content\/uploads\/2022\/12\/05288.jpg\"><img loading=\"lazy\" decoding=\"async\" width=\"1024\" height=\"736\" data-id=\"22216\" src=\"https:\/\/historisches-kirchhellen.de\/wp-content\/uploads\/2022\/12\/05288-1024x736.jpg\" alt=\"\" class=\"wp-image-22216\" srcset=\"https:\/\/historisches-kirchhellen.de\/wp-content\/uploads\/2022\/12\/05288-1024x736.jpg 1024w, https:\/\/historisches-kirchhellen.de\/wp-content\/uploads\/2022\/12\/05288-300x216.jpg 300w, https:\/\/historisches-kirchhellen.de\/wp-content\/uploads\/2022\/12\/05288-768x552.jpg 768w, https:\/\/historisches-kirchhellen.de\/wp-content\/uploads\/2022\/12\/05288-120x85.jpg 120w, https:\/\/historisches-kirchhellen.de\/wp-content\/uploads\/2022\/12\/05288.jpg 1296w\" sizes=\"auto, (max-width: 1024px) 100vw, 1024px\" \/><\/a><figcaption class=\"wp-element-caption\">um 1920<\/figcaption><\/figure>\n\n\n\n<figure class=\"wp-block-image size-large\"><a href=\"https:\/\/historisches-kirchhellen.de\/wp-content\/uploads\/2022\/12\/6-scaled.jpg\"><img loading=\"lazy\" decoding=\"async\" width=\"1024\" height=\"768\" data-id=\"22217\" src=\"https:\/\/historisches-kirchhellen.de\/wp-content\/uploads\/2022\/12\/6-1024x768.jpg\" alt=\"\" class=\"wp-image-22217\" srcset=\"https:\/\/historisches-kirchhellen.de\/wp-content\/uploads\/2022\/12\/6-1024x768.jpg 1024w, https:\/\/historisches-kirchhellen.de\/wp-content\/uploads\/2022\/12\/6-300x225.jpg 300w, https:\/\/historisches-kirchhellen.de\/wp-content\/uploads\/2022\/12\/6-768x576.jpg 768w, https:\/\/historisches-kirchhellen.de\/wp-content\/uploads\/2022\/12\/6-1536x1152.jpg 1536w, https:\/\/historisches-kirchhellen.de\/wp-content\/uploads\/2022\/12\/6-2048x1536.jpg 2048w\" sizes=\"auto, (max-width: 1024px) 100vw, 1024px\" \/><\/a><figcaption class=\"wp-element-caption\">Modell<\/figcaption><\/figure>\n<\/figure>\n","protected":false},"excerpt":{"rendered":"<p>Scheune oder Stall des Landwirtes Joseph Schulte (Oberhofstra\u00dfe 10) Wie auch das benachbarte Geb\u00e4ude Hauptstra\u00dfe 20a geh\u00f6rter dieses Haus fr\u00fcher zum Hof Schulte (zu Kirchhellen), &hellip; <\/p>\n","protected":false},"author":1,"featured_media":0,"parent":22071,"menu_order":7,"comment_status":"closed","ping_status":"closed","template":"","meta":{"_acf_changed":false,"footnotes":""},"class_list":["post-22107","page","type-page","status-publish","hentry"],"acf":[],"jetpack_sharing_enabled":true,"_links":{"self":[{"href":"https:\/\/historisches-kirchhellen.de\/index.php?rest_route=\/wp\/v2\/pages\/22107","targetHints":{"allow":["GET"]}}],"collection":[{"href":"https:\/\/historisches-kirchhellen.de\/index.php?rest_route=\/wp\/v2\/pages"}],"about":[{"href":"https:\/\/historisches-kirchhellen.de\/index.php?rest_route=\/wp\/v2\/types\/page"}],"author":[{"embeddable":true,"href":"https:\/\/historisches-kirchhellen.de\/index.php?rest_route=\/wp\/v2\/users\/1"}],"replies":[{"embeddable":true,"href":"https:\/\/historisches-kirchhellen.de\/index.php?rest_route=%2Fwp%2Fv2%2Fcomments&post=22107"}],"version-history":[{"count":0,"href":"https:\/\/historisches-kirchhellen.de\/index.php?rest_route=\/wp\/v2\/pages\/22107\/revisions"}],"up":[{"embeddable":true,"href":"https:\/\/historisches-kirchhellen.de\/index.php?rest_route=\/wp\/v2\/pages\/22071"}],"wp:attachment":[{"href":"https:\/\/historisches-kirchhellen.de\/index.php?rest_route=%2Fwp%2Fv2%2Fmedia&parent=22107"}],"curies":[{"name":"wp","href":"https:\/\/api.w.org\/{rel}","templated":true}]}}