{"id":22121,"date":"2022-12-07T19:07:24","date_gmt":"2022-12-07T17:07:24","guid":{"rendered":"https:\/\/historisches-kirchhellen.de\/?page_id=22121"},"modified":"2022-12-07T19:07:25","modified_gmt":"2022-12-07T17:07:25","slug":"gebaeude-nr-13","status":"publish","type":"page","link":"https:\/\/historisches-kirchhellen.de\/?page_id=22121","title":{"rendered":"Geb\u00e4ude Nr. 13"},"content":{"rendered":"\n<p><strong>Wohnhaus und Sattlerei von Heinrich Jandewerth (Dorf 9 &#8211; Am Alten Kirchplatz 11)<\/strong><\/p>\n\n\n\n<p>Das Haus wurde &#8222;Vidum&#8220; oder &#8222;Vid\u00fcmken&#8220; genannt. Es war die urspr\u00fcngliche Wohnung des Pfarrers, also das (lateinische) Vidum, die Pfr\u00fcnde, die dem Pfarrer den Lebensunterhalt sicherte. Es geh\u00f6rte noch Mitte des 19. Jahrhunderts einem Kirchmann, genannt Gro\u00dfe K\u00fcster. Dadurch wird ersichtlich, dass Kirchmann bei Gro\u00dfe K\u00fcster eingeheiratet war. Kirchmann war Winkelier, also ein Gemischtwarenh\u00e4ndler und Wirt. Zwischen 1895 und 1914 kommt das Haus in den Besitz des Sattlermeisters Heinrich Jandewerth. Das Geb\u00e4ude wurde im Jahre 2005 abgebrochen.<\/p>\n\n\n\n<figure class=\"wp-block-gallery has-nested-images columns-default is-cropped wp-block-gallery-1 is-layout-flex wp-block-gallery-is-layout-flex\">\n<figure class=\"wp-block-image size-large\"><a href=\"https:\/\/historisches-kirchhellen.de\/wp-content\/uploads\/2022\/01\/Dorf_9.jpg\"><img loading=\"lazy\" decoding=\"async\" width=\"692\" height=\"462\" data-id=\"21401\" src=\"https:\/\/historisches-kirchhellen.de\/wp-content\/uploads\/2022\/01\/Dorf_9.jpg\" alt=\"\" class=\"wp-image-21401\" srcset=\"https:\/\/historisches-kirchhellen.de\/wp-content\/uploads\/2022\/01\/Dorf_9.jpg 692w, https:\/\/historisches-kirchhellen.de\/wp-content\/uploads\/2022\/01\/Dorf_9-300x200.jpg 300w\" sizes=\"auto, (max-width: 692px) 100vw, 692px\" \/><\/a><figcaption class=\"wp-element-caption\">um 1930<\/figcaption><\/figure>\n\n\n\n<figure class=\"wp-block-image size-large\"><a href=\"https:\/\/historisches-kirchhellen.de\/wp-content\/uploads\/2022\/12\/13-scaled.jpg\"><img loading=\"lazy\" decoding=\"async\" width=\"1024\" height=\"768\" data-id=\"22233\" src=\"https:\/\/historisches-kirchhellen.de\/wp-content\/uploads\/2022\/12\/13-1024x768.jpg\" alt=\"\" class=\"wp-image-22233\" srcset=\"https:\/\/historisches-kirchhellen.de\/wp-content\/uploads\/2022\/12\/13-1024x768.jpg 1024w, https:\/\/historisches-kirchhellen.de\/wp-content\/uploads\/2022\/12\/13-300x225.jpg 300w, https:\/\/historisches-kirchhellen.de\/wp-content\/uploads\/2022\/12\/13-768x576.jpg 768w, https:\/\/historisches-kirchhellen.de\/wp-content\/uploads\/2022\/12\/13-1536x1152.jpg 1536w, https:\/\/historisches-kirchhellen.de\/wp-content\/uploads\/2022\/12\/13-2048x1536.jpg 2048w\" sizes=\"auto, (max-width: 1024px) 100vw, 1024px\" \/><\/a><figcaption class=\"wp-element-caption\">Modell<\/figcaption><\/figure>\n<\/figure>\n","protected":false},"excerpt":{"rendered":"<p>Wohnhaus und Sattlerei von Heinrich Jandewerth (Dorf 9 &#8211; Am Alten Kirchplatz 11) Das Haus wurde &#8222;Vidum&#8220; oder &#8222;Vid\u00fcmken&#8220; genannt. Es war die urspr\u00fcngliche Wohnung &hellip; <\/p>\n","protected":false},"author":1,"featured_media":0,"parent":22071,"menu_order":14,"comment_status":"closed","ping_status":"closed","template":"","meta":{"_acf_changed":false,"footnotes":""},"class_list":["post-22121","page","type-page","status-publish","hentry"],"acf":[],"jetpack_sharing_enabled":true,"_links":{"self":[{"href":"https:\/\/historisches-kirchhellen.de\/index.php?rest_route=\/wp\/v2\/pages\/22121","targetHints":{"allow":["GET"]}}],"collection":[{"href":"https:\/\/historisches-kirchhellen.de\/index.php?rest_route=\/wp\/v2\/pages"}],"about":[{"href":"https:\/\/historisches-kirchhellen.de\/index.php?rest_route=\/wp\/v2\/types\/page"}],"author":[{"embeddable":true,"href":"https:\/\/historisches-kirchhellen.de\/index.php?rest_route=\/wp\/v2\/users\/1"}],"replies":[{"embeddable":true,"href":"https:\/\/historisches-kirchhellen.de\/index.php?rest_route=%2Fwp%2Fv2%2Fcomments&post=22121"}],"version-history":[{"count":0,"href":"https:\/\/historisches-kirchhellen.de\/index.php?rest_route=\/wp\/v2\/pages\/22121\/revisions"}],"up":[{"embeddable":true,"href":"https:\/\/historisches-kirchhellen.de\/index.php?rest_route=\/wp\/v2\/pages\/22071"}],"wp:attachment":[{"href":"https:\/\/historisches-kirchhellen.de\/index.php?rest_route=%2Fwp%2Fv2%2Fmedia&parent=22121"}],"curies":[{"name":"wp","href":"https:\/\/api.w.org\/{rel}","templated":true}]}}