{"id":22135,"date":"2022-12-07T19:09:02","date_gmt":"2022-12-07T17:09:02","guid":{"rendered":"https:\/\/historisches-kirchhellen.de\/?page_id=22135"},"modified":"2022-12-07T19:09:04","modified_gmt":"2022-12-07T17:09:04","slug":"gebaeude-nr-20","status":"publish","type":"page","link":"https:\/\/historisches-kirchhellen.de\/?page_id=22135","title":{"rendered":"Geb\u00e4ude Nr. 20"},"content":{"rendered":"\n<p><strong>Gastwirtschaft und Spezereiwarenhandlung von Georg G\u00fclker (Dorf 7 &#8211; Am Alten Kirchplatz 13)<\/strong><\/p>\n\n\n\n<p>Das Haus wurde 1820 erbaut und steht heute noch. In fr\u00fcherer Zeit beherbergte das Haus eine Gastwirtschaft. Danach war dort das Elektrogesch\u00e4ft S\u00f6ller untergebracht. Heute wird es von der Dorf-Apotheke genutzt.<\/p>\n\n\n\n<p>Im Adressbuch von 1914 sind hier verzeichnet:<br>G\u00fclker, Georg, Wirt und Spezereiwarenh\u00e4ndler (Eigent\u00fcmer)<br>Lux, Maria, N\u00e4herin<\/p>\n\n\n\n<figure class=\"wp-block-gallery has-nested-images columns-default is-cropped wp-block-gallery-1 is-layout-flex wp-block-gallery-is-layout-flex\">\n<figure class=\"wp-block-image size-large\"><a href=\"https:\/\/historisches-kirchhellen.de\/wp-content\/uploads\/2022\/01\/Dorf_7.jpg\"><img loading=\"lazy\" decoding=\"async\" width=\"1024\" height=\"682\" data-id=\"21399\" src=\"https:\/\/historisches-kirchhellen.de\/wp-content\/uploads\/2022\/01\/Dorf_7-1024x682.jpg\" alt=\"\" class=\"wp-image-21399\" srcset=\"https:\/\/historisches-kirchhellen.de\/wp-content\/uploads\/2022\/01\/Dorf_7-1024x682.jpg 1024w, https:\/\/historisches-kirchhellen.de\/wp-content\/uploads\/2022\/01\/Dorf_7-300x200.jpg 300w, https:\/\/historisches-kirchhellen.de\/wp-content\/uploads\/2022\/01\/Dorf_7-768x512.jpg 768w, https:\/\/historisches-kirchhellen.de\/wp-content\/uploads\/2022\/01\/Dorf_7-1536x1023.jpg 1536w, https:\/\/historisches-kirchhellen.de\/wp-content\/uploads\/2022\/01\/Dorf_7-700x465.jpg 700w, https:\/\/historisches-kirchhellen.de\/wp-content\/uploads\/2022\/01\/Dorf_7.jpg 1663w\" sizes=\"auto, (max-width: 1024px) 100vw, 1024px\" \/><\/a><figcaption class=\"wp-element-caption\">um 1935<\/figcaption><\/figure>\n\n\n\n<figure class=\"wp-block-image size-large\"><a href=\"https:\/\/historisches-kirchhellen.de\/wp-content\/uploads\/2022\/12\/20-scaled.jpg\"><img loading=\"lazy\" decoding=\"async\" width=\"1024\" height=\"768\" data-id=\"22257\" src=\"https:\/\/historisches-kirchhellen.de\/wp-content\/uploads\/2022\/12\/20-1024x768.jpg\" alt=\"\" class=\"wp-image-22257\" srcset=\"https:\/\/historisches-kirchhellen.de\/wp-content\/uploads\/2022\/12\/20-1024x768.jpg 1024w, https:\/\/historisches-kirchhellen.de\/wp-content\/uploads\/2022\/12\/20-300x225.jpg 300w, https:\/\/historisches-kirchhellen.de\/wp-content\/uploads\/2022\/12\/20-768x576.jpg 768w, https:\/\/historisches-kirchhellen.de\/wp-content\/uploads\/2022\/12\/20-1536x1152.jpg 1536w, https:\/\/historisches-kirchhellen.de\/wp-content\/uploads\/2022\/12\/20-2048x1536.jpg 2048w\" sizes=\"auto, (max-width: 1024px) 100vw, 1024px\" \/><\/a><figcaption class=\"wp-element-caption\">Modell<\/figcaption><\/figure>\n<\/figure>\n","protected":false},"excerpt":{"rendered":"<p>Gastwirtschaft und Spezereiwarenhandlung von Georg G\u00fclker (Dorf 7 &#8211; Am Alten Kirchplatz 13) Das Haus wurde 1820 erbaut und steht heute noch. In fr\u00fcherer Zeit &hellip; <\/p>\n","protected":false},"author":1,"featured_media":0,"parent":22071,"menu_order":21,"comment_status":"closed","ping_status":"closed","template":"","meta":{"_acf_changed":false,"footnotes":""},"class_list":["post-22135","page","type-page","status-publish","hentry"],"acf":[],"jetpack_sharing_enabled":true,"_links":{"self":[{"href":"https:\/\/historisches-kirchhellen.de\/index.php?rest_route=\/wp\/v2\/pages\/22135","targetHints":{"allow":["GET"]}}],"collection":[{"href":"https:\/\/historisches-kirchhellen.de\/index.php?rest_route=\/wp\/v2\/pages"}],"about":[{"href":"https:\/\/historisches-kirchhellen.de\/index.php?rest_route=\/wp\/v2\/types\/page"}],"author":[{"embeddable":true,"href":"https:\/\/historisches-kirchhellen.de\/index.php?rest_route=\/wp\/v2\/users\/1"}],"replies":[{"embeddable":true,"href":"https:\/\/historisches-kirchhellen.de\/index.php?rest_route=%2Fwp%2Fv2%2Fcomments&post=22135"}],"version-history":[{"count":0,"href":"https:\/\/historisches-kirchhellen.de\/index.php?rest_route=\/wp\/v2\/pages\/22135\/revisions"}],"up":[{"embeddable":true,"href":"https:\/\/historisches-kirchhellen.de\/index.php?rest_route=\/wp\/v2\/pages\/22071"}],"wp:attachment":[{"href":"https:\/\/historisches-kirchhellen.de\/index.php?rest_route=%2Fwp%2Fv2%2Fmedia&parent=22135"}],"curies":[{"name":"wp","href":"https:\/\/api.w.org\/{rel}","templated":true}]}}