{"id":22139,"date":"2022-12-04T13:24:09","date_gmt":"2022-12-04T11:24:09","guid":{"rendered":"https:\/\/historisches-kirchhellen.de\/?page_id=22139"},"modified":"2022-12-07T19:09:40","modified_gmt":"2022-12-07T17:09:40","slug":"gebaeude-nr-22","status":"publish","type":"page","link":"https:\/\/historisches-kirchhellen.de\/?page_id=22139","title":{"rendered":"Geb\u00e4ude Nr. 22"},"content":{"rendered":"\n<p><strong>Wohnhaus und Gastwirtschaft von Johann M\u00f6ller (Dorf 3\/1 &#8211; Hauptstra\u00dfe 33)<\/strong><\/p>\n\n\n\n<p>Anfang des 20. Jahrhunderts geh\u00f6rte das Haus der Familie M\u00f6ller. In dem Haus war damals auch eine Gastwirtschaft eingerichtet. Um 1936 wurde das Haus an Franz Vosselmann verkauft, der eine Anstreicherwerkstatt betrieb. Kurz vor Kriegsende 1945 wurde das Haus durch einen Minen-Volltreffer vollst\u00e4ndig zerst\u00f6rt. Nach dem Krieg baute Franz Vosselmann dort neu.<\/p>\n\n\n\n<p>Im Adressbuch von 1914 sind verzeichnet:<br>M\u00f6ller, Johann, Witwer, Wirt (Eigent\u00fcmer)<br>M\u00f6ller, Rudolf, B\u00e4ckergeselle<br>Rentmeister, Maria, Haush\u00e4lterin<br>Rentmeister, Bernhard, Schneider<br>Ahrens, Johann, Friseur<\/p>\n\n\n\n<p>Von diesem Geb\u00e4ude sind keine Fotos bekannt. Es wurde anhand eines alten Bauplanes rekonstruiert.<\/p>\n\n\n\n<figure class=\"wp-block-gallery has-nested-images columns-default is-cropped wp-block-gallery-1 is-layout-flex wp-block-gallery-is-layout-flex\">\n<figure class=\"wp-block-image size-large\"><a href=\"https:\/\/historisches-kirchhellen.de\/wp-content\/uploads\/2022\/12\/22-scaled.jpg\"><img loading=\"lazy\" decoding=\"async\" width=\"1024\" height=\"768\" data-id=\"22265\" src=\"https:\/\/historisches-kirchhellen.de\/wp-content\/uploads\/2022\/12\/22-1024x768.jpg\" alt=\"\" class=\"wp-image-22265\" srcset=\"https:\/\/historisches-kirchhellen.de\/wp-content\/uploads\/2022\/12\/22-1024x768.jpg 1024w, https:\/\/historisches-kirchhellen.de\/wp-content\/uploads\/2022\/12\/22-300x225.jpg 300w, https:\/\/historisches-kirchhellen.de\/wp-content\/uploads\/2022\/12\/22-768x576.jpg 768w, https:\/\/historisches-kirchhellen.de\/wp-content\/uploads\/2022\/12\/22-1536x1152.jpg 1536w, https:\/\/historisches-kirchhellen.de\/wp-content\/uploads\/2022\/12\/22-2048x1536.jpg 2048w\" sizes=\"auto, (max-width: 1024px) 100vw, 1024px\" \/><\/a><figcaption class=\"wp-element-caption\">Modell<\/figcaption><\/figure>\n<\/figure>\n","protected":false},"excerpt":{"rendered":"<p>Wohnhaus und Gastwirtschaft von Johann M\u00f6ller (Dorf 3\/1 &#8211; Hauptstra\u00dfe 33) Anfang des 20. Jahrhunderts geh\u00f6rte das Haus der Familie M\u00f6ller. In dem Haus war &hellip; <\/p>\n","protected":false},"author":1,"featured_media":0,"parent":22071,"menu_order":23,"comment_status":"closed","ping_status":"closed","template":"","meta":{"_acf_changed":false,"footnotes":""},"class_list":["post-22139","page","type-page","status-publish","hentry"],"acf":[],"jetpack_sharing_enabled":true,"_links":{"self":[{"href":"https:\/\/historisches-kirchhellen.de\/index.php?rest_route=\/wp\/v2\/pages\/22139","targetHints":{"allow":["GET"]}}],"collection":[{"href":"https:\/\/historisches-kirchhellen.de\/index.php?rest_route=\/wp\/v2\/pages"}],"about":[{"href":"https:\/\/historisches-kirchhellen.de\/index.php?rest_route=\/wp\/v2\/types\/page"}],"author":[{"embeddable":true,"href":"https:\/\/historisches-kirchhellen.de\/index.php?rest_route=\/wp\/v2\/users\/1"}],"replies":[{"embeddable":true,"href":"https:\/\/historisches-kirchhellen.de\/index.php?rest_route=%2Fwp%2Fv2%2Fcomments&post=22139"}],"version-history":[{"count":0,"href":"https:\/\/historisches-kirchhellen.de\/index.php?rest_route=\/wp\/v2\/pages\/22139\/revisions"}],"up":[{"embeddable":true,"href":"https:\/\/historisches-kirchhellen.de\/index.php?rest_route=\/wp\/v2\/pages\/22071"}],"wp:attachment":[{"href":"https:\/\/historisches-kirchhellen.de\/index.php?rest_route=%2Fwp%2Fv2%2Fmedia&parent=22139"}],"curies":[{"name":"wp","href":"https:\/\/api.w.org\/{rel}","templated":true}]}}